{"id":18074,"date":"2015-11-18T17:56:12","date_gmt":"2015-11-18T16:56:12","guid":{"rendered":"http:\/\/innocentiemangonipiante.it\/?page_id=18074"},"modified":"2024-01-16T17:55:28","modified_gmt":"2024-01-16T16:55:28","slug":"sense-of-beauty","status":"publish","type":"page","link":"https:\/\/innocentiemangonipiante.it\/fr\/sense-of-beauty\/","title":{"rendered":"SENSE OF BEAUTY \u00ae"},"content":{"rendered":"<h1>Sense of beauty \u00ae<\/h1>\n<div>\n<p>La beaut\u00e9 est l\u2019ensemble des qualit\u00e9s per\u00e7ues par les cinq sens, qui suscitent des sensations agr\u00e9ables que nous attribuons \u00e0 des concepts, des objets, des animaux ou des personnes dans l\u2019univers observ\u00e9, que nous sentons instantan\u00e9ment au cours de l\u2019exp\u00e9rience, qui se d\u00e9veloppe spontan\u00e9ment et tend \u00e0 se connecter \u00e0 un contenu \u00e9motionnel positif, suite \u00e0 une comparaison rapide effectu\u00e9e consciemment ou inconsciemment.<\/p>\n<p>Dans son sens le plus profond, la beaut\u00e9 g\u00e9n\u00e8re un sentiment de r\u00e9flexion bienveillante sur le sens de sa propre existence dans le monde naturel.<\/p>\n<\/div>\n<p><img decoding=\"async\" src=\"\/wp-content\/uploads\/2023\/07\/1IN8109-scaled.jpg\" alt=\"\" title=\"\"><\/p>\n<ul>\n<li>\n<p>        <img decoding=\"async\" src=\"\/wp-content\/uploads\/2023\/07\/sense-of-beauty-iem1.jpg\" alt=\"\" title=\"\"><\/p>\n<div>sense-of-beauty-iem1<\/div>\n<\/li>\n<li>\n<p>        <img decoding=\"async\" src=\"\/wp-content\/uploads\/2023\/07\/sense-of-beauty-iem2.jpg\" alt=\"\" title=\"\"><\/p>\n<div>sense-of-beauty-iem2<\/div>\n<\/li>\n<li>\n<p>        <img decoding=\"async\" src=\"\/wp-content\/uploads\/2023\/07\/sense-of-beauty-iem3.jpg\" alt=\"\" title=\"\"><\/p>\n<div>sense-of-beauty-iem3<\/div>\n<\/li>\n<li>\n<p>        <img decoding=\"async\" src=\"\/wp-content\/uploads\/2023\/07\/sense-of-beauty-iem4.jpg\" alt=\"\" title=\"\"><\/p>\n<div>sense-of-beauty-iem4<\/div>\n<\/li>\n<li>\n<p>        <img decoding=\"async\" src=\"\/wp-content\/uploads\/2023\/07\/sense-of-beauty-iem5.jpg\" alt=\"\" title=\"\"><\/p>\n<div>sense-of-beauty-iem5<\/div>\n<\/li>\n<li>\n<p>        <img decoding=\"async\" src=\"\/wp-content\/uploads\/2023\/07\/sense-of-beauty-iem6.jpg\" alt=\"\" title=\"\"><\/p>\n<div>sense-of-beauty-iem6<\/div>\n<\/li>\n<\/ul>\n<p><!--more--><br \/>\n<!-- {\"type\":\"layout\",\"children\":[{\"name\":\"Hero\",\"type\":\"section\",\"props\":{\"header_transparent\":\"dark\",\"header_transparent_noplaceholder\":true,\"height\":\"percent\",\"image\":\"wp-content\\\/uploads\\\/2023\\\/07\\\/sense-of-beauty-iem.jpg\",\"image_position\":\"center-center\",\"image_size\":\"cover\",\"image_width\":\"2560\",\"overlap\":false,\"padding\":\"xlarge\",\"style\":\"secondary\",\"title_breakpoint\":\"xl\",\"title_position\":\"top-left\",\"title_rotation\":\"left\",\"vertical_align\":\"middle\",\"video_height\":\"1200\",\"width\":\"\"},\"children\":[{\"type\":\"row\",\"children\":[{\"type\":\"column\",\"props\":{\"image_position\":\"center-center\",\"position_sticky_breakpoint\":\"m\",\"width_medium\":\"1-1\"}}]}]},{\"name\":\"About\",\"type\":\"section\",\"props\":{\"animation\":\"fade\",\"image_position\":\"center-center\",\"overlap\":true,\"padding\":\"large\",\"padding_remove_bottom\":false,\"style\":\"default\",\"title_breakpoint\":\"xl\",\"title_position\":\"top-left\",\"title_rotation\":\"left\",\"vertical_align\":\"middle\",\"width\":\"large\"},\"children\":[{\"type\":\"row\",\"props\":{\"column_gap\":\"large\",\"layout\":\"1-2,1-2\",\"row_gap\":\"large\"},\"children\":[{\"type\":\"column\",\"props\":{\"image_position\":\"center-center\",\"position_sticky_breakpoint\":\"m\",\"vertical_align\":\"middle\",\"width_medium\":\"1-2\"},\"children\":[{\"type\":\"headline\",\"props\":{\"content\":\"Sense of beauty \\u00ae\",\"margin\":\"remove-vertical\",\"title_color\":\"primary\",\"title_element\":\"h1\",\"title_style\":\"heading-medium\"}},{\"type\":\"text\",\"props\":{\"column_breakpoint\":\"m\",\"content\":\"\n\n<p>La beaut\\u00e9 est l\\u2019ensemble des qualit\\u00e9s per\\u00e7ues par les cinq sens, qui suscitent des sensations agr\\u00e9ables que nous attribuons \\u00e0 des concepts, des objets, des animaux ou des personnes dans l\\u2019univers observ\\u00e9, que nous sentons instantan\\u00e9ment au cours de l\\u2019exp\\u00e9rience, qui se d\\u00e9veloppe spontan\\u00e9ment et tend \\u00e0 se connecter \\u00e0 un contenu \\u00e9motionnel positif, suite \\u00e0 une comparaison rapide effectu\\u00e9e consciemment ou inconsciemment.<\\\/p>\\n\n\n<p>Dans son sens le plus profond, la beaut\\u00e9 g\\u00e9n\\u00e8re un sentiment de r\\u00e9flexion bienveillante sur le sens de sa propre existence dans le monde naturel.<\\\/p>\",\"margin\":\"default\"}}]},{\"type\":\"column\",\"props\":{\"image_position\":\"center-center\",\"position_sticky_breakpoint\":\"m\",\"width_medium\":\"1-2\"},\"children\":[{\"type\":\"image\",\"props\":{\"image\":\"wp-content\\\/uploads\\\/2023\\\/07\\\/1IN8109-scaled.jpg\",\"image_svg_color\":\"emphasis\",\"margin\":\"default\"}}]}]}]},{\"name\":\"Benefits\",\"type\":\"section\",\"props\":{\"image_position\":\"center-center\",\"image_size\":\"cover\",\"padding\":\"large\",\"padding_remove_bottom\":true,\"padding_remove_top\":true,\"style\":\"default\",\"title_breakpoint\":\"xl\",\"title_position\":\"top-left\",\"title_rotation\":\"left\",\"vertical_align\":\"middle\",\"width\":\"\"},\"children\":[{\"type\":\"row\",\"children\":[{\"type\":\"column\",\"props\":{\"image_position\":\"center-center\",\"position_sticky_breakpoint\":\"m\",\"width_medium\":\"1-1\"},\"children\":[{\"type\":\"headline\",\"props\":{\"content\":\"Lorem ipsum dolor sit amet, consectetur adipiscing elit\",\"margin\":\"large\",\"margin_remove_top\":true,\"status\":\"disabled\",\"text_align\":\"center\",\"title_color\":\"primary\",\"title_element\":\"div\",\"title_style\":\"heading-small\"}},{\"type\":\"gallery\",\"props\":{\"filter_align\":\"left\",\"filter_all\":true,\"filter_grid_breakpoint\":\"m\",\"filter_grid_width\":\"auto\",\"filter_position\":\"top\",\"filter_style\":\"tab\",\"grid_column_align\":false,\"grid_column_gap\":\"collapse\",\"grid_default\":\"1\",\"grid_medium\":\"3\",\"grid_row_align\":false,\"grid_row_gap\":\"collapse\",\"image_height\":\"700\",\"image_transition\":\"scale-up\",\"image_width\":\"1000\",\"item_animation\":true,\"lightbox\":true,\"link_style\":\"default\",\"link_text\":\"\",\"margin\":\"default\",\"meta_align\":\"below-title\",\"meta_element\":\"div\",\"meta_style\":\"text-meta\",\"overlay_hover\":false,\"overlay_link\":true,\"overlay_mode\":\"cover\",\"overlay_padding\":\"none\",\"overlay_position\":\"center\",\"overlay_style\":\"\",\"overlay_transition\":\"scale-up\",\"show_content\":true,\"show_hover_image\":true,\"show_link\":true,\"show_meta\":true,\"show_title\":false,\"text_align\":\"center\",\"text_color\":\"\",\"title_element\":\"div\",\"title_hover_style\":\"reset\"},\"children\":[{\"type\":\"gallery_item\",\"props\":{\"image\":\"wp-content\\\/uploads\\\/2023\\\/07\\\/sense-of-beauty-iem1.jpg\",\"title\":\"sense-of-beauty-iem1\"}},{\"type\":\"gallery_item\",\"props\":{\"image\":\"wp-content\\\/uploads\\\/2023\\\/07\\\/sense-of-beauty-iem2.jpg\",\"title\":\"sense-of-beauty-iem2\"}},{\"type\":\"gallery_item\",\"props\":{\"image\":\"wp-content\\\/uploads\\\/2023\\\/07\\\/sense-of-beauty-iem3.jpg\",\"title\":\"sense-of-beauty-iem3\"}},{\"type\":\"gallery_item\",\"props\":{\"image\":\"wp-content\\\/uploads\\\/2023\\\/07\\\/sense-of-beauty-iem4.jpg\",\"title\":\"sense-of-beauty-iem4\"}},{\"type\":\"gallery_item\",\"props\":{\"image\":\"wp-content\\\/uploads\\\/2023\\\/07\\\/sense-of-beauty-iem5.jpg\",\"title\":\"sense-of-beauty-iem5\"}},{\"type\":\"gallery_item\",\"props\":{\"image\":\"wp-content\\\/uploads\\\/2023\\\/07\\\/sense-of-beauty-iem6.jpg\",\"title\":\"sense-of-beauty-iem6\"}}]}]}]}]}],\"version\":\"4.2.11\",\"yooessentialsVersion\":\"2.1.5\"} --><\/p>\n","protected":false},"excerpt":{"rendered":"<p>Qualit\u00e0 per Natura<\/p>\n<p><p style=\"margin: 20px 0px; color: #3c3c3c; font-family: 'Open Sans'; font-size: 15px; text-align: justify;\">La bellezza \u00e8 l&rsquo;insieme delle qualit\u00e0 percepite tramite i cinque sensi, che suscitano sensazioni piacevoli che attribuiamo a concetti, oggetti, animali o persone nell&rsquo;universo osservato, che si sente istantaneamente durante l&rsquo;esperienza, che si sviluppa spontaneamente e tende a collegarsi ad un contenuto emozionale positivo, in seguito ad un rapido paragone effettuato consciamente od inconsciamente.<\/p>\n<p style=\"margin: 20px 0px; color: #3c3c3c; font-family: 'Open Sans'; font-size: 15px; text-align: justify;\">Nel suo senso pi\u00f9 profondo, la bellezza genera un senso di riflessione benevola sul significato della propria esistenza dentro il mondo naturale.<\/p><\/p>\n","protected":false},"author":2,"featured_media":7354,"parent":0,"menu_order":19,"comment_status":"open","ping_status":"open","template":"","meta":{"_acf_changed":false,"footnotes":""},"class_list":["post-18074","page","type-page","status-publish","has-post-thumbnail","hentry"],"acf":[],"_links":{"self":[{"href":"https:\/\/innocentiemangonipiante.it\/fr\/wp-json\/wp\/v2\/pages\/18074","targetHints":{"allow":["GET"]}}],"collection":[{"href":"https:\/\/innocentiemangonipiante.it\/fr\/wp-json\/wp\/v2\/pages"}],"about":[{"href":"https:\/\/innocentiemangonipiante.it\/fr\/wp-json\/wp\/v2\/types\/page"}],"author":[{"embeddable":true,"href":"https:\/\/innocentiemangonipiante.it\/fr\/wp-json\/wp\/v2\/users\/2"}],"replies":[{"embeddable":true,"href":"https:\/\/innocentiemangonipiante.it\/fr\/wp-json\/wp\/v2\/comments?post=18074"}],"version-history":[{"count":0,"href":"https:\/\/innocentiemangonipiante.it\/fr\/wp-json\/wp\/v2\/pages\/18074\/revisions"}],"wp:featuredmedia":[{"embeddable":true,"href":"https:\/\/innocentiemangonipiante.it\/fr\/wp-json\/wp\/v2\/media\/7354"}],"wp:attachment":[{"href":"https:\/\/innocentiemangonipiante.it\/fr\/wp-json\/wp\/v2\/media?parent=18074"}],"curies":[{"name":"wp","href":"https:\/\/api.w.org\/{rel}","templated":true}]}}