{"id":7672,"date":"2017-05-01T12:15:00","date_gmt":"2017-05-01T10:15:00","guid":{"rendered":"http:\/\/innocentiemangonipiante.it\/2017\/05\/01\/plantes-de-qualite\/"},"modified":"2026-02-19T15:27:25","modified_gmt":"2026-02-19T14:27:25","slug":"nous-ameliorons-la-qualite-des-plantes","status":"publish","type":"page","link":"https:\/\/innocentiemangonipiante.it\/fr\/nous-ameliorons-la-qualite-des-plantes\/","title":{"rendered":"Plantes de qualit\u00e8"},"content":{"rendered":"<h1>Racines solides: deux familles, un projet commun<\/h1>\n<div>\n<p><strong>Nous sommes n\u00e9s ici, \u00e0 Pistoia, au c\u0153ur de la Toscane, berceau incontest\u00e9 de la culture et de la beaut\u00e9. <\/strong><\/p>\n<p>Il y a <strong>75<\/strong>\u00a0ans sur nos terres, nous avons plant\u00e9 les premi\u00e8res graines, arros\u00e9 les premi\u00e8res productions et soign\u00e9 les premi\u00e8res petites plantes qui, au fil du temps, ont grandi avec notre entreprise et tous les gens qui l\u2019animent chaque jour.<\/p>\n<p>La <strong>passion<\/strong> pour cette terre, l\u2019<strong>amour<\/strong> pour le dur travail, le profond <strong>respect<\/strong> de la nature, de nos collaborateurs et de nos clients sont les valeurs que nous cultivons avec soin et qui guident nos choix. <strong>Toujours<\/strong>.<\/p>\n<p>Notre histoire est celle de deux familles, <strong>Innocenti et Mangoni<\/strong>, qui gr\u00e2ce \u00e0 leurs union ils ont fond\u00e9e une importante p\u00e9pini\u00e8re de plus en plus engag\u00e9e dans la culture durable.<\/p>\n<p><strong>Agostino Innocenti<\/strong> et <strong>Marcello Mangoni<\/strong> ont \u00e9t\u00e9 les premiers \u00e0 cultiver les plantes, ils en ont pris soin, ils les ont vus pousser et se transformer en arbres luxuriants, tombant amoureux de leur travail jour apr\u00e8s jour.<\/p>\n<p>C\u2019est gr\u00e2ce \u00e0 la <strong>passion<\/strong> qu\u2019ils ont transmise \u00e0 leurs enfants et petits-enfants que l\u2019entreprise a pu grandir et se d\u00e9velopper en Italie et dans le monde.<\/p>\n<\/div>\n<ul>\n<li>\n<p>        <img decoding=\"async\" src=\"\/wp-content\/uploads\/2023\/09\/ritratto-agostino-innocenti.jpg\" alt=\"Ritratto Agostino Innocenti\" title=\"\"><\/p>\n<div>Agostino Innocenti<\/div>\n<\/li>\n<li>\n<p>        <img decoding=\"async\" src=\"\/wp-content\/uploads\/2023\/09\/ritratto-marcello-mangoni.jpg\" alt=\"Ritratto Marcello Mangoni\" title=\"\"><\/p>\n<div>Marcello Mangoni<\/div>\n<\/li>\n<\/ul>\n<h3>\n<div class=\"page\" title=\"Page 11\">\n<div class=\"section\">\n<div class=\"layoutArea\">\n<div class=\"column\">\n<p><b>QUALITY<br \/>PLANTS<\/b><\/p>\n<\/div>\n<\/div>\n<\/div>\n<\/div>\n<\/h3>\n<div>\n<div class=\"page\" title=\"Page 12\">\n<div class=\"layoutArea\">\n<div class=\"column\">\n<p>Plus de <strong>1600 vari\u00e9t\u00e9s<\/strong> de plantes dans <strong>19 sites<\/strong> concentr\u00e9s dans la plaine fertile de Pistoia pour un total de <strong>355 hectares de p\u00e9pini\u00e8res<\/strong>.<\/p>\n<p>Nous produisons des arbres et conif\u00e8res, des essences m\u00e9diterran\u00e9ennes, des arbres fruitiers, des plantes de haies, des rosiers, des plantes form\u00e9es pour l\u2019art <a href=\"https:\/\/innocentiemangonipiante.it\/fr\/art-topiaire-plantes-avec-formes\/\">topiaire<\/a>, des gramin\u00e9es, des vivaces et des foug\u00e8res.<\/p>\n<p>Notre but est obtenir la plus haute qualit\u00e9 de notre travail, dans le plus grand respect de l\u2019environnement et des valeurs de notre entreprise.<\/p>\n<p>C\u2019est le significat que nous donnons \u00e0 la qualit\u00e9, possible gr\u00e2ce \u00e0 notre \u00e9quipe de travail form\u00e9 par des professionels constamment mise \u00e0 jour, gr\u00e2ce aux technologies et au respect d\u2019un protocole de travail qui garantit \u00e0 nos clients le meilleur produit qu\u2019ils peuvent trouver sur le march\u00e9.<span> <\/span><\/p>\n<\/div>\n<\/div>\n<\/div>\n<\/div>\n<p><img decoding=\"async\" src=\"\/wp-content\/uploads\/2023\/06\/1IN8243-team-2022.jpeg\" alt=\"\" title=\"\"><\/p>\n<ul>\n<li>\n<h3>Production<\/h3>\n<\/li>\n<li>\n<h3>Durabilit\u00e9<\/h3>\n<\/li>\n<li>\n<h3>Services<\/h3>\n<\/li>\n<\/ul>\n<p><!--more--><br \/>\n<!-- {\"type\":\"layout\",\"children\":[{\"name\":\"testata azienda 2024 - TUTTE\",\"type\":\"section\",\"props\":{\"header_transparent\":\"dark\",\"header_transparent_noplaceholder\":true,\"height\":\"percent\",\"image\":\"wp-content\\\/uploads\\\/2023\\\/06\\\/1IN1293-5.jpeg\",\"image_position\":\"center-center\",\"image_size\":\"cover\",\"image_width\":\"2560\",\"padding\":\"small\",\"padding_remove_bottom\":false,\"padding_remove_top\":false,\"style\":\"default\",\"text_color\":\"light\",\"title_breakpoint\":\"xl\",\"title_position\":\"top-left\",\"title_rotation\":\"left\",\"vertical_align\":\"bottom\",\"width\":\"xlarge\"},\"children\":[{\"type\":\"row\",\"children\":[{\"type\":\"column\",\"props\":{\"image_position\":\"center-center\",\"position_sticky_breakpoint\":\"m\",\"width_medium\":\"1-1\"}}]}]},{\"type\":\"section\",\"props\":{\"image_position\":\"center-center\",\"padding\":\"large\",\"padding_remove_bottom\":false,\"padding_remove_top\":false,\"style\":\"default\",\"text_color\":\"light\",\"title_breakpoint\":\"xl\",\"title_position\":\"top-left\",\"title_rotation\":\"left\",\"vertical_align\":\"middle\",\"width\":\"large\"},\"children\":[{\"type\":\"row\",\"props\":{\"width\":\"default\"},\"children\":[{\"type\":\"column\",\"props\":{\"image_position\":\"center-center\",\"position_sticky_breakpoint\":\"m\",\"width_medium\":\"1-1\"},\"children\":[{\"type\":\"headline\",\"props\":{\"content\":\"Racines solides: deux familles, un projet commun\",\"margin\":\"default\",\"text_align\":\"left\",\"text_align_breakpoint\":\"m\",\"text_align_fallback\":\"center\",\"title_color\":\"primary\",\"title_element\":\"h1\",\"title_style\":\"heading-medium\"}},{\"type\":\"text\",\"props\":{\"column\":\"1-2\",\"column_breakpoint\":\"m\",\"content\":\"\n\n<p><strong>Nous sommes n\\u00e9s ici, \\u00e0 Pistoia, au c\\u0153ur de la Toscane, berceau incontest\\u00e9 de la culture et de la beaut\\u00e9. <\\\/strong><\\\/p>\\n\n\n<p>Il y a <strong>75<\\\/strong>\\u00a0ans sur nos terres, nous avons plant\\u00e9 les premi\\u00e8res graines, arros\\u00e9 les premi\\u00e8res productions et soign\\u00e9 les premi\\u00e8res petites plantes qui, au fil du temps, ont grandi avec notre entreprise et tous les gens qui l\\u2019animent chaque jour.<\\\/p>\\n\n\n<p>La <strong>passion<\\\/strong> pour cette terre, l\\u2019<strong>amour<\\\/strong> pour le dur travail, le profond <strong>respect<\\\/strong> de la nature, de nos collaborateurs et de nos clients sont les valeurs que nous cultivons avec soin et qui guident nos choix. <strong>Toujours<\\\/strong>.<\\\/p>\\n\n\n<p>Notre histoire est celle de deux familles, <strong>Innocenti et Mangoni<\\\/strong>, qui gr\\u00e2ce \\u00e0 leurs union ils ont fond\\u00e9e une importante p\\u00e9pini\\u00e8re de plus en plus engag\\u00e9e dans la culture durable.<\\\/p>\\n\n\n<p><strong>Agostino Innocenti<\\\/strong> et <strong>Marcello Mangoni<\\\/strong> ont \\u00e9t\\u00e9 les premiers \\u00e0 cultiver les plantes, ils en ont pris soin, ils les ont vus pousser et se transformer en arbres luxuriants, tombant amoureux de leur travail jour apr\\u00e8s jour.<\\\/p>\\n\n\n<p>C\\u2019est gr\\u00e2ce \\u00e0 la <strong>passion<\\\/strong> qu\\u2019ils ont transmise \\u00e0 leurs enfants et petits-enfants que l\\u2019entreprise a pu grandir et se d\\u00e9velopper en Italie et dans le monde.<\\\/p>\",\"margin\":\"default\"}},{\"type\":\"grid\",\"props\":{\"content_column_breakpoint\":\"m\",\"filter_align\":\"left\",\"filter_all\":true,\"filter_grid_breakpoint\":\"m\",\"filter_grid_width\":\"auto\",\"filter_position\":\"top\",\"filter_style\":\"tab\",\"grid_default\":\"1\",\"grid_medium\":\"\",\"grid_small\":\"2\",\"icon_width\":80,\"image_align\":\"top\",\"image_grid_breakpoint\":\"m\",\"image_grid_width\":\"1-2\",\"image_svg_color\":\"emphasis\",\"item_animation\":true,\"lightbox\":false,\"link_style\":\"default\",\"link_text\":\"\",\"margin\":\"default\",\"meta_align\":\"below-title\",\"meta_element\":\"div\",\"meta_style\":\"text-meta\",\"panel_link\":false,\"parallax_easing\":\"1\",\"show_content\":true,\"show_image\":true,\"show_link\":true,\"show_meta\":true,\"show_title\":true,\"title_align\":\"top\",\"title_color\":\"muted\",\"title_decoration\":\"line\",\"title_element\":\"div\",\"title_grid_breakpoint\":\"m\",\"title_grid_width\":\"1-2\",\"title_hover_style\":\"reset\",\"title_margin\":\"small\",\"title_style\":\"h6\"},\"children\":[{\"type\":\"grid_item\",\"props\":{\"image\":\"wp-content\\\/uploads\\\/2023\\\/09\\\/ritratto-agostino-innocenti.jpg\",\"image_alt\":\"Ritratto Agostino Innocenti\",\"meta\":\"\",\"title\":\"Agostino Innocenti\"}},{\"type\":\"grid_item\",\"props\":{\"content\":\"\",\"image\":\"wp-content\\\/uploads\\\/2023\\\/09\\\/ritratto-marcello-mangoni.jpg\",\"image_alt\":\"Ritratto Marcello Mangoni\",\"meta\":\"\",\"title\":\"Marcello Mangoni\"}}]}]}]}],\"name\":\"Solide radici\"},{\"type\":\"section\",\"props\":{\"height\":\"percent\",\"image_position\":\"center-center\",\"padding_remove_bottom\":true,\"padding_remove_top\":true,\"style\":\"muted\",\"title_breakpoint\":\"xl\",\"title_position\":\"top-left\",\"title_rotation\":\"left\",\"vertical_align\":\"middle\",\"width\":\"\"},\"children\":[{\"type\":\"row\",\"props\":{\"column_gap\":\"collapse\",\"height\":\"percent\",\"layout\":\"1-2,1-2\",\"row_gap\":\"collapse\",\"width_expand\":\"left\"},\"children\":[{\"type\":\"column\",\"props\":{\"image\":\"wp-content\\\/uploads\\\/2023\\\/09\\\/DSC09057-scaled.jpg\",\"image_position\":\"center-center\",\"image_size\":\"height-1-1\",\"position_sticky\":\"column\",\"position_sticky_breakpoint\":\"m\",\"text_color\":\"light\",\"vertical_align\":\"middle\",\"width_large\":\"1-2\"},\"children\":[{\"type\":\"headline\",\"props\":{\"content\":\"\n\n<div class=\\\"page\\\" title=\\\"Page 11\\\">\\n\n\n<div class=\\\"section\\\">\\n\n\n<div class=\\\"layoutArea\\\">\\n\n\n<div class=\\\"column\\\">\\n\n\n<p><b>QUALITY<br \\\/>PLANTS<\\\/b><\\\/p>\\n<\\\/div>\\n<\\\/div>\\n<\\\/div>\\n<\\\/div>\",\"title_color\":\"primary\",\"title_element\":\"h3\",\"title_font_family\":\"secondary\",\"title_style\":\"heading-large\"}}]},{\"type\":\"column\",\"props\":{\"image\":\"wp-content\\\/uploads\\\/2023\\\/09\\\/6252-scaled-e1694792092946.jpg\",\"image_position\":\"bottom-right\",\"image_size\":\"width-1-1\",\"media_background\":\"#FFFFFF\",\"media_overlay\":\"rgba(255, 255, 255, 0.65)\",\"padding\":\"small\",\"position_sticky_breakpoint\":\"m\",\"vertical_align\":\"middle\",\"width_large\":\"1-2\"},\"children\":[{\"type\":\"text\",\"props\":{\"column_breakpoint\":\"m\",\"content\":\"\n\n<div class=\\\"page\\\" title=\\\"Page 12\\\">\\n\n\n<div class=\\\"layoutArea\\\">\\n\n\n<div class=\\\"column\\\">\\n\n\n<p>Plus de <strong>1600 vari\\u00e9t\\u00e9s<\\\/strong> de plantes dans <strong>19 sites<\\\/strong> concentr\\u00e9s dans la plaine fertile de Pistoia pour un total de <strong>355 hectares de p\\u00e9pini\\u00e8res<\\\/strong>.<\\\/p>\\n\n\n<p>Nous produisons des arbres et conif\\u00e8res, des essences m\\u00e9diterran\\u00e9ennes, des arbres fruitiers, des plantes de haies, des rosiers, des plantes form\\u00e9es pour l\\u2019art topiaire, des gramin\\u00e9es, des vivaces et des foug\\u00e8res.<\\\/p>\\n\n\n<p>Notre but est obtenir la plus haute qualit\\u00e9 de notre travail, dans le plus grand respect de l\\u2019environnement et des valeurs de notre entreprise.<\\\/p>\\n\n\n<p>C\\u2019est le significat que nous donnons \\u00e0 la qualit\\u00e9, possible gr\\u00e2ce \\u00e0 notre \\u00e9quipe de travail form\\u00e9 par des professionels constamment mise \\u00e0 jour, gr\\u00e2ce aux technologies et au respect d\\u2019un protocole de travail qui garantit \\u00e0 nos clients le meilleur produit qu\\u2019ils peuvent trouver sur le march\\u00e9.<span> <\\\/span><\\\/p>\\n<\\\/div>\\n<\\\/div>\\n<\\\/div>\",\"margin\":\"default\",\"maxwidth\":\"medium\",\"text_align\":\"left\"}}]}]},{\"type\":\"row\",\"props\":{\"column_gap\":\"collapse\",\"row_gap\":\"collapse\"},\"children\":[{\"type\":\"column\",\"props\":{\"image_position\":\"center-center\",\"padding\":\"xsmall\",\"position_sticky_breakpoint\":\"m\",\"style\":\"tile-primary\"}}]}],\"name\":\"quality plants\"},{\"type\":\"section\",\"props\":{\"height\":\"percent\",\"image_position\":\"center-center\",\"padding_remove_bottom\":true,\"padding_remove_top\":true,\"status\":\"disabled\",\"style\":\"muted\",\"title_breakpoint\":\"xl\",\"title_position\":\"top-left\",\"title_rotation\":\"left\",\"vertical_align\":\"middle\",\"width\":\"\"},\"children\":[{\"type\":\"row\",\"props\":{\"column_gap\":\"collapse\",\"height\":\"percent\",\"row_gap\":\"collapse\",\"width_expand\":\"left\"},\"children\":[{\"type\":\"column\",\"props\":{\"image\":\"wp-content\\\/uploads\\\/2023\\\/09\\\/leaf-2-e1694792969134.png\",\"image_position\":\"center-left\",\"image_size\":\"height-1-1\",\"media_background\":\"#FFFFFF\",\"media_overlay\":\"rgba(255, 255, 255, 0.73)\",\"position_sticky\":\"column\",\"position_sticky_breakpoint\":\"m\",\"text_color\":\"dark\",\"vertical_align\":\"middle\"},\"children\":[{\"type\":\"headline\",\"props\":{\"block_align\":\"center\",\"content\":\"\n\n<p><strong>NOUS PROGRAMMONS <\\\/strong><br \\\/><strong>L\\u2019AVENIR<\\\/strong><\\\/p>\",\"maxwidth\":\"large\",\"text_align\":\"left\",\"title_color\":\"muted\",\"title_element\":\"h2\",\"title_font_family\":\"default\",\"title_style\":\"heading-small\"}},{\"type\":\"text\",\"props\":{\"block_align\":\"center\",\"column_breakpoint\":\"m\",\"content\":\"\n\n<p>Ces derni\\u00e8res ann\\u00e9es, avec l\\u2019acc\\u00e9l\\u00e9ration rapide du changement climatique, nous sommes tous tenus \\u00e0 planifier l\\u2019avenir des prochaines g\\u00e9n\\u00e9rations. En particulier une p\\u00e9pini\\u00e8re de n\\u00f4tre importance doit \\u00eatre \\u00e0 l\\u2019avant-garde \\u00e0 faire face \\u00e0 cette programmation, car les plantes sont essentielles pour la vie. Programmation signifie aussi attention aux innovations. C\\u2019est pourquoi nous introduisons dans nos p\\u00e9pini\\u00e8res une technologie qui permet d\\u2019\\u00e9conomiser les ressources, d\\u2019avoir un contr\\u00f4le permanent sur les processus de production et par cons\\u00e9quent de r\\u00e9duire les d\\u00e9chets.<\\\/p>\\n\n\n<p>Nos cycles de production \\u00e9co-durables sont reconnus par les certifications environnementales <strong>MPS (classe A)<\\\/strong> et <strong>GLOBAL GAP<\\\/strong>, reconnues \\u00e0 niveau international et certifiant l\\u2019\\u00e9co-durabilit\\u00e9 des plantes produites par notre entreprise.<\\\/p>\",\"margin\":\"default\",\"maxwidth\":\"large\",\"text_align\":\"left\"}},{\"type\":\"button\",\"props\":{\"block_align\":\"center\",\"button_size\":\"large\",\"grid_column_gap\":\"small\",\"grid_row_gap\":\"small\",\"margin\":\"default\",\"maxwidth\":\"large\",\"text_align\":\"left\"},\"children\":[{\"type\":\"button_item\",\"props\":{\"button_style\":\"text\",\"content\":\"En savoir plus sur la durabilit\\u00e9\",\"icon\":\"arrow-right\",\"icon_align\":\"right\",\"link\":\"fr\\\/programme-le-futur\\\/\"}}]}]}]}],\"name\":\"quality plants\"},{\"name\":\"Foto famiglia oggi\",\"type\":\"section\",\"props\":{\"image_effect\":\"parallax\",\"image_parallax_bgy\":\"0,100\",\"image_parallax_easing\":\"1\",\"image_position\":\"center-center\",\"image_size\":\"width-1-1\",\"overlap\":false,\"padding\":\"xsmall\",\"padding_remove_bottom\":false,\"padding_remove_top\":true,\"style\":\"default\",\"text_color\":\"light\",\"title_breakpoint\":\"xl\",\"title_position\":\"center-left\",\"title_rotation\":\"left\",\"vertical_align\":\"bottom\",\"width\":\"\"},\"children\":[{\"type\":\"row\",\"children\":[{\"type\":\"column\",\"props\":{\"image_position\":\"center-center\",\"position_sticky_breakpoint\":\"m\",\"width_medium\":\"1-1\"},\"children\":[{\"type\":\"image\",\"props\":{\"image\":\"wp-content\\\/uploads\\\/2023\\\/06\\\/1IN8243-team-2022.jpeg\",\"image_height\":\"1200\",\"image_svg_color\":\"emphasis\",\"image_width\":\"2560\",\"margin\":\"default\"}}]}]}]},{\"type\":\"section\",\"props\":{\"image_position\":\"center-center\",\"padding\":\"none\",\"style\":\"default\",\"title_breakpoint\":\"xl\",\"title_position\":\"top-left\",\"title_rotation\":\"left\",\"vertical_align\":\"middle\",\"width\":\"\"},\"children\":[{\"type\":\"row\",\"children\":[{\"type\":\"column\",\"props\":{\"image_position\":\"center-center\",\"position_sticky_breakpoint\":\"m\"},\"children\":[{\"type\":\"gallery\",\"props\":{\"filter_align\":\"left\",\"filter_all\":true,\"filter_grid_breakpoint\":\"m\",\"filter_grid_width\":\"auto\",\"filter_position\":\"top\",\"filter_style\":\"tab\",\"grid_column_gap\":\"collapse\",\"grid_default\":\"1\",\"grid_medium\":\"3\",\"grid_row_gap\":\"collapse\",\"image_height\":\"500\",\"image_width\":\"850\",\"item_animation\":true,\"link_size\":\"large\",\"link_style\":\"primary\",\"link_text\":\"\",\"margin\":\"default\",\"meta_align\":\"below-title\",\"meta_element\":\"div\",\"meta_style\":\"text-meta\",\"overlay_hover\":false,\"overlay_link\":true,\"overlay_margin\":\"small\",\"overlay_maxwidth\":\"medium\",\"overlay_mode\":\"caption\",\"overlay_position\":\"bottom-center\",\"overlay_style\":\"overlay-default\",\"overlay_transition\":\"fade\",\"show_content\":true,\"show_hover_image\":true,\"show_link\":true,\"show_meta\":true,\"show_title\":true,\"text_align\":\"center\",\"text_color\":\"light\",\"title_element\":\"h3\",\"title_hover_style\":\"reset\"},\"children\":[{\"type\":\"gallery_item\",\"source\":{\"query\":{\"name\":\"pages.customPage\",\"arguments\":{\"users\":[],\"users_operator\":\"IN\",\"offset\":0,\"order\":\"date\",\"order_direction\":\"DESC\",\"id\":17996}},\"props\":{\"image\":{\"filters\":{\"search\":\"\"},\"name\":\"featuredImage.url\"},\"image_alt\":{\"filters\":{\"search\":\"\"},\"name\":\"featuredImage.alt\"},\"link\":{\"filters\":{\"search\":\"\"},\"name\":\"link\"}}},\"props\":{\"title\":\"Production\"}},{\"type\":\"gallery_item\",\"props\":{\"title\":\"Durabilit\\u00e9\"},\"source\":{\"query\":{\"name\":\"pages.customPage\",\"arguments\":{\"users\":[],\"users_operator\":\"IN\",\"offset\":0,\"order\":\"date\",\"order_direction\":\"DESC\",\"id\":7680}},\"props\":{\"image\":{\"filters\":{\"search\":\"\"},\"name\":\"featuredImage.url\"},\"image_alt\":{\"filters\":{\"search\":\"\"},\"name\":\"featuredImage.alt\"},\"link\":{\"filters\":{\"search\":\"\"},\"name\":\"link\"}}}},{\"type\":\"gallery_item\",\"props\":{\"text_color\":\"light\",\"title\":\"Services\"},\"source\":{\"query\":{\"name\":\"pages.customPage\",\"arguments\":{\"users\":[],\"users_operator\":\"IN\",\"offset\":0,\"order\":\"date\",\"order_direction\":\"DESC\",\"id\":8572}},\"props\":{\"image\":{\"filters\":{\"search\":\"\"},\"name\":\"featuredImage.url\"},\"image_alt\":{\"filters\":{\"search\":\"\"},\"name\":\"featuredImage.alt\"},\"link\":{\"filters\":{\"search\":\"\"},\"name\":\"link\"}}}}]}]}]}]}],\"version\":\"4.2.13\",\"yooessentialsVersion\":\"2.1.5\"} --><\/p>\n","protected":false},"excerpt":{"rendered":"<div>nous cultivons la qualit\u00e9<\/div>\n<h1>Nous coltivons la qualit\u00e9<\/h1>\n<div>\n<p><strong>Inspire\u0301 par la gratitude et le respect de la nature. Tous les jours<\/strong>.<\/p>\n<p>C\u2019est le soin quotidien de nos plantes, le choix de te- chniques de culture technologiquement avance\u0301es et e\u0301co-durables qui font bouger notre travail.<\/p>\n<p>Nous utilisons <strong>notre esprit et nos mains pour se\u0301lectionn- er<\/strong>, cultiver et faire pousser nos plantes, pour aider a\u0300 concevoir chaque besoin du paysage avec <strong>innovation<\/strong>,<strong> transparence<\/strong> et surtout <strong>durabilite\u0301<\/strong>.<\/p>\n<\/div>\n<div>\n<p>Nous mettons toutes nos connaissances et compe\u0301tenc- es acquises au cours de de\u0301cennies de travail, dans cha- que plante que nous cultivons, afin que la prochaine ge\u0301ne\u0301ration de plantes soit plus forte et plus luxuriante pour la prochaine ge\u0301ne\u0301ration de personnes.<\/p>\n<\/div>\n<p><img decoding=\"async\" src=\"http:\/\/innocentiemangonipiante.it\/wp-content\/uploads\/2017\/05\/iem-vivaio-129.jpg\" alt=\"\"><br \/>\n<img decoding=\"async\" src=\"http:\/\/innocentiemangonipiante.it\/wp-content\/uploads\/2017\/05\/iem-vivaio-197.jpg\" alt=\"\"><\/p>\n<div>\n<h2>ENTREZ DANS NOTRE P\u00c9PINI\u00c8RE VIRTUELLE<\/h2>\n<div>\n<p>Une app pour communiquer, recevoir offres et documents\u00a0connai\u0302tre les\u00a0disponibilit\u00e9s.<\/p>\n<\/div>\n<p><a href=\"index.php?option=com_content&#038;view=article&#038;id=617&#038;catid=103&#038;lang=fr-FR\">Download app<\/a><\/p>\n<\/div>\n<p><img decoding=\"async\" src=\"http:\/\/innocentiemangonipiante.it\/wp-content\/uploads\/2014\/11\/elemento-1.png\" alt=\"\"><\/p>\n<h2>UNE HISTOIRE DE CROISSANCE<\/h2>\n<h2>UNE HISTOIRE DE CROISSANCE<\/h2>\n<h5>depuis 1950<\/h5>\n<div>\n<p><strong>Nous sommes ne\u0301s ici<\/strong>, a\u0300 <strong>Pistoia<\/strong>, au c\u0153ur de la Toscane, berceau inconteste\u0301 de la culture et de la beaute\u0301.<\/p>\n<p><strong>Il y a<\/strong> <strong>70 ans<\/strong> sur nos terres, nous avons plante\u0301 les pre- mie\u0300res graines, arrose\u0301 les premie\u0300res productions et soi- gne\u0301 les premie\u0300res petites plantes qui, au fil du temps, ont grandi avec notre entreprise et tous les gens qui l\u2019a- niment chaque jour.<\/p>\n<p>La passion pour cette terre, l\u2019amour pour le dur travail, le <strong>profond respect de la nature<\/strong>, de nos collaborateurs et de nos clients sont les valeurs que nous cultivons avec soin et qui guident nos choix. Toujours.<\/p>\n<p><strong>Notre histoire est celle de deux familles, Innocenti et Mangoni<\/strong>, qui gra\u0302ce a\u0300 leurs union ils ont fonde\u0301e une im- portante pe\u0301pinie\u0300re de plus en plus engage\u0301e dans la cul- ture durable.<\/p>\n<p><strong>Agostino Innocenti et Marcello Mangoni<\/strong> ont e\u0301te\u0301 les pre- miers a\u0300 cultiver les plantes, ils en ont pris soin, ils les ont vus pousser et se transformer en arbres luxuriants, tom- bant amoureux de leur travail jour apre\u0300s jour.<\/p>\n<p>C\u2019est gra\u0302ce a\u0300 la <strong>passion<\/strong> qu\u2019ils ont transmise a\u0300 leurs en- fants et petits-enfants que l\u2019entreprise a pu grandir et se de\u0301velopper en Italie et dans le monde.<\/p>\n<\/div>\n<p>\n    <a href=\"#8\">Contactez Nous<\/a>\n<\/p>\n<p><img decoding=\"async\" src=\"http:\/\/innocentiemangonipiante.it\/wp-content\/uploads\/2017\/05\/iem-vivaio-4.jpg\" alt=\"\"><br \/>\n<img decoding=\"async\" src=\"http:\/\/innocentiemangonipiante.it\/wp-content\/uploads\/2017\/05\/iem-vivaio-3.jpg\" alt=\"\"><\/p>\n<h2>UNE BEAUTE\u0301 NATURELLE<\/h2>\n<div>\n<p>Nous utilisons nos mains pour produire une beaute\u0301 na- turelle.<\/p>\n<p>Notre travail commence avec de petites graines laisse\u0301es enveloppe\u0301es par la terre et se poursuit jusqu\u2019a\u0300 ce que chaque plante trouve une nouvelle maison dans votre paysage, la rendant unique.<\/p>\n<p>Nous partageons nos connaissances, notre expe\u0301rience et notre amour pour les plantes avec des jardiniers, des architectes et des paysagistes.<\/p>\n<\/div>\n<p><img decoding=\"async\" src=\"http:\/\/innocentiemangonipiante.it\/wp-content\/uploads\/2017\/05\/iem-vivaio-15.jpg\" alt=\"\"><br \/>\n<img decoding=\"async\" src=\"http:\/\/innocentiemangonipiante.it\/wp-content\/uploads\/2014\/11\/elemento-1.png\" alt=\"\"><\/p>\n","protected":false},"author":2,"featured_media":9419,"parent":0,"menu_order":4,"comment_status":"open","ping_status":"open","template":"","meta":{"_acf_changed":false,"footnotes":""},"class_list":["post-7672","page","type-page","status-publish","has-post-thumbnail","hentry"],"acf":[],"_links":{"self":[{"href":"https:\/\/innocentiemangonipiante.it\/fr\/wp-json\/wp\/v2\/pages\/7672","targetHints":{"allow":["GET"]}}],"collection":[{"href":"https:\/\/innocentiemangonipiante.it\/fr\/wp-json\/wp\/v2\/pages"}],"about":[{"href":"https:\/\/innocentiemangonipiante.it\/fr\/wp-json\/wp\/v2\/types\/page"}],"author":[{"embeddable":true,"href":"https:\/\/innocentiemangonipiante.it\/fr\/wp-json\/wp\/v2\/users\/2"}],"replies":[{"embeddable":true,"href":"https:\/\/innocentiemangonipiante.it\/fr\/wp-json\/wp\/v2\/comments?post=7672"}],"version-history":[{"count":0,"href":"https:\/\/innocentiemangonipiante.it\/fr\/wp-json\/wp\/v2\/pages\/7672\/revisions"}],"wp:featuredmedia":[{"embeddable":true,"href":"https:\/\/innocentiemangonipiante.it\/fr\/wp-json\/wp\/v2\/media\/9419"}],"wp:attachment":[{"href":"https:\/\/innocentiemangonipiante.it\/fr\/wp-json\/wp\/v2\/media?parent=7672"}],"curies":[{"name":"wp","href":"https:\/\/api.w.org\/{rel}","templated":true}]}}