{"id":7681,"date":"2014-11-24T10:52:25","date_gmt":"2014-11-24T09:52:25","guid":{"rendered":"http:\/\/innocentiemangonipiante.it\/2014\/11\/24\/culture-en-conteneurs-de-plantes\/"},"modified":"2024-10-14T10:16:33","modified_gmt":"2024-10-14T08:16:33","slug":"culture-en-conteneurs-de-plantes","status":"publish","type":"page","link":"https:\/\/innocentiemangonipiante.it\/fr\/culture-en-conteneurs-de-plantes\/","title":{"rendered":"Culture en conteneurs"},"content":{"rendered":"<h1>Culture en conteneurs<\/h1>\n<div>\n<p>Nous avons beaucoup investi dans cette technique de production et nous sommes parvenus \u00e0 garantir \u00e0 notre client\u00e8le une tr\u00e8s <strong>vaste gamme de produits<\/strong> toujours pr\u00eats \u00e0 \u00eatre livres.<\/p>\n<p>Dans <strong>nos p\u00e9pini\u00e8res<\/strong>, ce type de production est r\u00e9alis\u00e9 en utilisant des substrats pr\u00e9pares en se basant sur les exigences p\u00e9dologiques de chaque vari\u00e9t\u00e9, tant en ext\u00e9rieur que sous abri (serres et syst\u00e8mes d\u2019ombrage), ce qui nous permet de maintenir un niveau de qualit\u00e9 \u00e9lev\u00e9 pendant toute l\u2019ann\u00e9e.<\/p>\n<\/div>\n<p><img decoding=\"async\" src=\"\/wp-content\/uploads\/2024\/01\/PAN01346-050-060-clt-15-pittosporum-tobira-nanum_piante-in-contenitore.png\" alt=\"\" title=\"\"><\/p>\n<h4>Assortiment vari\u00e9tal de plantes cultiv\u00e9es en pot<\/h4>\n<h3>SP\u00c9CIMENS DE PLANTES CULTIV\u00c9ES EN R\u00c9CIPIENT<\/h3>\n<div>\n<\/div>\n<div>Conteneurs<\/div>\n<ul>\n<li>\n<p>        <img decoding=\"async\" src=\"\/wp-content\/uploads\/2023\/07\/Condizionamento-CLT-contenitore.svg\" alt=\"Conteneurs LT.\" title=\"\"><\/p>\n<h3>Conteneurs<\/h3>\n<p><a href=\"\/fr\/conditionnements\/clt-fr\/\"><\/a><\/p>\n<\/li>\n<li>\n<p>        <img decoding=\"async\" src=\"\/wp-content\/uploads\/2023\/07\/Condizionamento-DECO-DESIGN-vasi-decorativi.svg\" alt=\"Pot sp\u00e9cial de couleur rouille DECO DESIGN\" title=\"\"><\/p>\n<h3>DECO DESIGN<\/h3>\n<p><a href=\"\/fr\/conditionnements\/pot-de-couleur-rouille\"><\/a><\/p>\n<\/li>\n<li>\n<p>        <img decoding=\"async\" src=\"\/wp-content\/uploads\/2023\/07\/Condizionamento-VQLT-vaso-quadrato-LT.svg\" alt=\"Pot carr\u00e9 LT. VQLT\" title=\"\"><\/p>\n<h3>Pot carr\u00e9<\/h3>\n<p><a href=\"\/fr\/conditionnements\/pot-carre\"><\/a><\/p>\n<\/li>\n<li>\n<p>        <img decoding=\"async\" src=\"\/wp-content\/uploads\/2023\/07\/Condizionamento-COUPE-ciotola.svg\" alt=\"COUPE\" title=\"\"><\/p>\n<h3>Coupe<\/h3>\n<p><a href=\"\/fr\/conditionnements\/coupe-fr\/\"><\/a><\/p>\n<\/li>\n<li>\n<p>        <img decoding=\"async\" src=\"\/wp-content\/uploads\/2023\/07\/Condizionamento-KLT-cassa-di-legno-LT.svg\" alt=\"Bac D&#039;orangerie LT. KLT\" title=\"\"><\/p>\n<h3>Bac d&rsquo;orangerie<\/h3>\n<p><a href=\"\/fr\/conditionnements\/bac-d-orangerie\"><\/a><\/p>\n<\/li>\n<li>\n<p>        <img decoding=\"async\" src=\"\/wp-content\/uploads\/2023\/10\/Condizionamento-LANT-PLAST.svg\" alt=\"\" title=\"\"><\/p>\n<h3>PLANT PLAST<\/h3>\n<\/li>\n<li>\n<p>        <img decoding=\"async\" src=\"\/wp-content\/uploads\/2023\/10\/Condizionamento-AIR-POT.svg\" alt=\"\" title=\"\"><\/p>\n<h3>AIR-POT<\/h3>\n<p><a href=\"\/fr\/conditionnements\/air-pot-fr\"><\/a><\/p>\n<\/li>\n<\/ul>\n<ul>\n<li>\n<p>        <img decoding=\"async\" src=\"\/wp-content\/uploads\/2023\/06\/coltivazione-piante-in-contenitore-per-garden-center.jpg\" alt=\"\" title=\"\"><\/p>\n<h3>coltivazione-piante-in-contenitore-per-garden-center<\/h3>\n<\/li>\n<li>\n<p>        <img decoding=\"async\" src=\"\/wp-content\/uploads\/2011\/05\/coltivazione-piante-in-contenitore-3.jpg\" alt=\"\" title=\"\"><\/p>\n<h3>coltivazione-piante-in-contenitore-3<\/h3>\n<\/li>\n<li>\n<p>        <img decoding=\"async\" src=\"\/wp-content\/uploads\/2023\/07\/1IN8043-scaled.jpg\" alt=\"\" title=\"\"><\/p>\n<h3>_1IN8043<\/h3>\n<\/li>\n<li>\n<p>        <img decoding=\"async\" src=\"\/wp-content\/uploads\/2023\/07\/1IN8839-scaled.jpg\" alt=\"\" title=\"\"><\/p>\n<h3>_1IN8839<\/h3>\n<\/li>\n<li>\n<p>        <img decoding=\"async\" src=\"\/wp-content\/uploads\/2023\/07\/1IN9018-scaled.jpg\" alt=\"\" title=\"\"><\/p>\n<h3>_1IN9018<\/h3>\n<\/li>\n<li>\n<p>        <img decoding=\"async\" src=\"\/wp-content\/uploads\/2023\/07\/DSC1439-scaled.jpg\" alt=\"\" title=\"\"><\/p>\n<h3>_DSC1439<\/h3>\n<\/li>\n<li>\n<p>        <img decoding=\"async\" src=\"\/wp-content\/uploads\/2023\/07\/DSC5938-scaled.jpg\" alt=\"\" title=\"\"><\/p>\n<h3>_DSC5938<\/h3>\n<\/li>\n<li>\n<p>        <img decoding=\"async\" src=\"\/wp-content\/uploads\/2023\/07\/DSC6249-scaled.jpg\" alt=\"\" title=\"\"><\/p>\n<h3>_DSC6249<\/h3>\n<\/li>\n<li>\n<p>        <img decoding=\"async\" src=\"\/wp-content\/uploads\/2023\/07\/DJI_0272-scaled.jpg\" alt=\"\" title=\"\"><\/p>\n<h3>DCIM100MEDIADJI_0272.JPG<\/h3>\n<\/li>\n<\/ul>\n<ul>\n<li>\n<\/li>\n<li>\n<\/li>\n<li>\n<\/li>\n<li>\n<\/li>\n<\/ul>\n<p><!--more--><br \/>\n<!-- {\"name\":\"IT- COLTIVAZIONE IN CONTENITORE\",\"type\":\"layout\",\"children\":[{\"name\":\"Hero\",\"type\":\"section\",\"props\":{\"header_transparent\":\"dark\",\"header_transparent_noplaceholder\":true,\"height\":\"percent\",\"image_position\":\"center-center\",\"image_size\":\"cover\",\"image_width\":\"2560\",\"overlap\":false,\"padding\":\"xlarge\",\"style\":\"secondary\",\"title_breakpoint\":\"xl\",\"title_position\":\"top-left\",\"title_rotation\":\"left\",\"vertical_align\":\"middle\",\"video\":\"wp-content\\\/uploads\\\/2023\\\/11\\\/coltivazione-in-contenitore.mp4\",\"video_height\":\"1200\",\"width\":\"\"},\"children\":[{\"type\":\"row\",\"children\":[{\"type\":\"column\",\"props\":{\"image_position\":\"center-center\",\"position_sticky_breakpoint\":\"m\",\"width_medium\":\"1-1\"}}]}]},{\"name\":\"About\",\"type\":\"section\",\"props\":{\"animation\":\"fade\",\"image_position\":\"center-center\",\"overlap\":true,\"padding\":\"large\",\"padding_remove_bottom\":false,\"style\":\"default\",\"title_breakpoint\":\"xl\",\"title_position\":\"top-left\",\"title_rotation\":\"left\",\"vertical_align\":\"middle\",\"width\":\"large\"},\"children\":[{\"type\":\"row\",\"props\":{\"column_gap\":\"large\",\"layout\":\"1-2,1-2\",\"row_gap\":\"large\"},\"children\":[{\"type\":\"column\",\"props\":{\"image_position\":\"center-center\",\"position_sticky_breakpoint\":\"m\",\"vertical_align\":\"middle\",\"width_medium\":\"1-2\"},\"children\":[{\"type\":\"headline\",\"props\":{\"content\":\"Culture en conteneurs\",\"margin\":\"remove-vertical\",\"title_color\":\"primary\",\"title_element\":\"h1\",\"title_style\":\"heading-medium\"}},{\"type\":\"text\",\"props\":{\"column_breakpoint\":\"m\",\"content\":\"\n\n<p>Nous avons beaucoup investi dans cette technique de production et nous sommes parvenus \\u00e0 garantir \\u00e0 notre client\\u00e8le une tr\\u00e8s <strong>vaste gamme de produits<\\\/strong> toujours pr\\u00eats \\u00e0 \\u00eatre livres.<\\\/p>\\n\n\n<p>Dans <strong>nos p\\u00e9pini\\u00e8res<\\\/strong>, ce type de production est r\\u00e9alis\\u00e9 en utilisant des substrats pr\\u00e9pares en se basant sur les exigences p\\u00e9dologiques de chaque vari\\u00e9t\\u00e9, tant en ext\\u00e9rieur que sous abri (serres et syst\\u00e8mes d\\u2019ombrage), ce qui nous permet de maintenir un niveau de qualit\\u00e9 \\u00e9lev\\u00e9 pendant toute l\\u2019ann\\u00e9e.<\\\/p>\",\"margin\":\"large\"}}]},{\"type\":\"column\",\"props\":{\"image_position\":\"center-center\",\"position_sticky_breakpoint\":\"m\",\"vertical_align\":\"middle\",\"width_medium\":\"1-2\"},\"children\":[{\"type\":\"image\",\"props\":{\"image\":\"wp-content\\\/uploads\\\/2024\\\/01\\\/PAN01346-050-060-clt-15-pittosporum-tobira-nanum_piante-in-contenitore.png\",\"image_svg_color\":\"emphasis\",\"margin\":\"default\"}}]}]}]},{\"name\":\"Menu\",\"type\":\"section\",\"props\":{\"animation\":\"fade\",\"image\":\"wp-content\\\/uploads\\\/2023\\\/07\\\/DSC06317-scaled.jpg\",\"image_position\":\"center-center\",\"image_size\":\"cover\",\"image_width\":\"2560\",\"media_overlay\":\"rgba(34, 32, 30, 0.7)\",\"overlap\":true,\"padding\":\"large\",\"preserve_color\":false,\"style\":\"secondary\",\"title_breakpoint\":\"xl\",\"title_position\":\"top-left\",\"title_rotation\":\"left\",\"vertical_align\":\"middle\",\"width\":\"large\"},\"children\":[{\"type\":\"row\",\"children\":[{\"type\":\"column\",\"props\":{\"image_position\":\"center-center\",\"position_sticky_breakpoint\":\"m\",\"width_medium\":\"1-1\"},\"children\":[{\"type\":\"headline\",\"props\":{\"content\":\"Assortiment vari\\u00e9tal de plantes cultiv\\u00e9es en pot\",\"text_align\":\"center\",\"text_align_breakpoint\":\"s\",\"title_element\":\"h4\",\"title_style\":\"h3\"}},{\"type\":\"headline\",\"props\":{\"content\":\"SP\\u00c9CIMENS DE PLANTES CULTIV\\u00c9ES EN R\\u00c9CIPIENT\",\"margin\":\"remove-vertical\",\"text_align\":\"center\",\"text_align_breakpoint\":\"s\",\"title_element\":\"h3\",\"title_style\":\"heading-small\"}},{\"type\":\"overlay-slider\",\"props\":{\"content_style\":\"text-lead\",\"image_height\":\"500\",\"image_width\":\"500\",\"link_style\":\"default\",\"link_text\":\"\",\"margin\":\"large\",\"meta_align\":\"below-title\",\"meta_element\":\"div\",\"meta_style\":\"text-meta\",\"nav\":\"\",\"nav_align\":\"center\",\"nav_breakpoint\":\"s\",\"overlay_link\":true,\"overlay_maxwidth\":\"2xlarge\",\"overlay_mode\":\"caption\",\"overlay_position\":\"bottom-center\",\"overlay_style\":\"overlay-primary\",\"overlay_transition\":\"fade\",\"show_content\":true,\"show_hover_image\":true,\"show_link\":true,\"show_meta\":true,\"show_title\":true,\"slidenav\":\"outside\",\"slidenav_breakpoint\":\"xl\",\"slidenav_hover\":false,\"slidenav_margin\":\"medium\",\"slidenav_outside_breakpoint\":\"xl\",\"slider_autoplay_pause\":true,\"slider_gap\":\"default\",\"slider_width\":\"fixed\",\"slider_width_default\":\"1-1\",\"slider_width_medium\":\"1-3\",\"text_align\":\"left\",\"title_element\":\"h3\",\"title_font_family\":\"primary\",\"title_hover_style\":\"reset\",\"title_link\":true,\"title_style\":\"h4\"},\"children\":[{\"type\":\"overlay-slider_item\",\"source\":{\"props\":{\"title\":{\"filters\":{\"search\":\"\"},\"name\":\"title\"},\"image\":{\"filters\":{\"search\":\"\"},\"name\":\"featuredImage.url\"},\"image_alt\":{\"filters\":{\"search\":\"\"},\"name\":\"featuredImage.alt\"},\"link\":{\"filters\":{\"search\":\"\"},\"name\":\"link\"}},\"query\":{\"name\":\"products.customProducts\",\"arguments\":{\"terms\":[],\"product_cat_operator\":\"IN\",\"product_tag_operator\":\"IN\",\"product_visibility_operator\":\"IN\",\"users\":[],\"users_operator\":\"IN\",\"offset\":0,\"limit\":16,\"order\":\"rand\",\"order_direction\":\"DESC\"}}},\"props\":{\"yooessentials_access_conditions\":[{\"type\":\"yooessentials_access_dynamic\",\"id\":\"ci_B507F7\",\"props\":{\"condition\":\"~=\",\"condition_value\":\"CLT\"},\"source_extended\":{\"props\":{\"value\":{\"name\":\"woocommerce.additional_information\"}}}},{\"type\":\"yooessentials_access_dynamic\",\"id\":\"ci_4F84EF\",\"props\":{\"condition\":\"~=\",\"condition_value\":\"coupe\"},\"source_extended\":{\"props\":{\"value\":{\"name\":\"woocommerce.additional_information\"}}}},{\"type\":\"yooessentials_access_dynamic\",\"id\":\"ci_543EB1\",\"props\":{\"condition\":\"~=\",\"condition_value\":\"vqlt\"},\"source_extended\":{\"props\":{\"value\":{\"name\":\"woocommerce.additional_information\"}}}},{\"type\":\"yooessentials_access_dynamic\",\"id\":\"ci_2086EA\",\"props\":{\"condition\":\"~=\",\"condition_value\":\"klt\"},\"source_extended\":{\"props\":{\"value\":{\"name\":\"woocommerce.additional_information\"}}}}],\"yooessentials_access_mode\":\"OR\"}}],\"name\":\"*griglia piante filtrate bene\"}]}]}]},{\"type\":\"section\",\"props\":{\"image_position\":\"center-center\",\"padding\":\"xsmall\",\"style\":\"primary\",\"title_breakpoint\":\"xl\",\"title_position\":\"top-left\",\"title_rotation\":\"left\",\"vertical_align\":\"middle\",\"width\":\"default\"},\"children\":[{\"type\":\"row\",\"children\":[{\"type\":\"column\",\"props\":{\"image_position\":\"center-center\",\"position_sticky_breakpoint\":\"m\"}}],\"props\":{\"column_gap\":\"collapse\",\"row_gap\":\"collapse\"}}]},{\"name\":\"Benefits\",\"type\":\"section\",\"props\":{\"image_position\":\"center-center\",\"image_size\":\"cover\",\"padding\":\"large\",\"padding_remove_bottom\":false,\"padding_remove_top\":false,\"style\":\"default\",\"title_breakpoint\":\"xl\",\"title_position\":\"top-left\",\"title_rotation\":\"left\",\"vertical_align\":\"middle\",\"width\":\"xlarge\"},\"children\":[{\"type\":\"row\",\"children\":[{\"type\":\"column\",\"props\":{\"image_position\":\"center-center\",\"position_sticky_breakpoint\":\"m\",\"width_medium\":\"1-1\"},\"children\":[{\"type\":\"headline\",\"props\":{\"content\":\"Conteneurs\",\"margin\":\"medium\",\"margin_remove_top\":false,\"text_align\":\"center\",\"title_color\":\"primary\",\"title_element\":\"div\",\"title_style\":\"h1\"}},{\"type\":\"grid\",\"props\":{\"content_column_breakpoint\":\"m\",\"content_margin\":\"remove\",\"filter_align\":\"left\",\"filter_all\":true,\"filter_grid_breakpoint\":\"m\",\"filter_grid_width\":\"auto\",\"filter_position\":\"top\",\"filter_style\":\"tab\",\"grid_column_align\":true,\"grid_default\":\"3\",\"grid_medium\":\"4\",\"icon_width\":80,\"image_align\":\"top\",\"image_grid_breakpoint\":\"m\",\"image_grid_width\":\"1-2\",\"image_svg_color\":\"emphasis\",\"item_animation\":true,\"link_style\":\"default\",\"link_text\":\"\",\"margin\":\"default\",\"meta_align\":\"below-title\",\"meta_element\":\"div\",\"meta_style\":\"text-meta\",\"panel_link\":true,\"show_content\":true,\"show_image\":true,\"show_link\":true,\"show_meta\":true,\"show_title\":true,\"text_align\":\"center\",\"title_align\":\"top\",\"title_element\":\"h3\",\"title_grid_breakpoint\":\"m\",\"title_grid_width\":\"1-2\",\"title_hover_style\":\"reset\",\"title_link\":true,\"title_margin\":\"small\",\"title_style\":\"h4\"},\"children\":[{\"type\":\"grid_item\",\"props\":{\"content\":\"\",\"image\":\"wp-content\\\/uploads\\\/2023\\\/07\\\/Condizionamento-CLT-contenitore.svg\",\"image_alt\":\"Conteneurs LT.\",\"link\":\"fr\\\/conditionnements\\\/clt-fr\\\/\",\"title\":\"Conteneurs\"}},{\"type\":\"grid_item\",\"props\":{\"content\":\"\",\"image\":\"wp-content\\\/uploads\\\/2023\\\/07\\\/Condizionamento-DECO-DESIGN-vasi-decorativi.svg\",\"image_alt\":\"Pot sp\\u00e9cial de couleur rouille DECO DESIGN\",\"link\":\"fr\\\/conditionnements\\\/pot-de-couleur-rouille\",\"title\":\"DECO DESIGN\"}},{\"type\":\"grid_item\",\"props\":{\"content\":\"\",\"image\":\"wp-content\\\/uploads\\\/2023\\\/07\\\/Condizionamento-VQLT-vaso-quadrato-LT.svg\",\"image_alt\":\"Pot carr\\u00e9 LT. VQLT\",\"link\":\"fr\\\/conditionnements\\\/pot-carre\",\"title\":\"Pot carr\\u00e9\"}},{\"type\":\"grid_item\",\"props\":{\"content\":\"\",\"image\":\"wp-content\\\/uploads\\\/2023\\\/07\\\/Condizionamento-COUPE-ciotola.svg\",\"image_alt\":\"COUPE\",\"link\":\"fr\\\/conditionnements\\\/coupe-fr\\\/\",\"title\":\"Coupe\"}},{\"type\":\"grid_item\",\"props\":{\"content\":\"\",\"image\":\"wp-content\\\/uploads\\\/2023\\\/07\\\/Condizionamento-KLT-cassa-di-legno-LT.svg\",\"image_alt\":\"Bac D'orangerie LT. KLT\",\"link\":\"fr\\\/conditionnements\\\/bac-d-orangerie\",\"title\":\"Bac d'orangerie\"}},{\"type\":\"grid_item\",\"props\":{\"image\":\"wp-content\\\/uploads\\\/2023\\\/10\\\/Condizionamento-LANT-PLAST.svg\",\"title\":\"PLANT PLAST\"}},{\"type\":\"grid_item\",\"props\":{\"image\":\"wp-content\\\/uploads\\\/2023\\\/10\\\/Condizionamento-AIR-POT.svg\",\"link\":\"fr\\\/conditionnements\\\/air-pot-fr\",\"title\":\"AIR-POT\"}}]}]}]}]},{\"type\":\"section\",\"props\":{\"animation\":\"fade\",\"animation_delay\":\"100\",\"image_position\":\"center-center\",\"padding_remove_bottom\":true,\"style\":\"primary\",\"title_breakpoint\":\"xl\",\"title_position\":\"top-left\",\"title_rotation\":\"left\",\"vertical_align\":\"middle\",\"width\":\"\"},\"children\":[{\"type\":\"row\",\"children\":[{\"type\":\"column\",\"props\":{\"image_position\":\"center-center\",\"position_sticky_breakpoint\":\"m\"},\"children\":[{\"type\":\"headline\",\"props\":{\"text_align\":\"center\",\"title_decoration\":\"line\",\"title_element\":\"h2\",\"title_style\":\"h2\"},\"source\":{\"query\":{\"name\":\"pages.singlePage\"},\"props\":{\"content\":{\"filters\":{\"search\":\"\",\"before\":\"\",\"after\":\" des plantes\"},\"name\":\"title\"}}}},{\"type\":\"gallery\",\"props\":{\"filter_align\":\"left\",\"filter_all\":true,\"filter_grid_breakpoint\":\"m\",\"filter_grid_width\":\"auto\",\"filter_position\":\"top\",\"filter_style\":\"tab\",\"grid_column_gap\":\"collapse\",\"grid_default\":\"2\",\"grid_medium\":\"3\",\"grid_row_gap\":\"collapse\",\"image_height\":\"600\",\"image_width\":\"900\",\"item_animation\":true,\"link_style\":\"default\",\"link_text\":\"Read more\",\"margin\":\"default\",\"meta_align\":\"below-title\",\"meta_element\":\"div\",\"meta_style\":\"text-meta\",\"overlay_hover\":false,\"overlay_mode\":\"cover\",\"overlay_position\":\"center\",\"overlay_style\":\"\",\"overlay_transition\":\"fade\",\"show_content\":false,\"show_hover_image\":true,\"show_link\":true,\"show_meta\":false,\"show_title\":false,\"text_align\":\"center\",\"text_color\":\"light\",\"title_element\":\"h3\",\"title_hover_style\":\"reset\"},\"children\":[{\"type\":\"gallery_item\",\"props\":{\"image\":\"wp-content\\\/uploads\\\/2023\\\/06\\\/coltivazione-piante-in-contenitore-per-garden-center.jpg\",\"title\":\"coltivazione-piante-in-contenitore-per-garden-center\"}},{\"type\":\"gallery_item\",\"props\":{\"image\":\"wp-content\\\/uploads\\\/2011\\\/05\\\/coltivazione-piante-in-contenitore-3.jpg\",\"title\":\"coltivazione-piante-in-contenitore-3\"}},{\"type\":\"gallery_item\",\"props\":{\"image\":\"wp-content\\\/uploads\\\/2023\\\/07\\\/1IN8043-scaled.jpg\",\"title\":\"_1IN8043\"}},{\"type\":\"gallery_item\",\"props\":{\"image\":\"wp-content\\\/uploads\\\/2023\\\/07\\\/1IN8839-scaled.jpg\",\"title\":\"_1IN8839\"}},{\"type\":\"gallery_item\",\"props\":{\"image\":\"wp-content\\\/uploads\\\/2023\\\/07\\\/1IN9018-scaled.jpg\",\"title\":\"_1IN9018\"}},{\"type\":\"gallery_item\",\"props\":{\"image\":\"wp-content\\\/uploads\\\/2023\\\/07\\\/DSC1439-scaled.jpg\",\"title\":\"_DSC1439\"}},{\"type\":\"gallery_item\",\"props\":{\"image\":\"wp-content\\\/uploads\\\/2023\\\/07\\\/DSC5938-scaled.jpg\",\"title\":\"_DSC5938\"}},{\"type\":\"gallery_item\",\"props\":{\"image\":\"wp-content\\\/uploads\\\/2023\\\/07\\\/DSC6249-scaled.jpg\",\"title\":\"_DSC6249\"}},{\"type\":\"gallery_item\",\"props\":{\"image\":\"wp-content\\\/uploads\\\/2023\\\/07\\\/DJI_0272-scaled.jpg\",\"title\":\"DCIM100MEDIADJI_0272.JPG\"}}]}]}]}],\"name\":\"galleria pie di pagina\"},{\"type\":\"section\",\"props\":{\"image_position\":\"center-center\",\"padding\":\"none\",\"style\":\"default\",\"title_breakpoint\":\"xl\",\"title_position\":\"top-left\",\"title_rotation\":\"left\",\"vertical_align\":\"middle\",\"width\":\"\"},\"children\":[{\"type\":\"row\",\"children\":[{\"type\":\"column\",\"props\":{\"image_position\":\"center-center\",\"position_sticky_breakpoint\":\"m\"},\"children\":[{\"type\":\"grid\",\"props\":{\"content_column_breakpoint\":\"m\",\"filter_align\":\"left\",\"filter_all\":true,\"filter_grid_breakpoint\":\"m\",\"filter_grid_width\":\"auto\",\"filter_position\":\"top\",\"filter_style\":\"tab\",\"grid_column_align\":true,\"grid_column_gap\":\"collapse\",\"grid_default\":\"1\",\"grid_medium\":\"4\",\"grid_row_gap\":\"collapse\",\"icon_width\":80,\"image_align\":\"top\",\"image_grid_breakpoint\":\"m\",\"image_grid_width\":\"1-2\",\"image_svg_color\":\"emphasis\",\"item_animation\":true,\"link_style\":\"primary\",\"link_text\":\"Read more\",\"margin\":\"default\",\"meta_align\":\"below-title\",\"meta_element\":\"div\",\"meta_style\":\"text-meta\",\"panel_link\":true,\"panel_padding\":\"default\",\"panel_style\":\"tile-checked\",\"show_content\":true,\"show_image\":true,\"show_link\":true,\"show_meta\":true,\"show_title\":true,\"text_align\":\"center\",\"title_align\":\"top\",\"title_element\":\"h3\",\"title_grid_breakpoint\":\"m\",\"title_grid_width\":\"1-2\",\"title_hover_style\":\"reset\",\"title_link\":true},\"children\":[{\"type\":\"grid_item\",\"props\":{\"link_text\":\"Scopri di pi\\u00f9\",\"panel_style\":\"card-secondary\"},\"source\":{\"query\":{\"name\":\"pages.customPage\",\"arguments\":{\"users\":[],\"users_operator\":\"IN\",\"offset\":0,\"order\":\"date\",\"order_direction\":\"DESC\",\"id\":7679}},\"props\":{\"title\":{\"filters\":{\"search\":\"\"},\"name\":\"title\"},\"link\":{\"filters\":{\"search\":\"\"},\"name\":\"link\"},\"content\":{\"filters\":{\"search\":\"\",\"limit\":150},\"arguments\":{\"show_intro_text\":true},\"name\":\"content\"}}}},{\"type\":\"grid_item\",\"props\":{\"link_text\":\"Scopri di pi\\u00f9\",\"panel_style\":\"card-primary\"},\"source\":{\"query\":{\"name\":\"pages.customPage\",\"arguments\":{\"users\":[],\"users_operator\":\"IN\",\"offset\":0,\"order\":\"date\",\"order_direction\":\"DESC\",\"id\":7682}},\"props\":{\"title\":{\"filters\":{\"search\":\"\"},\"name\":\"title\"},\"link\":{\"filters\":{\"search\":\"\"},\"name\":\"link\"},\"content\":{\"filters\":{\"search\":\"\",\"limit\":150},\"arguments\":{\"show_intro_text\":true},\"name\":\"content\"}}}},{\"type\":\"grid_item\",\"props\":{\"link_text\":\"Scopri di pi\\u00f9\",\"panel_style\":\"card-default\"},\"source\":{\"query\":{\"name\":\"pages.customPage\",\"arguments\":{\"users\":[],\"users_operator\":\"IN\",\"offset\":0,\"order\":\"date\",\"order_direction\":\"DESC\",\"id\":7674}},\"props\":{\"title\":{\"filters\":{\"search\":\"\"},\"name\":\"title\"},\"link\":{\"filters\":{\"search\":\"\"},\"name\":\"link\"},\"content\":{\"filters\":{\"search\":\"\",\"limit\":150},\"arguments\":{\"show_intro_text\":true},\"name\":\"content\"}}}},{\"type\":\"grid_item\",\"props\":{\"link_text\":\"Scopri di pi\\u00f9\",\"panel_style\":\"card-primary\"},\"source\":{\"query\":{\"name\":\"pages.customPage\",\"arguments\":{\"users\":[],\"users_operator\":\"IN\",\"offset\":0,\"order\":\"date\",\"order_direction\":\"DESC\",\"id\":7675}},\"props\":{\"title\":{\"filters\":{\"search\":\"\"},\"name\":\"title\"},\"link\":{\"filters\":{\"search\":\"\"},\"name\":\"link\"},\"content\":{\"filters\":{\"search\":\"\",\"limit\":150},\"arguments\":{\"show_intro_text\":true},\"name\":\"content\"}}}}]}]}]}],\"name\":\"_Correlati produzione FRA\"}],\"version\":\"4.2.13\",\"yooessentialsVersion\":\"2.1.5\"} --><\/p>\n","protected":false},"excerpt":{"rendered":"<p><!-- Builder #page --><\/p>\n<div>CULTURE EN CONTENEURS<\/div>\n<h1>CULTURE EN CONTENEURS<\/h1>\n<div>\n<p>Nous avons beaucoup investi dans cette technique de production et nous sommes parvenus \u00e0 garantir \u00e0 notre client\u00e8le une tr\u00e8s <strong>vaste gamme de produits<\/strong> toujours pr\u00eats \u00e0 \u00eatre livres.<\/p>\n<p>Dans <strong>nos p\u00e9pini\u00e8res<\/strong>, ce type de production est r\u00e9alis\u00e9 en utilisant des substrats pr\u00e9pares en se basant sur les exigences p\u00e9dologiques de chaque vari\u00e9t\u00e9, tant en ext\u00e9rieur que sous abri (serres et syst\u00e8mes d\u2019ombrage), ce qui nous permet de maintenir un niveau de qualit\u00e9 \u00e9lev\u00e9 pendant toute l\u2019ann\u00e9e.<\/p>\n<\/div>\n<p><img decoding=\"async\" src=\"http:\/\/innocentiemangonipiante.it\/wp-content\/uploads\/2014\/11\/iem-vivaio-149.jpg\" alt=\"\"><\/p>\n<hr>\n<p><img decoding=\"async\" src=\"http:\/\/innocentiemangonipiante.it\/wp-content\/uploads\/2014\/11\/elemento-1.png\" alt=\"\"><\/p>\n<ul>\n<li>\n<p>        <img decoding=\"async\" src=\"http:\/\/innocentiemangonipiante.it\/wp-content\/uploads\/2014\/11\/iem-vivaio-144.jpg\" alt=\"\"><\/p>\n<h3>Iem Vivaio 144<\/h3>\n<\/li>\n<li>\n<p>        <img decoding=\"async\" src=\"http:\/\/innocentiemangonipiante.it\/wp-content\/uploads\/2014\/11\/iem-vivaio-146.jpg\" alt=\"\"><\/p>\n<h3>Iem Vivaio 146<\/h3>\n<\/li>\n<li>\n<p>        <img decoding=\"async\" src=\"http:\/\/innocentiemangonipiante.it\/wp-content\/uploads\/2014\/11\/iem-vivaio-147.jpg\" alt=\"\"><\/p>\n<h3>Iem Vivaio 147<\/h3>\n<\/li>\n<li>\n<p>        <img decoding=\"async\" src=\"http:\/\/innocentiemangonipiante.it\/wp-content\/uploads\/2014\/11\/iem-vivaio-132.jpg\" alt=\"\"><\/p>\n<h3>Iem Vivaio 132<\/h3>\n<\/li>\n<li>\n<p>        <img decoding=\"async\" src=\"http:\/\/innocentiemangonipiante.it\/wp-content\/uploads\/2014\/11\/iem-vivaio-165.jpg\" alt=\"\"><\/p>\n<h3>Iem Vivaio 165<\/h3>\n<\/li>\n<li>\n<p>        <img decoding=\"async\" src=\"http:\/\/innocentiemangonipiante.it\/wp-content\/uploads\/2014\/11\/iem-vivaio-163.jpg\" alt=\"\"><\/p>\n<h3>Iem Vivaio 163<\/h3>\n<\/li>\n<li>\n<p>        <img decoding=\"async\" src=\"http:\/\/innocentiemangonipiante.it\/wp-content\/uploads\/2014\/11\/iem-vivaio-192.jpg\" alt=\"\"><\/p>\n<h3>Iem Vivaio 192<\/h3>\n<\/li>\n<li>\n<p>        <img decoding=\"async\" src=\"http:\/\/innocentiemangonipiante.it\/wp-content\/uploads\/2014\/11\/iem-vivaio-161.jpg\" alt=\"\"><\/p>\n<h3>Iem Vivaio 161<\/h3>\n<\/li>\n<\/ul>\n<p><img decoding=\"async\" src=\"http:\/\/innocentiemangonipiante.it\/wp-content\/uploads\/2011\/05\/alto.png\" alt=\"\"><\/p>\n","protected":false},"author":2,"featured_media":10051,"parent":0,"menu_order":24,"comment_status":"open","ping_status":"closed","template":"","meta":{"_acf_changed":false,"footnotes":""},"class_list":["post-7681","page","type-page","status-publish","has-post-thumbnail","hentry"],"acf":[],"_links":{"self":[{"href":"https:\/\/innocentiemangonipiante.it\/fr\/wp-json\/wp\/v2\/pages\/7681","targetHints":{"allow":["GET"]}}],"collection":[{"href":"https:\/\/innocentiemangonipiante.it\/fr\/wp-json\/wp\/v2\/pages"}],"about":[{"href":"https:\/\/innocentiemangonipiante.it\/fr\/wp-json\/wp\/v2\/types\/page"}],"author":[{"embeddable":true,"href":"https:\/\/innocentiemangonipiante.it\/fr\/wp-json\/wp\/v2\/users\/2"}],"replies":[{"embeddable":true,"href":"https:\/\/innocentiemangonipiante.it\/fr\/wp-json\/wp\/v2\/comments?post=7681"}],"version-history":[{"count":0,"href":"https:\/\/innocentiemangonipiante.it\/fr\/wp-json\/wp\/v2\/pages\/7681\/revisions"}],"wp:featuredmedia":[{"embeddable":true,"href":"https:\/\/innocentiemangonipiante.it\/fr\/wp-json\/wp\/v2\/media\/10051"}],"wp:attachment":[{"href":"https:\/\/innocentiemangonipiante.it\/fr\/wp-json\/wp\/v2\/media?parent=7681"}],"curies":[{"name":"wp","href":"https:\/\/api.w.org\/{rel}","templated":true}]}}