{"id":7682,"date":"2014-11-24T10:50:18","date_gmt":"2014-11-24T09:50:18","guid":{"rendered":"http:\/\/innocentiemangonipiante.it\/2014\/11\/24\/culture-en-pleine-terre-de-plantes-en-pepiniere\/"},"modified":"2024-01-15T17:47:14","modified_gmt":"2024-01-15T16:47:14","slug":"culture-en-pleine-terre","status":"publish","type":"page","link":"https:\/\/innocentiemangonipiante.it\/fr\/culture-en-pleine-terre\/","title":{"rendered":"Culture en pleine terre"},"content":{"rendered":"<h1>Culture en pleine terre<\/h1>\n<div>\n<p>La culture en pleine terre est un secteur tr\u00e8s important pour nous que b\u00e9n\u00e9ficie de la fertilit\u00e9 du sol de la plaine de Pistoia.<\/p>\n<\/div>\n<div>\n<p>Aujourd\u2019hui <strong>plus du 50%<\/strong> de nos surfaces sont cultiv\u00e9es en pleine terre. Par rapport au pass\u00e9 le processus de production a \u00e9t\u00e9 modernis\u00e9 en utilisant des machines agricoles tr\u00e8s technologiques; avec la mise en oeuvre d\u2019une programmation de transplantations pluriannuelles et l\u2019augmentation des distances de plantation.<\/p>\n<\/div>\n<p><img decoding=\"async\" src=\"\/wp-content\/uploads\/2023\/06\/tree-5373563_1280.webp\" alt=\"\" title=\"\"><br \/>\n<img decoding=\"async\" src=\"\/wp-content\/uploads\/2023\/07\/grass-border.png\" alt=\"bordurina erba\" title=\"\"><\/p>\n<h4><span>Assortiment vari\u00e9tal de plantes cultiv\u00e9es en pleine terre<\/span><\/h4>\n<h3>SP\u00c9CIMENS DE PLANTES CULTIV\u00c9ES EN PLEINE TERRE<\/h3>\n<div>\n<\/div>\n<div>La vocation est le paysage<\/div>\n<ul>\n<li>\n<p>        <img decoding=\"async\" src=\"\/wp-content\/uploads\/2014\/11\/coltivazione-in-piena-terra2.jpg\" alt=\"\" title=\"\"><\/p>\n<h3>coltivazione-in-piena-terra2<\/h3>\n<\/li>\n<li>\n<p>        <img decoding=\"async\" src=\"\/wp-content\/uploads\/2014\/11\/coltivazione-in-piena-terra1.jpg\" alt=\"\" title=\"\"><\/p>\n<h3>coltivazione in piena terra<\/h3>\n<\/li>\n<li>\n<p>        <img decoding=\"async\" src=\"\/wp-content\/uploads\/2014\/11\/coltivazione-in-piena-terra7.jpg\" alt=\"\" title=\"\"><\/p>\n<h3>coltivazione-in-piena-terra7<\/h3>\n<\/li>\n<li>\n<p>        <img decoding=\"async\" src=\"\/wp-content\/uploads\/2014\/11\/coltivazione-in-piena-terra6.jpg\" alt=\"\" title=\"\"><\/p>\n<h3>coltivazione-in-piena-terra6<\/h3>\n<\/li>\n<li>\n<p>        <img decoding=\"async\" src=\"\/wp-content\/uploads\/2014\/11\/coltivazione-in-piena-terra4.jpg\" alt=\"\" title=\"\"><\/p>\n<h3>coltivazione-in-piena-terra4<\/h3>\n<\/li>\n<li>\n<p>        <img decoding=\"async\" src=\"\/wp-content\/uploads\/2014\/11\/coltivazione-in-piena-terra3.jpg\" alt=\"\" title=\"\"><\/p>\n<h3>coltivazione-in-piena-terra3<\/h3>\n<\/li>\n<\/ul>\n<ul>\n<li>\n<\/li>\n<li>\n<\/li>\n<li>\n<\/li>\n<li>\n<\/li>\n<\/ul>\n<p><!--more--><br \/>\n<!-- {\"name\":\"IT- COLTIVAZIONE IN PIENA TERRA\",\"type\":\"layout\",\"children\":[{\"name\":\"Hero\",\"type\":\"section\",\"props\":{\"header_transparent\":\"dark\",\"header_transparent_noplaceholder\":true,\"height\":\"percent\",\"image_position\":\"center-center\",\"image_size\":\"cover\",\"image_width\":\"2560\",\"overlap\":false,\"padding\":\"xlarge\",\"style\":\"secondary\",\"title_breakpoint\":\"xl\",\"title_position\":\"top-left\",\"title_rotation\":\"left\",\"vertical_align\":\"middle\",\"video\":\"wp-content\\\/uploads\\\/2023\\\/11\\\/coltivazione-in-piena-terra.mp4\",\"video_height\":\"1200\",\"width\":\"\"},\"children\":[{\"type\":\"row\",\"children\":[{\"type\":\"column\",\"props\":{\"image_position\":\"center-center\",\"position_sticky_breakpoint\":\"m\",\"width_medium\":\"1-1\"}}]}]},{\"name\":\"About\",\"type\":\"section\",\"props\":{\"animation\":\"fade\",\"image_effect\":\"parallax\",\"image_focal_point\":\"center-right\",\"image_parallax_bgx\":\"280,-300\",\"image_position\":\"center-right\",\"image_size\":\"height-1-1\",\"media_visibility\":\"m\",\"overlap\":true,\"padding\":\"large\",\"padding_remove_bottom\":true,\"style\":\"default\",\"title_breakpoint\":\"xl\",\"title_position\":\"top-left\",\"title_rotation\":\"left\",\"vertical_align\":\"middle\",\"width\":\"xlarge\"},\"children\":[{\"type\":\"row\",\"props\":{\"column_gap\":\"large\",\"layout\":\"1-2,1-2\",\"row_gap\":\"large\"},\"children\":[{\"type\":\"column\",\"props\":{\"image_position\":\"center-center\",\"position_sticky_breakpoint\":\"m\",\"vertical_align\":\"middle\",\"width_medium\":\"1-2\"},\"children\":[{\"type\":\"headline\",\"props\":{\"content\":\"Culture en pleine terre\",\"margin\":\"remove-vertical\",\"title_color\":\"primary\",\"title_element\":\"h1\",\"title_style\":\"heading-medium\"}},{\"type\":\"text\",\"props\":{\"column_breakpoint\":\"m\",\"content\":\"\n\n<p>La culture en pleine terre est un secteur tr\\u00e8s important pour nous que b\\u00e9n\\u00e9ficie de la fertilit\\u00e9 du sol de la plaine de Pistoia.<\\\/p>\",\"margin\":\"default\"}},{\"type\":\"text\",\"props\":{\"column_breakpoint\":\"m\",\"content\":\"\n\n<p>Aujourd\\u2019hui <strong>plus du 50%<\\\/strong> de nos surfaces sont cultiv\\u00e9es en pleine terre. Par rapport au pass\\u00e9 le processus de production a \\u00e9t\\u00e9 modernis\\u00e9 en utilisant des machines agricoles tr\\u00e8s technologiques; avec la mise en oeuvre d\\u2019une programmation de transplantations pluriannuelles et l\\u2019augmentation des distances de plantation.<\\\/p>\",\"margin\":\"default\"}}]},{\"type\":\"column\",\"props\":{\"image_position\":\"center-center\",\"position_sticky_breakpoint\":\"m\",\"vertical_align\":\"bottom\",\"width_medium\":\"1-2\"},\"children\":[{\"type\":\"image\",\"props\":{\"image\":\"wp-content\\\/uploads\\\/2023\\\/06\\\/tree-5373563_1280.webp\",\"image_svg_color\":\"emphasis\",\"margin\":\"default\",\"position\":\"relative\",\"position_bottom\":\"-90\",\"position_right\":\"-170\"}}]}]}]},{\"type\":\"section\",\"props\":{\"height\":\"expand\",\"image\":\"wp-content\\\/uploads\\\/2023\\\/07\\\/grass-border.png\",\"image_position\":\"center-center\",\"image_size\":\"width-1-1\",\"image_width\":\"2560\",\"padding\":\"none\",\"style\":\"default\",\"title_breakpoint\":\"xl\",\"title_position\":\"top-left\",\"title_rotation\":\"left\",\"vertical_align\":\"middle\",\"width\":\"\"},\"children\":[{\"type\":\"row\",\"children\":[{\"type\":\"column\",\"props\":{\"image_position\":\"center-center\",\"position_sticky_breakpoint\":\"m\",\"width_medium\":\"1-1\"},\"children\":[{\"type\":\"image\",\"props\":{\"image\":\"wp-content\\\/uploads\\\/2023\\\/07\\\/grass-border.png\",\"image_alt\":\"bordurina erba\",\"image_svg_color\":\"emphasis\",\"margin\":\"remove-vertical\",\"position\":\"relative\",\"position_z_index\":\"3\"}}]}]}],\"name\":\"bordurina\"},{\"name\":\"Menu\",\"type\":\"section\",\"props\":{\"animation\":\"fade\",\"image\":\"wp-content\\\/uploads\\\/2023\\\/07\\\/1IN0696-scaled.jpg\",\"image_position\":\"center-center\",\"image_size\":\"cover\",\"image_width\":\"2560\",\"media_overlay\":\"rgba(34, 32, 30, 0.7)\",\"overlap\":true,\"padding\":\"large\",\"padding_remove_top\":false,\"preserve_color\":false,\"style\":\"secondary\",\"title_breakpoint\":\"xl\",\"title_position\":\"top-left\",\"title_rotation\":\"left\",\"vertical_align\":\"middle\",\"width\":\"large\"},\"children\":[{\"type\":\"row\",\"children\":[{\"type\":\"column\",\"props\":{\"image_position\":\"center-center\",\"position_sticky_breakpoint\":\"m\",\"width_medium\":\"1-1\"},\"children\":[{\"type\":\"headline\",\"props\":{\"content\":\"<span>Assortiment vari\\u00e9tal de plantes cultiv\\u00e9es en pleine terre<\\\/span>\",\"text_align\":\"center\",\"text_align_breakpoint\":\"s\",\"title_element\":\"h4\",\"title_style\":\"h3\"}},{\"type\":\"headline\",\"props\":{\"content\":\"SP\\u00c9CIMENS DE PLANTES CULTIV\\u00c9ES EN PLEINE TERRE\",\"margin\":\"remove-vertical\",\"text_align\":\"center\",\"text_align_breakpoint\":\"s\",\"title_element\":\"h3\",\"title_style\":\"heading-small\"}},{\"type\":\"overlay-slider\",\"props\":{\"content_style\":\"text-lead\",\"image_height\":\"500\",\"image_width\":\"500\",\"link_style\":\"default\",\"link_text\":\"\",\"margin\":\"large\",\"meta_align\":\"below-title\",\"meta_element\":\"div\",\"meta_style\":\"text-meta\",\"nav\":\"\",\"nav_align\":\"center\",\"nav_breakpoint\":\"s\",\"overlay_link\":true,\"overlay_maxwidth\":\"2xlarge\",\"overlay_mode\":\"caption\",\"overlay_position\":\"bottom-center\",\"overlay_style\":\"overlay-primary\",\"overlay_transition\":\"fade\",\"show_content\":true,\"show_hover_image\":true,\"show_link\":true,\"show_meta\":true,\"show_title\":true,\"slidenav\":\"outside\",\"slidenav_breakpoint\":\"xl\",\"slidenav_hover\":false,\"slidenav_margin\":\"medium\",\"slidenav_outside_breakpoint\":\"xl\",\"slider_autoplay_pause\":true,\"slider_gap\":\"default\",\"slider_width\":\"fixed\",\"slider_width_default\":\"1-1\",\"slider_width_medium\":\"1-3\",\"text_align\":\"left\",\"title_element\":\"h3\",\"title_font_family\":\"primary\",\"title_hover_style\":\"reset\",\"title_link\":true,\"title_style\":\"h4\"},\"children\":[{\"type\":\"overlay-slider_item\",\"props\":{\"yooessentials_access_conditions\":[{\"type\":\"yooessentials_access_dynamic\",\"id\":\"ci_C5FC19\",\"props\":{\"condition\":\"~=\",\"condition_value\":\"RN\"},\"source_extended\":{\"props\":{\"value\":{\"name\":\"woocommerce.additional_information\"}}}},{\"type\":\"yooessentials_access_dynamic\",\"id\":\"ci_7BCF27\",\"props\":{\"condition\":\"~=\",\"condition_value\":\"motte\"},\"source_extended\":{\"props\":{\"value\":{\"name\":\"woocommerce.additional_information\"}}}}],\"yooessentials_access_mode\":\"OR\"},\"source\":{\"props\":{\"title\":{\"filters\":{\"search\":\"\"},\"name\":\"title\"},\"image\":{\"filters\":{\"search\":\"\"},\"name\":\"featuredImage.url\"},\"image_alt\":{\"filters\":{\"search\":\"\"},\"name\":\"featuredImage.alt\"},\"link\":{\"filters\":{\"search\":\"\"},\"name\":\"link\"},\"_condition\":{\"filters\":{\"condition\":\"!!\"},\"name\":\"featuredImage.url\"}},\"query\":{\"name\":\"products.customProducts\",\"arguments\":{\"terms\":[],\"product_cat_operator\":\"IN\",\"product_tag_operator\":\"IN\",\"product_visibility_operator\":\"IN\",\"users\":[],\"users_operator\":\"IN\",\"offset\":0,\"limit\":16,\"order\":\"rand\",\"order_direction\":\"DESC\"}}}}],\"name\":\"*slider piante filtrate bene\"}]}]}]},{\"type\":\"section\",\"props\":{\"height\":\"expand\",\"image\":\"wp-content\\\/uploads\\\/2023\\\/07\\\/wisteria-temp.png\",\"image_focal_point\":\"top-right\",\"image_position\":\"top-right\",\"image_size\":\"height-1-1\",\"padding\":\"large\",\"style\":\"default\",\"title_breakpoint\":\"xl\",\"title_position\":\"top-left\",\"title_rotation\":\"left\",\"vertical_align\":\"middle\",\"width\":\"default\",\"yooessentials_access_conditions\":[{\"type\":\"yooessentials_access_device\",\"id\":\"ci_FE25FA\",\"props\":{\"devices\":[\"mobile\"],\"reversed\":true}}],\"yooessentials_access_mode\":\"AND\"},\"children\":[{\"type\":\"row\",\"children\":[{\"type\":\"column\",\"props\":{\"image_position\":\"center-center\",\"position_sticky_breakpoint\":\"m\"},\"children\":[{\"type\":\"headline\",\"props\":{\"content\":\"La vocation est le paysage\",\"margin\":\"large\",\"margin_remove_top\":true,\"text_align\":\"center\",\"title_color\":\"primary\",\"title_element\":\"div\",\"title_style\":\"heading-small\"}}]}],\"props\":{\"column_gap\":\"collapse\",\"row_gap\":\"collapse\"}}]},{\"type\":\"section\",\"props\":{\"animation\":\"fade\",\"animation_delay\":\"100\",\"image_position\":\"center-center\",\"padding_remove_bottom\":true,\"style\":\"primary\",\"title_breakpoint\":\"xl\",\"title_position\":\"top-left\",\"title_rotation\":\"left\",\"vertical_align\":\"middle\",\"width\":\"\"},\"children\":[{\"type\":\"row\",\"children\":[{\"type\":\"column\",\"props\":{\"image_position\":\"center-center\",\"position_sticky_breakpoint\":\"m\"},\"children\":[{\"type\":\"headline\",\"props\":{\"text_align\":\"center\",\"title_decoration\":\"line\",\"title_element\":\"h2\",\"title_style\":\"h2\"},\"source\":{\"query\":{\"name\":\"pages.singlePage\"},\"props\":{\"content\":{\"filters\":{\"search\":\"\"},\"name\":\"title\"}}}},{\"type\":\"gallery\",\"props\":{\"filter_align\":\"left\",\"filter_all\":true,\"filter_grid_breakpoint\":\"m\",\"filter_grid_width\":\"auto\",\"filter_position\":\"top\",\"filter_style\":\"tab\",\"grid_column_gap\":\"collapse\",\"grid_default\":\"2\",\"grid_medium\":\"3\",\"grid_row_gap\":\"collapse\",\"image_height\":\"600\",\"image_width\":\"900\",\"item_animation\":true,\"link_style\":\"default\",\"link_text\":\"Read more\",\"margin\":\"default\",\"meta_align\":\"below-title\",\"meta_element\":\"div\",\"meta_style\":\"text-meta\",\"overlay_hover\":false,\"overlay_mode\":\"cover\",\"overlay_position\":\"center\",\"overlay_style\":\"\",\"overlay_transition\":\"fade\",\"show_content\":false,\"show_hover_image\":true,\"show_link\":true,\"show_meta\":false,\"show_title\":false,\"text_align\":\"center\",\"text_color\":\"light\",\"title_element\":\"h3\",\"title_hover_style\":\"reset\"},\"children\":[{\"type\":\"gallery_item\",\"props\":{\"image\":\"wp-content\\\/uploads\\\/2014\\\/11\\\/coltivazione-in-piena-terra2.jpg\",\"title\":\"coltivazione-in-piena-terra2\"}},{\"type\":\"gallery_item\",\"props\":{\"image\":\"wp-content\\\/uploads\\\/2014\\\/11\\\/coltivazione-in-piena-terra1.jpg\",\"title\":\"coltivazione in piena terra\"}},{\"type\":\"gallery_item\",\"props\":{\"image\":\"wp-content\\\/uploads\\\/2014\\\/11\\\/coltivazione-in-piena-terra7.jpg\",\"title\":\"coltivazione-in-piena-terra7\"}},{\"type\":\"gallery_item\",\"props\":{\"image\":\"wp-content\\\/uploads\\\/2014\\\/11\\\/coltivazione-in-piena-terra6.jpg\",\"title\":\"coltivazione-in-piena-terra6\"}},{\"type\":\"gallery_item\",\"props\":{\"image\":\"wp-content\\\/uploads\\\/2014\\\/11\\\/coltivazione-in-piena-terra4.jpg\",\"title\":\"coltivazione-in-piena-terra4\"}},{\"type\":\"gallery_item\",\"props\":{\"image\":\"wp-content\\\/uploads\\\/2014\\\/11\\\/coltivazione-in-piena-terra3.jpg\",\"title\":\"coltivazione-in-piena-terra3\"}}]}]}]}],\"name\":\"galleria pie di pagina\"},{\"type\":\"section\",\"props\":{\"image_position\":\"center-center\",\"padding\":\"none\",\"style\":\"default\",\"title_breakpoint\":\"xl\",\"title_position\":\"top-left\",\"title_rotation\":\"left\",\"vertical_align\":\"middle\",\"width\":\"\"},\"children\":[{\"type\":\"row\",\"children\":[{\"type\":\"column\",\"props\":{\"image_position\":\"center-center\",\"position_sticky_breakpoint\":\"m\"},\"children\":[{\"type\":\"grid\",\"props\":{\"content_column_breakpoint\":\"m\",\"filter_align\":\"left\",\"filter_all\":true,\"filter_grid_breakpoint\":\"m\",\"filter_grid_width\":\"auto\",\"filter_position\":\"top\",\"filter_style\":\"tab\",\"grid_column_align\":true,\"grid_column_gap\":\"collapse\",\"grid_default\":\"1\",\"grid_medium\":\"4\",\"grid_row_gap\":\"collapse\",\"icon_width\":80,\"image_align\":\"top\",\"image_grid_breakpoint\":\"m\",\"image_grid_width\":\"1-2\",\"image_svg_color\":\"emphasis\",\"item_animation\":true,\"link_style\":\"primary\",\"link_text\":\"En savoir plus\",\"margin\":\"default\",\"meta_align\":\"below-title\",\"meta_element\":\"div\",\"meta_style\":\"text-meta\",\"panel_link\":true,\"panel_padding\":\"default\",\"panel_style\":\"tile-checked\",\"show_content\":true,\"show_image\":true,\"show_link\":true,\"show_meta\":true,\"show_title\":true,\"text_align\":\"center\",\"title_align\":\"top\",\"title_element\":\"h3\",\"title_grid_breakpoint\":\"m\",\"title_grid_width\":\"1-2\",\"title_hover_style\":\"reset\",\"title_link\":true},\"children\":[{\"type\":\"grid_item\",\"props\":{\"panel_style\":\"card-primary\"},\"source\":{\"query\":{\"name\":\"pages.customPage\",\"arguments\":{\"users\":[],\"users_operator\":\"IN\",\"offset\":0,\"order\":\"date\",\"order_direction\":\"DESC\",\"id\":7679}},\"props\":{\"title\":{\"filters\":{\"search\":\"\"},\"name\":\"title\"},\"link\":{\"filters\":{\"search\":\"\"},\"name\":\"link\"},\"content\":{\"filters\":{\"search\":\"\",\"limit\":150},\"arguments\":{\"show_intro_text\":true},\"name\":\"content\"}}}},{\"type\":\"grid_item\",\"props\":{\"panel_style\":\"card-secondary\"},\"source\":{\"query\":{\"name\":\"pages.customPage\",\"arguments\":{\"users\":[],\"users_operator\":\"IN\",\"offset\":0,\"order\":\"date\",\"order_direction\":\"DESC\",\"id\":7681}},\"props\":{\"title\":{\"filters\":{\"search\":\"\"},\"name\":\"title\"},\"link\":{\"filters\":{\"search\":\"\"},\"name\":\"link\"},\"content\":{\"filters\":{\"search\":\"\",\"limit\":150},\"arguments\":{\"show_intro_text\":true},\"name\":\"content\"}}}},{\"type\":\"grid_item\",\"props\":{\"panel_style\":\"card-primary\"},\"source\":{\"query\":{\"name\":\"pages.customPage\",\"arguments\":{\"users\":[],\"users_operator\":\"IN\",\"offset\":0,\"order\":\"date\",\"order_direction\":\"DESC\",\"id\":7674}},\"props\":{\"title\":{\"filters\":{\"search\":\"\"},\"name\":\"title\"},\"link\":{\"filters\":{\"search\":\"\"},\"name\":\"link\"},\"content\":{\"filters\":{\"search\":\"\",\"limit\":150},\"arguments\":{\"show_intro_text\":true},\"name\":\"content\"}}}},{\"type\":\"grid_item\",\"props\":{\"panel_style\":\"card-secondary\"},\"source\":{\"query\":{\"name\":\"pages.customPage\",\"arguments\":{\"users\":[],\"users_operator\":\"IN\",\"offset\":0,\"order\":\"date\",\"order_direction\":\"DESC\",\"id\":7675}},\"props\":{\"title\":{\"filters\":{\"search\":\"\"},\"name\":\"title\"},\"link\":{\"filters\":{\"search\":\"\"},\"name\":\"link\"},\"content\":{\"filters\":{\"search\":\"\",\"limit\":150},\"arguments\":{\"show_intro_text\":true},\"name\":\"content\"}}}}]}]}]}],\"name\":\"_Correlati produzione ENG\"}],\"version\":\"4.2.11\",\"yooessentialsVersion\":\"2.1.5\"} --><\/p>\n","protected":false},"excerpt":{"rendered":"<p><!-- Builder #page --><\/p>\n<div>CULTURE EN PLEINE TERRE<\/div>\n<h1>culture en pleine terre<\/h1>\n<div>\n<p><strong>La culture en pleine terre<\/strong> est un secteur tr\u00e8s important pour nous que b\u00e9n\u00e9ficie de la fertilit\u00e9 du sol de la plaine de Pistoia. Aujourd\u2019hui plus du 50% de nos surfaces sont cultiv\u00e9es en pleine terre.<\/p>\n<p>Par rapport au pass\u00e9 le processus de production a \u00e9t\u00e9 modernis\u00e9 en utilisant des machines agricoles tr\u00e8s technologiques; avec la mise en oeuvre d\u2019une programmation de transplantations pluriannuelles et l\u2019augmentation des distances de plantation.<\/p>\n<\/div>\n<p><img decoding=\"async\" src=\"http:\/\/innocentiemangonipiante.it\/wp-content\/uploads\/2014\/11\/iem-vivaio-69.jpg\" alt=\"\"><br \/>\n<img decoding=\"async\" src=\"http:\/\/innocentiemangonipiante.it\/wp-content\/uploads\/2014\/11\/elemento-1.png\" alt=\"\"><\/p>\n<ul>\n<li>\n<p>        <img decoding=\"async\" src=\"http:\/\/innocentiemangonipiante.it\/wp-content\/uploads\/2014\/11\/coltivazione-in-piena-terra1.jpg\" alt=\"coltivazione in piena terra\"><\/p>\n<\/li>\n<li>\n<p>        <img decoding=\"async\" src=\"http:\/\/innocentiemangonipiante.it\/wp-content\/uploads\/2014\/11\/coltivazione-in-piena-terra2.jpg\" alt=\"\"><\/p>\n<\/li>\n<li>\n<p>        <img decoding=\"async\" src=\"http:\/\/innocentiemangonipiante.it\/wp-content\/uploads\/2014\/11\/coltivazione-in-piena-terra3.jpg\" alt=\"\"><\/p>\n<\/li>\n<li>\n<p>        <img decoding=\"async\" src=\"http:\/\/innocentiemangonipiante.it\/wp-content\/uploads\/2014\/11\/coltivazione-in-piena-terra4.jpg\" alt=\"\"><\/p>\n<\/li>\n<li>\n<p>        <img decoding=\"async\" src=\"http:\/\/innocentiemangonipiante.it\/wp-content\/uploads\/2014\/11\/coltivazione-in-piena-terra6.jpg\" alt=\"\"><\/p>\n<\/li>\n<li>\n<p>        <img decoding=\"async\" src=\"http:\/\/innocentiemangonipiante.it\/wp-content\/uploads\/2014\/11\/coltivazione-in-piena-terra7.jpg\" alt=\"\"><\/p>\n<\/li>\n<\/ul>\n<ul>\n<li>\n<p>        <img decoding=\"async\" src=\"http:\/\/innocentiemangonipiante.it\/wp-content\/uploads\/2014\/11\/iem-vivaio-141.jpg\" alt=\"\"><\/p>\n<h3>Iem Vivaio 141<\/h3>\n<\/li>\n<li>\n<p>        <img decoding=\"async\" src=\"http:\/\/innocentiemangonipiante.it\/wp-content\/uploads\/2014\/11\/iem-vivaio-38.jpg\" alt=\"\"><\/p>\n<h3>Iem Vivaio 38<\/h3>\n<\/li>\n<li>\n<p>        <img decoding=\"async\" src=\"http:\/\/innocentiemangonipiante.it\/wp-content\/uploads\/2014\/11\/iem-vivaio-16.jpg\" alt=\"\"><\/p>\n<h3>Iem Vivaio 16<\/h3>\n<\/li>\n<li>\n<p>        <img decoding=\"async\" src=\"http:\/\/innocentiemangonipiante.it\/wp-content\/uploads\/2014\/11\/iem-vivaio-137.jpg\" alt=\"\"><\/p>\n<h3>Iem Vivaio 137<\/h3>\n<\/li>\n<li>\n<p>        <img decoding=\"async\" src=\"http:\/\/innocentiemangonipiante.it\/wp-content\/uploads\/2014\/11\/iem-vivaio-131.jpg\" alt=\"\"><\/p>\n<h3>Iem Vivaio 131<\/h3>\n<\/li>\n<li>\n<p>        <img decoding=\"async\" src=\"http:\/\/innocentiemangonipiante.it\/wp-content\/uploads\/2014\/11\/iem-vivaio-145.jpg\" alt=\"\"><\/p>\n<h3>Iem Vivaio 145<\/h3>\n<\/li>\n<\/ul>\n<p><img decoding=\"async\" src=\"http:\/\/innocentiemangonipiante.it\/wp-content\/uploads\/2014\/11\/elemento-4.png\" alt=\"\"><br \/>\n<img decoding=\"async\" src=\"http:\/\/innocentiemangonipiante.it\/wp-content\/uploads\/2014\/11\/elemento-1.png\" alt=\"\"><\/p>\n","protected":false},"author":2,"featured_media":10125,"parent":0,"menu_order":25,"comment_status":"open","ping_status":"closed","template":"","meta":{"_acf_changed":false,"footnotes":""},"class_list":["post-7682","page","type-page","status-publish","has-post-thumbnail","hentry"],"acf":[],"_links":{"self":[{"href":"https:\/\/innocentiemangonipiante.it\/fr\/wp-json\/wp\/v2\/pages\/7682","targetHints":{"allow":["GET"]}}],"collection":[{"href":"https:\/\/innocentiemangonipiante.it\/fr\/wp-json\/wp\/v2\/pages"}],"about":[{"href":"https:\/\/innocentiemangonipiante.it\/fr\/wp-json\/wp\/v2\/types\/page"}],"author":[{"embeddable":true,"href":"https:\/\/innocentiemangonipiante.it\/fr\/wp-json\/wp\/v2\/users\/2"}],"replies":[{"embeddable":true,"href":"https:\/\/innocentiemangonipiante.it\/fr\/wp-json\/wp\/v2\/comments?post=7682"}],"version-history":[{"count":0,"href":"https:\/\/innocentiemangonipiante.it\/fr\/wp-json\/wp\/v2\/pages\/7682\/revisions"}],"wp:featuredmedia":[{"embeddable":true,"href":"https:\/\/innocentiemangonipiante.it\/fr\/wp-json\/wp\/v2\/media\/10125"}],"wp:attachment":[{"href":"https:\/\/innocentiemangonipiante.it\/fr\/wp-json\/wp\/v2\/media?parent=7682"}],"curies":[{"name":"wp","href":"https:\/\/api.w.org\/{rel}","templated":true}]}}