{"id":8572,"date":"2016-11-24T10:56:00","date_gmt":"2016-11-24T09:56:00","guid":{"rendered":"http:\/\/innocentiemangonipiante.it\/2017\/05\/01\/services-et-logistique\/"},"modified":"2024-01-16T10:36:31","modified_gmt":"2024-01-16T09:36:31","slug":"services-personnalises","status":"publish","type":"page","link":"https:\/\/innocentiemangonipiante.it\/fr\/services-personnalises\/","title":{"rendered":"Services personnalis\u00e9s"},"content":{"rendered":"<h1>Services Personnalis\u00e9s<\/h1>\n<div>\n<p>Chaque <strong>plante<\/strong> qui sort de nos pe\u0301pinie\u0300res est soumise a\u0300 une phase de choix approfondie de la part de nos responsables Qualite\u0301. Elle passe ensuite a\u0300 la phase d\u2019emballage afin d\u2019e\u0301viter la de\u0301te\u0301rioration du produit pendant le chargement et le transport.<\/p>\n<p>Si le client en fait la demande expresse, nous effectuons des <strong>emballages et des expe\u0301ditions dans des caisses-palettes ou des chariots CC (rolls CC)<\/strong> si le type de plantes demande\u0301 l\u2019exige.<\/p>\n<p>Notre personnel hautement spe\u0301cialise\u0301 effectue la phase de chargement en prenant soin de pre\u0301server l\u2019inte\u0301grite\u0301 de chaque plante.<\/p>\n<\/div>\n<ul>\n<li>\n<p>        <img decoding=\"async\" src=\"\/wp-content\/uploads\/2023\/08\/foglia-2-chiara.svg\" alt=\"Elemento foglia 2 chiara\" title=\"\"><\/p>\n<div>\n<p>OFFRES PERSONNALIS\u00c9ES<\/p>\n<\/div>\n<\/li>\n<li>\n<p>        <img decoding=\"async\" src=\"\/wp-content\/uploads\/2023\/08\/foglia-2-scura.svg\" alt=\"segnaposto foglia\" title=\"\"><\/p>\n<div>\n<p>CAISSES-PALETTES<\/p>\n<\/div>\n<\/li>\n<li>\n<p>        <img decoding=\"async\" src=\"\/wp-content\/uploads\/2023\/08\/foglia-1-scura.svg\" alt=\"segnaposto foglia\" title=\"\"><\/p>\n<div>\n<p>CHARIOTS CC<\/p>\n<\/div>\n<\/li>\n<li>\n<p>        <img decoding=\"async\" src=\"\/wp-content\/uploads\/2023\/08\/foglia-1-chiara.svg\" alt=\"Segnaposto foglia\" title=\"\"><\/p>\n<div>\n<p>\u00c9TIQUETTES AVEC PRIX DE VENTE<\/p>\n<\/div>\n<\/li>\n<li>\n<p>        <img decoding=\"async\" src=\"\/wp-content\/uploads\/2023\/08\/foglia-1-chiara.svg\" alt=\"segnaposto foglia\" title=\"\"><\/p>\n<div>\n<p>\u00c9TIQUETTES PHOTOGRAPHIQUES<\/p>\n<\/div>\n<\/li>\n<li>\n<p>        <img decoding=\"async\" src=\"\/wp-content\/uploads\/2023\/08\/foglia-1-scura.svg\" alt=\"segnaposto foglia\" title=\"\"><\/p>\n<div>\n<p>\u00c9TIQUETTES PERSONNALIS\u00c9ES<\/p>\n<\/div>\n<\/li>\n<\/ul>\n<p><img decoding=\"async\" src=\"\/wp-content\/uploads\/2023\/07\/iem-vivaio-67.jpg\" alt=\"logistica piante nel mondo\" title=\"\"><\/p>\n<h3>Logistique<\/h3>\n<div>Nous disposons d\u2019une logistique performante et gra\u0302ce a\u0300 l\u2019expe\u0301rience et au professionnalisme acquis au fil des anne\u0301es, nous garantissons des expe\u0301ditions rapides et e\u0301tendues dans le monde entier.<\/div>\n<p>\n    <a href=\"\/fr\/plantes-logistique\/\">Notre logistique<\/a>\n<\/p>\n<h3>Webshop<\/h3>\n<div>\n<p>Un service d\u00e9di\u00e9 aux professionnels: jardineries, p\u00e9pini\u00e9ristes, paysagistes. Les clients enregistr\u00e9s pourront:<\/p>\n<\/div>\n<ul>\n<li>\n<p>        <img decoding=\"async\" src=\"\/wp-content\/uploads\/2023\/08\/foglia-2-chiara.svg\" alt=\"Elemento foglia 2 chiara\" title=\"\"><\/p>\n<div>\n<p>Consulter la gamme varietale<\/p>\n<\/div>\n<\/li>\n<li>\n<p>        <img decoding=\"async\" src=\"\/wp-content\/uploads\/2023\/08\/foglia-2-scura.svg\" alt=\"Elemento foglia 2 chiara\" title=\"\"><\/p>\n<div>\n<p>Voir les photos du produit<\/p>\n<\/div>\n<\/li>\n<li>\n<p>        <img decoding=\"async\" src=\"\/wp-content\/uploads\/2023\/08\/foglia-2-chiara.svg\" alt=\"Elemento foglia 2 chiara\" title=\"\"><\/p>\n<div>\n<p>G\u00e9n\u00e9rer des commandes<\/p>\n<\/div>\n<\/li>\n<li>\n<p>        <img decoding=\"async\" src=\"\/wp-content\/uploads\/2023\/08\/foglia-2-scura.svg\" alt=\"\" title=\"\"><\/p>\n<div>\n<p>Laissez-vous inspirer par les offres du moment<\/p>\n<\/div>\n<\/li>\n<\/ul>\n<div>Disponible en version Desktop pour une utilisation id\u00e9ale depuis votre bureau ou en version Mobile en t\u00e9l\u00e9chargeant l\u2019application sur les stores (App Store e Google Play).<\/div>\n<p>\n    <a href=\"\/fr\/boutique-en-ligne\">Notre boutique de plantes en ligne<\/a>\n<\/p>\n<p><img decoding=\"async\" src=\"\/wp-content\/uploads\/2023\/07\/accesso-webshop-corretto.png\" alt=\"accesso allo webshop innocenti e mangoni da desktop\" title=\"\"><br \/>\n<img decoding=\"async\" src=\"\/wp-content\/uploads\/2024\/01\/sales-department-DJI_0142.jpg\" alt=\"Sales department\" title=\"\"><\/p>\n<h3>Sales department<\/h3>\n<p><!--more--><br \/>\n<!-- {\"name\":\"IT- SERVIZI E LOGISTICA\",\"type\":\"layout\",\"children\":[{\"name\":\"Hero\",\"type\":\"section\",\"props\":{\"header_transparent\":\"dark\",\"header_transparent_noplaceholder\":true,\"height\":\"percent\",\"image\":\"wp-content\\\/uploads\\\/2023\\\/07\\\/DJI_0495.jpg\",\"image_position\":\"center-center\",\"image_size\":\"cover\",\"image_width\":\"2560\",\"overlap\":false,\"padding\":\"xlarge\",\"style\":\"secondary\",\"title_breakpoint\":\"xl\",\"title_position\":\"top-left\",\"title_rotation\":\"left\",\"vertical_align\":\"middle\",\"video_height\":\"1200\",\"width\":\"\"},\"children\":[{\"type\":\"row\",\"children\":[{\"type\":\"column\",\"props\":{\"image_position\":\"center-center\",\"position_sticky_breakpoint\":\"m\",\"width_medium\":\"1-1\"}}]}]},{\"type\":\"section\",\"props\":{\"image_position\":\"center-center\",\"padding\":\"large\",\"style\":\"default\",\"title_breakpoint\":\"xl\",\"title_position\":\"top-left\",\"title_rotation\":\"left\",\"vertical_align\":\"middle\",\"width\":\"large\"},\"children\":[{\"type\":\"row\",\"children\":[{\"type\":\"column\",\"props\":{\"image_position\":\"center-center\",\"position_sticky_breakpoint\":\"m\",\"width_medium\":\"1-1\"},\"children\":[{\"type\":\"headline\",\"props\":{\"content\":\"Services Personnalis\\u00e9s\",\"title_color\":\"primary\",\"title_element\":\"h1\",\"title_style\":\"heading-medium\"}},{\"type\":\"text\",\"props\":{\"column_breakpoint\":\"m\",\"content\":\"\n\n<p>Chaque <strong>plante<\\\/strong> qui sort de nos pe\\u0301pinie\\u0300res est soumise a\\u0300 une phase de choix approfondie de la part de nos responsables Qualite\\u0301. Elle passe ensuite a\\u0300 la phase d\\u2019emballage afin d\\u2019e\\u0301viter la de\\u0301te\\u0301rioration du produit pendant le chargement et le transport.<\\\/p>\\n\n\n<p>Si le client en fait la demande expresse, nous effectuons des <strong>emballages et des expe\\u0301ditions dans des caisses-palettes ou des chariots CC (rolls CC)<\\\/strong> si le type de plantes demande\\u0301 l\\u2019exige.<\\\/p>\\n\n\n<p>Notre personnel hautement spe\\u0301cialise\\u0301 effectue la phase de chargement en prenant soin de pre\\u0301server l\\u2019inte\\u0301grite\\u0301 de chaque plante.<\\\/p>\",\"margin\":\"default\"}},{\"type\":\"list\",\"props\":{\"block_align\":\"center\",\"column\":\"1-3\",\"column_breakpoint\":\"s\",\"icon_color\":\"primary\",\"image_align\":\"left\",\"image_svg_color\":\"emphasis\",\"image_vertical_align\":true,\"list_element\":\"ul\",\"list_horizontal_separator\":\", \",\"list_size\":\"large\",\"list_type\":\"vertical\",\"margin\":\"medium\",\"margin_remove_bottom\":false,\"show_image\":true,\"show_link\":true},\"children\":[{\"type\":\"list_item\",\"props\":{\"content\":\"\n\n<p>OFFRES PERSONNALIS\\u00c9ES<\\\/p>\",\"icon\":\"\",\"image\":\"wp-content\\\/uploads\\\/2023\\\/08\\\/foglia-2-chiara.svg\",\"image_alt\":\"Elemento foglia 2 chiara\"}},{\"type\":\"list_item\",\"props\":{\"content\":\"\n\n<p>CAISSES-PALETTES<\\\/p>\",\"icon\":\"\",\"image\":\"wp-content\\\/uploads\\\/2023\\\/08\\\/foglia-2-scura.svg\",\"image_alt\":\"segnaposto foglia\"}},{\"type\":\"list_item\",\"props\":{\"content\":\"\n\n<p>CHARIOTS CC<\\\/p>\",\"icon\":\"\",\"image\":\"wp-content\\\/uploads\\\/2023\\\/08\\\/foglia-1-scura.svg\",\"image_alt\":\"segnaposto foglia\"}},{\"type\":\"list_item\",\"props\":{\"content\":\"\n\n<p>\\u00c9TIQUETTES AVEC PRIX DE VENTE<\\\/p>\",\"icon\":\"\",\"image\":\"wp-content\\\/uploads\\\/2023\\\/08\\\/foglia-1-chiara.svg\",\"image_alt\":\"Segnaposto foglia\"}},{\"type\":\"list_item\",\"props\":{\"content\":\"\n\n<p>\\u00c9TIQUETTES PHOTOGRAPHIQUES<\\\/p>\",\"icon\":\"\",\"image\":\"wp-content\\\/uploads\\\/2023\\\/08\\\/foglia-1-chiara.svg\",\"image_alt\":\"segnaposto foglia\"}},{\"type\":\"list_item\",\"props\":{\"content\":\"\n\n<p>\\u00c9TIQUETTES PERSONNALIS\\u00c9ES<\\\/p>\",\"icon\":\"\",\"image\":\"wp-content\\\/uploads\\\/2023\\\/08\\\/foglia-1-scura.svg\",\"image_alt\":\"segnaposto foglia\"}}],\"name\":\"Servizi elenco - 2024\"}]}]}]},{\"type\":\"section\",\"props\":{\"image_position\":\"center-center\",\"padding\":\"none\",\"padding_remove_bottom\":false,\"padding_remove_top\":false,\"style\":\"muted\",\"title_breakpoint\":\"xl\",\"title_position\":\"top-left\",\"title_rotation\":\"left\",\"vertical_align\":\"middle\",\"width\":\"large\",\"width_expand\":\"left\"},\"children\":[{\"type\":\"row\",\"props\":{\"column_gap\":\"large\",\"layout\":\"2-3,1-3\",\"row_gap\":\"large\"},\"children\":[{\"type\":\"column\",\"props\":{\"image_position\":\"center-center\",\"position_sticky_breakpoint\":\"m\",\"vertical_align\":\"middle\",\"width_large\":\"2-3\"},\"children\":[{\"type\":\"image\",\"props\":{\"animation\":\"none\",\"container_padding_remove\":true,\"image\":\"wp-content\\\/uploads\\\/2023\\\/07\\\/iem-vivaio-67.jpg\",\"image_alt\":\"logistica piante nel mondo\",\"image_loading\":true,\"image_svg_color\":\"emphasis\",\"image_width\":\"1300\",\"margin\":\"\",\"parallax_easing\":\"0.3\",\"parallax_end\":\"20vh + 20%\",\"parallax_x\":\"-50,0\"}}]},{\"type\":\"column\",\"props\":{\"image_position\":\"center-center\",\"position_sticky_breakpoint\":\"m\",\"vertical_align\":\"middle\",\"width_large\":\"1-3\"},\"children\":[{\"type\":\"divider\",\"props\":{\"animation\":\"none\",\"divider_align\":\"left\",\"divider_align_breakpoint\":\"l\",\"divider_align_fallback\":\"center\",\"divider_element\":\"div\",\"divider_style\":\"small\",\"parallax_x\":\"150,0\"}},{\"type\":\"headline\",\"props\":{\"animation\":\"none\",\"content\":\"Logistique\",\"margin_remove_top\":true,\"parallax_end\":\"60vh + 60%\",\"parallax_y\":\"0,-50\",\"text_align\":\"left\",\"text_align_breakpoint\":\"l\",\"text_align_fallback\":\"center\",\"title_element\":\"h3\",\"title_style\":\"h1\"}},{\"type\":\"text\",\"props\":{\"animation\":\"none\",\"block_align_breakpoint\":\"l\",\"block_align_fallback\":\"center\",\"column_breakpoint\":\"m\",\"content\":\"Nous disposons d\\u2019une logistique performante et gra\\u0302ce a\\u0300 l\\u2019expe\\u0301rience et au professionnalisme acquis au fil des anne\\u0301es, nous garantissons des expe\\u0301ditions rapides et e\\u0301tendues dans le monde entier.\",\"margin\":\"medium\",\"margin_remove_top\":false,\"maxwidth\":\"xlarge\",\"maxwidth_breakpoint\":\"m\",\"parallax_easing\":\"0.3\",\"parallax_x\":\"150,0\",\"text_align\":\"left\",\"text_align_breakpoint\":\"l\",\"text_align_fallback\":\"center\"}},{\"type\":\"button\",\"props\":{\"animation\":\"none\",\"grid_column_gap\":\"small\",\"grid_row_gap\":\"small\",\"margin\":\"\",\"parallax_easing\":\"0.3\",\"parallax_x\":\"150,0\",\"text_align\":\"left\",\"text_align_breakpoint\":\"l\",\"text_align_fallback\":\"center\"},\"children\":[{\"type\":\"button_item\",\"props\":{\"button_style\":\"text\",\"content\":\"Notre logistique\",\"icon_align\":\"left\",\"link\":\"fr\\\/plantes-logistique\\\/\"}}]}]}]}],\"name\":\"Portfolio 01\"},{\"type\":\"section\",\"props\":{\"image_position\":\"center-center\",\"padding\":\"large\",\"padding_remove_bottom\":false,\"padding_remove_top\":false,\"style\":\"default\",\"title_breakpoint\":\"xl\",\"title_position\":\"top-left\",\"title_rotation\":\"left\",\"vertical_align\":\"middle\",\"width\":\"large\",\"width_expand\":\"right\"},\"children\":[{\"type\":\"row\",\"props\":{\"column_gap\":\"large\",\"layout\":\"1-3,2-3\",\"row_gap\":\"large\"},\"children\":[{\"type\":\"column\",\"props\":{\"image_position\":\"center-center\",\"order_first\":\"l\",\"position_sticky_breakpoint\":\"m\",\"vertical_align\":\"middle\",\"width_large\":\"1-3\"},\"children\":[{\"type\":\"divider\",\"props\":{\"animation\":\"none\",\"divider_align\":\"left\",\"divider_align_breakpoint\":\"l\",\"divider_align_fallback\":\"center\",\"divider_element\":\"div\",\"divider_style\":\"small\",\"parallax_x\":\"150,0\"}},{\"type\":\"headline\",\"props\":{\"animation\":\"parallax\",\"content\":\"Webshop\",\"margin_remove_top\":true,\"parallax_breakpoint\":\"m\",\"parallax_easing\":\"1\",\"parallax_end\":\"60vh + 60%\",\"parallax_opacity\":\"0.3,1\",\"parallax_y\":\"30,0\",\"text_align\":\"left\",\"text_align_breakpoint\":\"l\",\"text_align_fallback\":\"center\",\"title_element\":\"h3\",\"title_style\":\"h1\"}},{\"type\":\"text\",\"props\":{\"animation\":\"none\",\"block_align_breakpoint\":\"l\",\"block_align_fallback\":\"center\",\"column_breakpoint\":\"m\",\"content\":\"\n\n<p>Un service d\\u00e9di\\u00e9 aux professionnels: jardineries, p\\u00e9pini\\u00e9ristes, paysagistes. Les clients enregistr\\u00e9s pourront:<\\\/p>\",\"margin\":\"medium\",\"margin_remove_top\":false,\"maxwidth\":\"xlarge\",\"maxwidth_breakpoint\":\"m\",\"parallax_breakpoint\":\"m\",\"parallax_easing\":\"0.3\",\"parallax_end\":\"50vh + 50%\",\"parallax_opacity\":\"0.7,1\",\"parallax_x\":\"-150,0\",\"text_align\":\"left\",\"text_align_breakpoint\":\"l\",\"text_align_fallback\":\"center\"}},{\"type\":\"list\",\"props\":{\"block_align\":\"center\",\"column_breakpoint\":\"s\",\"icon_color\":\"primary\",\"image_align\":\"left\",\"image_svg_color\":\"emphasis\",\"image_vertical_align\":false,\"list_element\":\"ul\",\"list_horizontal_separator\":\", \",\"list_type\":\"vertical\",\"margin\":\"medium\",\"margin_remove_bottom\":false,\"maxwidth\":\"2xlarge\",\"show_image\":true,\"show_link\":true},\"children\":[{\"type\":\"list_item\",\"props\":{\"content\":\"\n\n<p>Consulter la gamme varietale<\\\/p>\",\"icon\":\"\",\"image\":\"wp-content\\\/uploads\\\/2023\\\/08\\\/foglia-2-chiara.svg\",\"image_alt\":\"Elemento foglia 2 chiara\"}},{\"type\":\"list_item\",\"props\":{\"content\":\"\n\n<p>Voir les photos du produit<\\\/p>\",\"icon\":\"\",\"image\":\"wp-content\\\/uploads\\\/2023\\\/08\\\/foglia-2-scura.svg\",\"image_alt\":\"Elemento foglia 2 chiara\"}},{\"type\":\"list_item\",\"props\":{\"content\":\"\n\n<p>G\\u00e9n\\u00e9rer des commandes<\\\/p>\",\"icon\":\"\",\"image\":\"wp-content\\\/uploads\\\/2023\\\/08\\\/foglia-2-chiara.svg\",\"image_alt\":\"Elemento foglia 2 chiara\"}},{\"type\":\"list_item\",\"props\":{\"content\":\"\n\n<p>Laissez-vous inspirer par les offres du moment<\\\/p>\",\"icon\":\"\",\"image\":\"wp-content\\\/uploads\\\/2023\\\/08\\\/foglia-2-scura.svg\"}}]},{\"type\":\"text\",\"props\":{\"animation\":\"none\",\"block_align_breakpoint\":\"l\",\"block_align_fallback\":\"center\",\"column_breakpoint\":\"m\",\"content\":\"Disponible en version Desktop pour une utilisation id\\u00e9ale depuis votre bureau ou en version Mobile en t\\u00e9l\\u00e9chargeant l\\u2019application sur les stores (App Store e Google Play).\",\"margin\":\"medium\",\"margin_remove_top\":false,\"maxwidth\":\"xlarge\",\"maxwidth_breakpoint\":\"m\",\"parallax_breakpoint\":\"m\",\"parallax_easing\":\"0.3\",\"parallax_end\":\"50vh + 50%\",\"parallax_opacity\":\"0.7,1\",\"parallax_x\":\"-150,0\",\"text_align\":\"left\",\"text_align_breakpoint\":\"l\",\"text_align_fallback\":\"center\"}},{\"type\":\"button\",\"props\":{\"animation\":\"none\",\"grid_column_gap\":\"small\",\"grid_row_gap\":\"small\",\"margin\":\"\",\"parallax_breakpoint\":\"m\",\"parallax_easing\":\"0.3\",\"parallax_end\":\"50vh + 50%\",\"parallax_opacity\":\"0.7,1\",\"parallax_x\":\"-150,0\",\"text_align\":\"left\",\"text_align_breakpoint\":\"l\",\"text_align_fallback\":\"center\"},\"children\":[{\"type\":\"button_item\",\"props\":{\"button_style\":\"text\",\"content\":\"Notre boutique de plantes en ligne\",\"icon_align\":\"left\",\"link\":\"fr\\\/boutique-en-ligne\"}}]}]},{\"type\":\"column\",\"props\":{\"image_position\":\"center-center\",\"order_first\":\"xs\",\"position_sticky_breakpoint\":\"m\",\"vertical_align\":\"middle\",\"width_large\":\"2-3\"},\"children\":[{\"type\":\"image\",\"props\":{\"animation\":\"none\",\"container_padding_remove\":true,\"image\":\"wp-content\\\/uploads\\\/2023\\\/07\\\/accesso-webshop-corretto.png\",\"image_alt\":\"accesso allo webshop innocenti e mangoni da desktop\",\"image_svg_color\":\"emphasis\",\"image_width\":\"700\",\"margin\":\"\",\"parallax_easing\":\"0.3\",\"parallax_end\":\"20vh + 20%\",\"parallax_x\":\"-50,0\",\"text_align\":\"center\"}}]}]}],\"name\":\"servizi webshop - 2024\"},{\"type\":\"section\",\"props\":{\"image_position\":\"center-center\",\"padding\":\"large\",\"padding_remove_bottom\":true,\"padding_remove_top\":true,\"style\":\"muted\",\"title_breakpoint\":\"xl\",\"title_position\":\"top-left\",\"title_rotation\":\"left\",\"vertical_align\":\"middle\",\"width\":\"large\",\"width_expand\":\"left\"},\"children\":[{\"type\":\"row\",\"props\":{\"column_gap\":\"large\",\"layout\":\"2-3,1-3\",\"row_gap\":\"large\"},\"children\":[{\"type\":\"column\",\"props\":{\"image_position\":\"center-center\",\"position_sticky_breakpoint\":\"m\",\"vertical_align\":\"middle\",\"width_large\":\"2-3\"},\"children\":[{\"type\":\"image\",\"props\":{\"animation\":\"none\",\"container_padding_remove\":true,\"image\":\"wp-content\\\/uploads\\\/2024\\\/01\\\/sales-department-DJI_0142.jpg\",\"image_alt\":\"Sales department\",\"image_svg_color\":\"emphasis\",\"image_width\":\"1300\",\"margin\":\"\",\"parallax_easing\":\"0.3\",\"parallax_end\":\"20vh + 20%\",\"parallax_x\":\"-50,0\",\"text_align\":\"center\"}}]},{\"type\":\"column\",\"props\":{\"image_position\":\"center-center\",\"position_sticky_breakpoint\":\"m\",\"vertical_align\":\"middle\",\"width_large\":\"1-3\"},\"children\":[{\"type\":\"divider\",\"props\":{\"animation\":\"none\",\"divider_align\":\"left\",\"divider_align_breakpoint\":\"l\",\"divider_align_fallback\":\"center\",\"divider_element\":\"div\",\"divider_style\":\"small\",\"parallax_x\":\"150,0\"}},{\"type\":\"headline\",\"props\":{\"animation\":\"parallax\",\"content\":\"Sales department\",\"margin_remove_top\":true,\"parallax_breakpoint\":\"m\",\"parallax_easing\":\"1\",\"parallax_end\":\"60vh + 60%\",\"parallax_opacity\":\"0.3,1\",\"parallax_y\":\"30,0\",\"text_align\":\"left\",\"text_align_breakpoint\":\"l\",\"text_align_fallback\":\"center\",\"title_element\":\"h3\",\"title_style\":\"h1\"}},{\"type\":\"text\",\"props\":{\"animation\":\"none\",\"block_align_breakpoint\":\"l\",\"block_align_fallback\":\"center\",\"column_breakpoint\":\"m\",\"content\":\"\",\"margin\":\"medium\",\"margin_remove_top\":false,\"maxwidth\":\"xlarge\",\"maxwidth_breakpoint\":\"m\",\"parallax_breakpoint\":\"m\",\"parallax_easing\":\"0.3\",\"parallax_end\":\"50vh + 50%\",\"parallax_opacity\":\"0.7,1\",\"parallax_x\":\"-150,0\",\"text_align\":\"left\",\"text_align_breakpoint\":\"l\",\"text_align_fallback\":\"center\"}}]}]}],\"name\":\"servizi sales department - 2024\"},{\"type\":\"section\",\"props\":{\"image_position\":\"center-center\",\"style\":\"default\",\"title_breakpoint\":\"xl\",\"title_position\":\"top-left\",\"title_rotation\":\"left\",\"vertical_align\":\"middle\",\"width\":\"default\"},\"children\":[{\"type\":\"row\",\"children\":[{\"type\":\"column\",\"props\":{\"image_position\":\"center-center\",\"position_sticky_breakpoint\":\"m\"}}]}]}],\"version\":\"4.2.11\",\"yooessentialsVersion\":\"2.1.5\"} --><\/p>\n","protected":false},"excerpt":{"rendered":"<p><!-- Builder #page --><\/p>\n<div>Services et Logistique<\/div>\n<h1>SERVICES PERSONNALISE\u0301S<\/h1>\n<div>\n<p>Chaque <strong>plante<\/strong> qui sort de nos pe\u0301pinie\u0300res est sou- mise a\u0300 une phase de choix approfondie de la part de nos responsables Qualite\u0301. Elle passe ensuite a\u0300 la phase d\u2019emballage afin d\u2019e\u0301viter la de\u0301te\u0301rioration du produit pendant le chargement et le transport.\u00a0<\/p>\n<p>Si le client en fait la demande expresse, nous effectuons des <strong>emballages et des expe\u0301ditions dans des cais- ses-palettes ou des chariots CC (rolls CC)<\/strong> si le type de plantes demande\u0301 l\u2019exige.<\/p>\n<p>Notre personnel hautement spe\u0301cialise\u0301 effectue la phase de chargement en prenant soin de pre\u0301serv- er l\u2019inte\u0301grite\u0301 de chaque plante.\u00a0<\/p>\n<\/div>\n<div>\n<p>Nos proce\u0301dures, me\u0301ticuleuses et teste\u0301es, nous permettent de ga- rantir la pre\u0301servation de la <strong>qualite\u0301 pendant tout le transport<\/strong>.<\/p>\n<p>De plus, nous sommes en mesure d\u2019of- frir a\u0300 chaque client un service gratuit d\u2019e\u0301tiquetage comprenant un code-barres, les caracte\u0301ristiques comple\u0300tes de chaque article et le prix de vente.<\/p>\n<p>En- fin, nous avons re\u0301alise\u0301 <strong>une ligne d\u2019e\u0301tiquettes pho- tographiques<\/strong>, ou\u0300 chaque varie\u0301te\u0301 est repre\u0301sente\u0301e par une belle image. Ces e\u0301tiquettes indiquent aussi une se\u0301rie de caracte\u0301ristiques et d\u2019informations uti- les a\u0300 l\u2019utilisateur final.<\/p>\n<\/div>\n<p><img decoding=\"async\" src=\"http:\/\/innocentiemangonipiante.it\/wp-content\/uploads\/2020\/04\/iem-vivaio-58.jpg\" alt=\"\"><br \/>\n<img decoding=\"async\" src=\"http:\/\/innocentiemangonipiante.it\/wp-content\/uploads\/2017\/05\/iem-vivaio-66.jpg\" alt=\"\"><\/p>\n<div>\n<ul>\n<li>\n<h5>E\u0301TIQUETTES PERSONNALISE\u0301ES\u00a0<\/h5>\n<\/li>\n<li>\n<h5>E\u0301TIQUETTES PHOTOGRAPHIQUES\u00a0<\/h5>\n<\/li>\n<li>\n<h5>E\u0301TIQUETTES AVEC PRIX DE VENTE<\/h5>\n<\/li>\n<li>\n<h5>CHARIOTS CC<\/h5>\n<\/li>\n<li>\n<h5>OFFRES PERSONNALISE\u0301ES<\/h5>\n<\/li>\n<li>\n<h5>CAISSES-PALETTES<\/h5>\n<\/li>\n<\/ul>\n<\/div>\n<p><img decoding=\"async\" src=\"http:\/\/innocentiemangonipiante.it\/wp-content\/uploads\/2014\/11\/elemento-1.png\" alt=\"\"><\/p>\n<h2>LOGISTIQUE<\/h2>\n<h2>Plantes en direction du monde<\/h2>\n<div>\n<p>Nous disposons d\u2019une <strong>logistique performante<\/strong> et gra\u0302ce a\u0300 l\u2019expe\u0301rience et au professionnalisme acquis au fil des anne\u0301es, nous garantissons des <strong>expe\u0301ditions rapides et e\u0301tendues dans le monde entier<\/strong>.<\/p>\n<p>A\u0300 ce jour, nous <strong>expe\u0301dions dans plus de 50 pays a\u0300 travers le monde<\/strong>, de l\u2019Europe du Nord a\u0300 l\u2019Afrique du Nord en passant par l\u2019Extre\u0302me-Orient.<\/p>\n<\/div>\n<p>\n    <a href=\"index.php?option=com_content&#038;view=article&#038;id=360&#038;catid=103&#038;lang=fr-FR\">Contactez Nous<\/a>\n<\/p>\n<p><img decoding=\"async\" src=\"http:\/\/innocentiemangonipiante.it\/wp-content\/uploads\/2017\/05\/iem-vivaio-68.jpg\" alt=\"\"><br \/>\n<img decoding=\"async\" src=\"http:\/\/innocentiemangonipiante.it\/wp-content\/uploads\/2017\/05\/iem-vivaio-37.jpg\" alt=\"\"><br \/>\n<img decoding=\"async\" src=\"http:\/\/innocentiemangonipiante.it\/wp-content\/uploads\/2014\/11\/elemento-1.png\" alt=\"\"><\/p>\n","protected":false},"author":2,"featured_media":11649,"parent":0,"menu_order":2,"comment_status":"open","ping_status":"open","template":"","meta":{"_acf_changed":false,"footnotes":""},"class_list":["post-8572","page","type-page","status-publish","has-post-thumbnail","hentry"],"acf":[],"_links":{"self":[{"href":"https:\/\/innocentiemangonipiante.it\/fr\/wp-json\/wp\/v2\/pages\/8572","targetHints":{"allow":["GET"]}}],"collection":[{"href":"https:\/\/innocentiemangonipiante.it\/fr\/wp-json\/wp\/v2\/pages"}],"about":[{"href":"https:\/\/innocentiemangonipiante.it\/fr\/wp-json\/wp\/v2\/types\/page"}],"author":[{"embeddable":true,"href":"https:\/\/innocentiemangonipiante.it\/fr\/wp-json\/wp\/v2\/users\/2"}],"replies":[{"embeddable":true,"href":"https:\/\/innocentiemangonipiante.it\/fr\/wp-json\/wp\/v2\/comments?post=8572"}],"version-history":[{"count":0,"href":"https:\/\/innocentiemangonipiante.it\/fr\/wp-json\/wp\/v2\/pages\/8572\/revisions"}],"wp:featuredmedia":[{"embeddable":true,"href":"https:\/\/innocentiemangonipiante.it\/fr\/wp-json\/wp\/v2\/media\/11649"}],"wp:attachment":[{"href":"https:\/\/innocentiemangonipiante.it\/fr\/wp-json\/wp\/v2\/media?parent=8572"}],"curies":[{"name":"wp","href":"https:\/\/api.w.org\/{rel}","templated":true}]}}