{"id":8576,"date":"2020-12-18T15:56:07","date_gmt":"2020-12-18T14:56:07","guid":{"rendered":"http:\/\/innocentiemangonipiante.it\/2020\/12\/18\/vente-plantes-pour-contractors\/"},"modified":"2024-01-16T17:45:56","modified_gmt":"2024-01-16T16:45:56","slug":"vente-plantes-pour-contractors","status":"publish","type":"page","link":"https:\/\/innocentiemangonipiante.it\/fr\/vente-plantes-pour-contractors\/","title":{"rendered":"Vente plantes pour contractors"},"content":{"rendered":"<h1>Fourniture de plantes pour les entrepreneurs et le public vert<\/h1>\n<div>\n<p>Depuis de nombreuses ann\u00e9es, nous nous occupons de la <strong>fourniture de plantes pour les espaces verts publics<\/strong>.<\/p>\n<p>Nous collaborons avec des <strong>entrepreneurs partout en Europe<\/strong> et dans le monde et nous mettons nos usines au service de projets qui contribuent \u00e0 rendre le paysage des villes plus vert.<\/p>\n<p>Nous dialoguons chaque jour avec des <strong>entrepreneurs experts<\/strong>, avec une grande connaissance des usines comme nous et ensemble nous faisons face aux d\u00e9fis qu\u2019il est normal de rencontrer de temps en temps dans la r\u00e9alisation d\u2019ouvrages ambitieux.<\/p>\n<\/div>\n<div>\n<p>Le\u00a0<strong>catalogue de plantes Innocenti et Mangoni<\/strong> comprend tout le meilleur des p\u00e9pini\u00e8res ornementales, des petites plantes aux grands arbres. Un<strong> vaste assortiment d\u2019esp\u00e8ces et de vari\u00e9t\u00e9s<\/strong> pour satisfaire toutes les demandes et cr\u00e9er des lieux publics et priv\u00e9s, o\u00f9 la nature et la verdure sont les v\u00e9ritables protagonistes.<\/p>\n<\/div>\n<p><img decoding=\"async\" src=\"\/wp-content\/uploads\/2023\/07\/etichette-piante.jpg\" alt=\"etichetta su pianta\" title=\"\"><br \/>\n<img decoding=\"async\" src=\"\/wp-content\/uploads\/2016\/11\/iem-vivaio-66.jpg\" alt=\"shipping plants all over the world\" title=\"\"><\/p>\n<ul>\n<li>\n<div>ARBRES<\/div>\n<\/li>\n<li>\n<div>ARBUSTES<\/div>\n<\/li>\n<li>\n<div>CONIF\u00c9RES<\/div>\n<\/li>\n<li>\n<div>VIVACE<\/div>\n<\/li>\n<li>\n<div>FOUG\u00c8RE<\/div>\n<\/li>\n<li>\n<div>ARBRES FRUITTIERS<\/div>\n<\/li>\n<li>\n<div>GRAMINACES<\/div>\n<\/li>\n<li>\n<div>ESCALDADE<\/div>\n<\/li>\n<li>\n<div><a href=\"https:\/\/innocentiemangonipiante.it\/fr\/art-topiaire-plantes-avec-formes\/\">ART TOPIAIRE<\/a><\/div>\n<\/li>\n<li>\n<div>AGRUMES<\/div>\n<\/li>\n<\/ul>\n<p><!--more--><br \/>\n<!-- {\"name\":\"servizi-e-logistica\",\"type\":\"layout\",\"children\":[{\"name\":\"Hero\",\"type\":\"section\",\"props\":{\"header_transparent\":\"dark\",\"header_transparent_noplaceholder\":true,\"height\":\"percent\",\"image\":\"wp-content\\\/uploads\\\/2023\\\/07\\\/iem-vivaio-101.jpg\",\"image_position\":\"bottom-center\",\"image_size\":\"width-1-1\",\"image_width\":\"2560\",\"overlap\":false,\"padding\":\"xlarge\",\"style\":\"secondary\",\"title_breakpoint\":\"xl\",\"title_position\":\"top-left\",\"title_rotation\":\"left\",\"vertical_align\":\"middle\",\"video_height\":\"1200\",\"width\":\"\"},\"children\":[{\"type\":\"row\",\"children\":[{\"type\":\"column\",\"props\":{\"image_position\":\"center-center\",\"position_sticky_breakpoint\":\"m\",\"width_medium\":\"1-1\"}}]}]},{\"name\":\"testo\",\"type\":\"section\",\"props\":{\"image_position\":\"center-center\",\"padding\":\"large\",\"padding_remove_bottom\":true,\"style\":\"default\",\"title_breakpoint\":\"xl\",\"title_position\":\"top-left\",\"title_rotation\":\"left\",\"vertical_align\":\"middle\",\"width\":\"default\"},\"children\":[{\"type\":\"row\",\"children\":[{\"type\":\"column\",\"props\":{\"image_position\":\"center-center\",\"position_sticky_breakpoint\":\"m\"},\"children\":[{\"type\":\"headline\",\"props\":{\"content\":\"Fourniture de plantes pour les entrepreneurs et le public vert\",\"text_align\":\"center\",\"title_color\":\"primary\",\"title_element\":\"h1\",\"title_style\":\"heading-medium\"}},{\"type\":\"text\",\"props\":{\"column_breakpoint\":\"m\",\"content\":\"\n\n<p>Depuis de nombreuses ann\\u00e9es, nous nous occupons de la <strong>fourniture de plantes pour les espaces verts publics<\\\/strong>.<\\\/p>\\n\n\n<p>Nous collaborons avec des <strong>entrepreneurs partout en Europe<\\\/strong> et dans le monde et nous mettons nos usines au service de projets qui contribuent \\u00e0 rendre le paysage des villes plus vert.<\\\/p>\\n\n\n<p>Nous dialoguons chaque jour avec des <strong>entrepreneurs experts<\\\/strong>, avec une grande connaissance des usines comme nous et ensemble nous faisons face aux d\\u00e9fis qu\\u2019il est normal de rencontrer de temps en temps dans la r\\u00e9alisation d\\u2019ouvrages ambitieux.<\\\/p>\",\"margin\":\"default\",\"text_align\":\"center\"}}]}]}]},{\"name\":\"About\",\"type\":\"section\",\"props\":{\"image_position\":\"center-center\",\"padding_remove_top\":false,\"style\":\"default\",\"title_breakpoint\":\"xl\",\"title_position\":\"center-right\",\"title_rotation\":\"left\",\"vertical_align\":\"middle\",\"width\":\"xlarge\"},\"children\":[{\"type\":\"row\",\"props\":{\"column_gap\":\"large\",\"layout\":\"1-2,1-2\",\"row_gap\":\"large\",\"vertical_align\":false},\"children\":[{\"type\":\"column\",\"props\":{\"image_position\":\"center-center\",\"position_sticky_breakpoint\":\"m\",\"width_medium\":\"1-2\",\"width_small\":\"1-2\"},\"children\":[{\"type\":\"divider\",\"props\":{\"divider_align\":\"left\",\"divider_align_breakpoint\":\"s\",\"divider_align_fallback\":\"center\",\"divider_element\":\"div\",\"divider_style\":\"small\"}},{\"type\":\"text\",\"props\":{\"column_breakpoint\":\"m\",\"content\":\"\n\n<p>Le\\u00a0<strong>catalogue de plantes Innocenti et Mangoni<\\\/strong> comprend tout le meilleur des p\\u00e9pini\\u00e8res ornementales, des petites plantes aux grands arbres. Un<strong> vaste assortiment d\\u2019esp\\u00e8ces et de vari\\u00e9t\\u00e9s<\\\/strong> pour satisfaire toutes les demandes et cr\\u00e9er des lieux publics et priv\\u00e9s, o\\u00f9 la nature et la verdure sont les v\\u00e9ritables protagonistes.<\\\/p>\",\"margin\":\"large\",\"margin_remove_top\":true,\"maxwidth\":\"xlarge\",\"maxwidth_breakpoint\":\"m\",\"text_align\":\"left\",\"text_align_breakpoint\":\"s\",\"text_align_fallback\":\"center\"}},{\"type\":\"image\",\"props\":{\"image\":\"wp-content\\\/uploads\\\/2023\\\/07\\\/etichette-piante.jpg\",\"image_alt\":\"etichetta su pianta\",\"image_svg_color\":\"emphasis\",\"image_width\":\"650\",\"margin\":\"default\"}}]},{\"type\":\"column\",\"props\":{\"image_position\":\"center-center\",\"order_first\":\"s\",\"position_sticky_breakpoint\":\"m\",\"width_medium\":\"1-2\",\"width_small\":\"1-2\"},\"children\":[{\"type\":\"image\",\"props\":{\"image\":\"wp-content\\\/uploads\\\/2016\\\/11\\\/iem-vivaio-66.jpg\",\"image_alt\":\"shipping plants all over the world\",\"image_svg_color\":\"emphasis\",\"image_width\":\"650\",\"margin\":\"large\"}},{\"type\":\"list\",\"props\":{\"column\":\"1-2\",\"column_breakpoint\":\"m\",\"content_style\":\"h5\",\"image_align\":\"left\",\"image_svg_color\":\"emphasis\",\"image_vertical_align\":true,\"list_element\":\"ul\",\"list_horizontal_separator\":\", \",\"list_marker\":\"disc\",\"list_type\":\"vertical\",\"show_image\":true,\"show_link\":true},\"children\":[{\"type\":\"list_item\",\"props\":{\"content\":\"ARBRES\"}},{\"type\":\"list_item\",\"props\":{\"content\":\"ARBUSTES\"}},{\"type\":\"list_item\",\"props\":{\"content\":\"CONIF\\u00c9RES\"}},{\"type\":\"list_item\",\"props\":{\"content\":\"VIVACE\"}},{\"type\":\"list_item\",\"props\":{\"content\":\"FOUG\\u00c8RE\"}},{\"type\":\"list_item\",\"props\":{\"content\":\"ARBRES FRUITTIERS\"}},{\"type\":\"list_item\",\"props\":{\"content\":\"GRAMINACES\"}},{\"type\":\"list_item\",\"props\":{\"content\":\"ESCALDADE\"}},{\"type\":\"list_item\",\"props\":{\"content\":\"ART TOPIAIRE\"}},{\"type\":\"list_item\",\"props\":{\"content\":\"AGRUMES\"}}]}]}]}]},{\"name\":\"About\",\"type\":\"section\",\"props\":{\"image_position\":\"center-center\",\"padding\":\"large\",\"padding_remove_top\":true,\"style\":\"default\",\"title_breakpoint\":\"xl\",\"title_position\":\"center-right\",\"title_rotation\":\"left\",\"vertical_align\":\"middle\",\"width\":\"xlarge\"},\"children\":[{\"type\":\"row\",\"props\":{\"column_gap\":\"large\",\"layout\":\"1-2,1-2\",\"row_gap\":\"large\",\"vertical_align\":false},\"children\":[{\"type\":\"column\",\"props\":{\"image_position\":\"center-center\",\"position_sticky_breakpoint\":\"m\",\"width_medium\":\"1-2\",\"width_small\":\"1-2\"}},{\"type\":\"column\",\"props\":{\"image_position\":\"center-center\",\"order_first\":\"s\",\"position_sticky_breakpoint\":\"m\",\"width_medium\":\"1-2\",\"width_small\":\"1-2\"}}]}]}],\"version\":\"4.2.11\",\"yooessentialsVersion\":\"2.1.5\"} --><\/p>\n","protected":false},"excerpt":{"rendered":"<p>\t<!-- Builder #page --><\/p>\n<div>Contractors et vert public<\/div>\n<h1>Fornitura piante per Contractors e verde pubblico<\/h1>\n<div>\n<p>\u00a0<\/p>\n<p>Depuis de nombreuses ann\u00e9es, nous nous occupons de la <strong>fourniture de plantes pour les espaces verts publics<\/strong>.<\/p>\n<p>Nous collaborons avec des <strong>entrepreneurs partout en Europe<\/strong> et dans le monde et nous mettons nos usines au service de projets qui contribuent \u00e0 rendre le paysage des villes plus vert.<\/p>\n<p>Nous dialoguons chaque jour avec des <strong>entrepreneurs experts<\/strong>, avec une grande connaissance des usines comme nous et ensemble nous faisons face aux d\u00e9fis qu&rsquo;il est normal de rencontrer de temps en temps dans la r\u00e9alisation d&rsquo;ouvrages ambitieux.<\/p>\n<\/div>\n<div>\n<p>Le <strong>catalogue de plantes Innocenti et Mangoni<\/strong> comprend tout le meilleur des p\u00e9pini\u00e8res ornementales, des petites plantes aux grands arbres. Un<strong> vaste assortiment d&rsquo;esp\u00e8ces et de vari\u00e9t\u00e9s<\/strong> pour satisfaire toutes les demandes et cr\u00e9er des lieux publics et priv\u00e9s, o\u00f9 la nature et la verdure sont les v\u00e9ritables protagonistes.<\/p>\n<\/div>\n<p><img decoding=\"async\" src=\"http:\/\/innocentiemangonipiante.it\/wp-content\/uploads\/2020\/04\/iem-vivaio-58.jpg\" alt=\"\"><br \/>\n<img decoding=\"async\" src=\"http:\/\/innocentiemangonipiante.it\/wp-content\/uploads\/2017\/05\/iem-vivaio-66.jpg\" alt=\"\"><\/p>\n<div>\n<ul>\n<li>\n<h5><strong>arbres<\/strong><\/h5>\n<\/li>\n<li>\n<h5><strong>arbustes<\/strong><\/h5>\n<\/li>\n<li>\n<h5><strong>conif\u00e9res<\/strong><\/h5>\n<\/li>\n<li>\n<h5><strong>vivace<\/strong><\/h5>\n<\/li>\n<li>\n<h5><strong>foug\u00e8re<\/strong><\/h5>\n<\/li>\n<li>\n<h5><strong>arbres fruittiers<\/strong><\/h5>\n<\/li>\n<li>\n<h5><strong>graminaces<\/strong><\/h5>\n<\/li>\n<li>\n<h5><strong>escaldade<\/strong><\/h5>\n<\/li>\n<li>\n<h5><strong>art topiaire<\/strong><\/h5>\n<\/li>\n<li>\n<h5>ag<strong>r<\/strong>umes<\/h5>\n<\/li>\n<\/ul>\n<\/div>\n<p><img decoding=\"async\" src=\"http:\/\/innocentiemangonipiante.it\/wp-content\/uploads\/2014\/11\/elemento-1.png\" alt=\"\"><\/p>\n","protected":false},"author":2,"featured_media":17563,"parent":0,"menu_order":8,"comment_status":"open","ping_status":"closed","template":"","meta":{"_acf_changed":false,"footnotes":""},"class_list":["post-8576","page","type-page","status-publish","has-post-thumbnail","hentry"],"acf":[],"_links":{"self":[{"href":"https:\/\/innocentiemangonipiante.it\/fr\/wp-json\/wp\/v2\/pages\/8576","targetHints":{"allow":["GET"]}}],"collection":[{"href":"https:\/\/innocentiemangonipiante.it\/fr\/wp-json\/wp\/v2\/pages"}],"about":[{"href":"https:\/\/innocentiemangonipiante.it\/fr\/wp-json\/wp\/v2\/types\/page"}],"author":[{"embeddable":true,"href":"https:\/\/innocentiemangonipiante.it\/fr\/wp-json\/wp\/v2\/users\/2"}],"replies":[{"embeddable":true,"href":"https:\/\/innocentiemangonipiante.it\/fr\/wp-json\/wp\/v2\/comments?post=8576"}],"version-history":[{"count":0,"href":"https:\/\/innocentiemangonipiante.it\/fr\/wp-json\/wp\/v2\/pages\/8576\/revisions"}],"wp:featuredmedia":[{"embeddable":true,"href":"https:\/\/innocentiemangonipiante.it\/fr\/wp-json\/wp\/v2\/media\/17563"}],"wp:attachment":[{"href":"https:\/\/innocentiemangonipiante.it\/fr\/wp-json\/wp\/v2\/media?parent=8576"}],"curies":[{"name":"wp","href":"https:\/\/api.w.org\/{rel}","templated":true}]}}