{"id":8578,"date":"2020-04-27T19:34:02","date_gmt":"2020-04-27T17:34:02","guid":{"rendered":"http:\/\/innocentiemangonipiante.it\/2020\/04\/27\/certifications\/"},"modified":"2024-01-16T17:40:44","modified_gmt":"2024-01-16T16:40:44","slug":"certifications","status":"publish","type":"page","link":"https:\/\/innocentiemangonipiante.it\/fr\/certifications\/","title":{"rendered":"Certifications"},"content":{"rendered":"<h1>Certifications qualit\u00e9<\/h1>\n<div>\n<p><strong>Inspir\u00e9 par la gratitude et le respect de la nature. Tous les jours.<\/strong><\/p>\n<p>C\u2019est le soin quotidien de nos plantes, le choix de techniques de culture technologiquement avanc\u00e9es et \u00e9co-durables qui font bouger notre travail.<\/p>\n<p>Nous utilisons notre esprit et nos mains pour <strong>s\u00e9lectionner<\/strong>, <strong>cultiver et faire pousser nos plantes<\/strong>, pour concevoir chaque besoin de paysage avec innovation, transparence et surtout durabilit\u00e9.<\/p>\n<p>Nous mettons toutes nos <strong>connaissances et comp\u00e9tences<\/strong> acquises au cours de d\u00e9cennies de travail dans chaque plante que nous cultivons, afin que la prochaine g\u00e9n\u00e9ration de plantes soit plus forte et plus luxuriante pour la prochaine g\u00e9n\u00e9ration de personnes.<\/p>\n<\/div>\n<div>\n<p>    <img decoding=\"async\" src=\"\/wp-content\/uploads\/2023\/07\/iem-vivaio-58.jpg\" alt=\"apporre certificazione piante\" title=\"\"><\/p>\n<h3>Vivaio 1<\/h3>\n<\/div>\n<div>\n<p>        <img decoding=\"async\" src=\"\/wp-content\/uploads\/2023\/07\/CERTIFICAZIONE-AMBIENTALE-MPS.png\" alt=\"LOGO CERTIFICAZIONE AMBIENTALE MPS\" title=\"\"><\/p>\n<h3>Certificazion enviromentale MPS (classe A)<\/h3>\n<div>\n<p>La\u00a0<strong>certification environnementale MPS garantit la qualit\u00e9 et la p\u00e9rennit\u00e9 du secteur des p\u00e9pini\u00e8res.<\/strong><br \/>En enregistrant notre consommation, nous pouvons suivre le niveau de production durable et apporter les changements n\u00e9cessaires au travail en r\u00e9duisant l\u2019impact environnemental.<br \/>Ce type de certification garantit non seulement la durabilit\u00e9 environnementale mais \u00e9galement le respect du client et des conditions de travail \u00e9thiques.<\/p>\n<\/div>\n<\/div>\n<div>\n<p>        <img decoding=\"async\" src=\"\/wp-content\/uploads\/2023\/07\/global-gap-logo-w500x461.png\" alt=\"logo global gap\" title=\"\"><\/p>\n<h3>Certifications Global Gap<\/h3>\n<div>\n<p>Global Gap \u00e9tablit des normes volontaires pour la certification des produits agricoles et des plantes \u00e0 travers le monde dans le but de normaliser les bonnes pratiques agricoles (G.A.P.)<br \/>C&rsquo;est la certification qui garantit \u00e0 nos clients la qualit\u00e9, la s\u00e9curit\u00e9 et la tra\u00e7abilit\u00e9 document\u00e9e de notre production en p\u00e9pini\u00e8re.<\/p>\n<\/div>\n<\/div>\n<p><!--more--><br \/>\n<!-- {\"name\":\"pagina sezioni menu principale\",\"type\":\"layout\",\"children\":[{\"name\":\"Hero\",\"type\":\"section\",\"props\":{\"header_transparent\":\"dark\",\"header_transparent_noplaceholder\":true,\"height\":\"percent\",\"image\":\"wp-content\\\/uploads\\\/2023\\\/07\\\/iem-vivaio-167.jpg\",\"image_position\":\"center-center\",\"image_size\":\"cover\",\"image_width\":\"2560\",\"overlap\":false,\"padding\":\"xlarge\",\"style\":\"secondary\",\"title_breakpoint\":\"xl\",\"title_position\":\"top-left\",\"title_rotation\":\"left\",\"vertical_align\":\"middle\",\"video_height\":\"1200\",\"width\":\"\"},\"children\":[{\"type\":\"row\",\"children\":[{\"type\":\"column\",\"props\":{\"image_position\":\"center-center\",\"position_sticky_breakpoint\":\"m\",\"width_medium\":\"1-1\"}}]}]},{\"name\":\"About\",\"type\":\"section\",\"props\":{\"animation\":\"fade\",\"image_position\":\"center-center\",\"overlap\":true,\"padding\":\"large\",\"padding_remove_bottom\":false,\"style\":\"default\",\"title_breakpoint\":\"xl\",\"title_position\":\"top-left\",\"title_rotation\":\"left\",\"vertical_align\":\"middle\",\"width\":\"large\"},\"children\":[{\"type\":\"row\",\"props\":{\"column_gap\":\"large\",\"layout\":\"1-2,1-2\",\"row_gap\":\"large\"},\"children\":[{\"type\":\"column\",\"props\":{\"image_position\":\"center-center\",\"position_sticky_breakpoint\":\"m\",\"width_medium\":\"1-2\"},\"children\":[{\"type\":\"headline\",\"props\":{\"content\":\"Certifications qualit\\u00e9\",\"margin\":\"remove-vertical\",\"title_color\":\"primary\",\"title_element\":\"h1\",\"title_style\":\"heading-small\"}},{\"type\":\"text\",\"props\":{\"column_breakpoint\":\"m\",\"content\":\"\n\n<p><strong>Inspir\\u00e9 par la gratitude et le respect de la nature. Tous les jours.<\\\/strong><\\\/p>\\n\n\n<p>C\\u2019est le soin quotidien de nos plantes, le choix de techniques de culture technologiquement avanc\\u00e9es et \\u00e9co-durables qui font bouger notre travail.<\\\/p>\\n\n\n<p>Nous utilisons notre esprit et nos mains pour <strong>s\\u00e9lectionner<\\\/strong>, <strong>cultiver et faire pousser nos plantes<\\\/strong>, pour concevoir chaque besoin de paysage avec innovation, transparence et surtout durabilit\\u00e9.<\\\/p>\\n\n\n<p>Nous mettons toutes nos <strong>connaissances et comp\\u00e9tences<\\\/strong> acquises au cours de d\\u00e9cennies de travail dans chaque plante que nous cultivons, afin que la prochaine g\\u00e9n\\u00e9ration de plantes soit plus forte et plus luxuriante pour la prochaine g\\u00e9n\\u00e9ration de personnes.<\\\/p>\",\"margin\":\"medium\",\"margin_remove_top\":false}}]},{\"type\":\"column\",\"props\":{\"image_position\":\"center-center\",\"position_sticky_breakpoint\":\"m\",\"vertical_align\":\"bottom\",\"width_medium\":\"1-2\"},\"children\":[{\"type\":\"gallery\",\"props\":{\"class\":\"uk-hidden-touch\",\"css\":\".el-element .el-item > :nth-child(2) { z-index: 1; }\",\"filter\":false,\"filter_align\":\"left\",\"filter_all\":true,\"filter_grid_breakpoint\":\"m\",\"filter_grid_width\":\"auto\",\"filter_position\":\"top\",\"filter_style\":\"tab\",\"grid_column_gap\":\"small\",\"grid_default\":\"1\",\"grid_medium\":\"\",\"grid_row_gap\":\"small\",\"item_animation\":true,\"lightbox\":false,\"link_style\":\"default\",\"link_text\":\"\",\"margin\":\"\",\"meta_align\":\"below-title\",\"meta_element\":\"div\",\"meta_style\":\"text-meta\",\"overlay_hover\":false,\"overlay_link\":false,\"overlay_mode\":\"caption\",\"overlay_position\":\"top\",\"overlay_style\":\"overlay-primary\",\"overlay_transition\":\"fade\",\"parallax_easing\":\"1\",\"position_bottom\":\"-150\",\"show_content\":true,\"show_hover_image\":true,\"show_link\":true,\"show_meta\":false,\"show_title\":false,\"text_align\":\"center\",\"text_color\":\"light\",\"title_element\":\"h3\",\"title_hover_style\":\"reset\"},\"children\":[{\"type\":\"gallery_item\",\"props\":{\"hover_image\":\"\",\"image\":\"wp-content\\\/uploads\\\/2023\\\/07\\\/iem-vivaio-58.jpg\",\"image_alt\":\"apporre certificazione piante\",\"title\":\"Vivaio 1\"}}]}]}]}]},{\"type\":\"section\",\"props\":{\"image_position\":\"center-center\",\"padding_remove_top\":false,\"style\":\"muted\",\"title_breakpoint\":\"xl\",\"title_position\":\"top-left\",\"title_rotation\":\"left\",\"vertical_align\":\"middle\",\"width\":\"xlarge\"},\"children\":[{\"type\":\"row\",\"props\":{\"column_gap\":\"large\",\"divider\":true,\"layout\":\"1-2,1-2\",\"row_gap\":\"large\"},\"children\":[{\"type\":\"column\",\"props\":{\"image_position\":\"center-center\",\"position_sticky_breakpoint\":\"m\",\"width_medium\":\"1-2\"},\"children\":[{\"type\":\"panel\",\"props\":{\"content\":\"\n\n<p>La\\u00a0<strong>certification environnementale MPS garantit la qualit\\u00e9 et la p\\u00e9rennit\\u00e9 du secteur des p\\u00e9pini\\u00e8res.<\\\/strong><br \\\/>En enregistrant notre consommation, nous pouvons suivre le niveau de production durable et apporter les changements n\\u00e9cessaires au travail en r\\u00e9duisant l\\u2019impact environnemental.<br \\\/>Ce type de certification garantit non seulement la durabilit\\u00e9 environnementale mais \\u00e9galement le respect du client et des conditions de travail \\u00e9thiques.<\\\/p>\",\"content_column_breakpoint\":\"m\",\"icon_width\":80,\"image\":\"wp-content\\\/uploads\\\/2023\\\/07\\\/CERTIFICAZIONE-AMBIENTALE-MPS.png\",\"image_align\":\"left\",\"image_alt\":\"LOGO CERTIFICAZIONE AMBIENTALE MPS\",\"image_grid_breakpoint\":\"m\",\"image_grid_width\":\"2-5\",\"image_height\":\"220\",\"image_svg_color\":\"emphasis\",\"image_vertical_align\":false,\"link_style\":\"default\",\"link_text\":\"Read more\",\"margin\":\"default\",\"meta_align\":\"below-title\",\"meta_element\":\"div\",\"meta_style\":\"text-meta\",\"text_align\":\"justify\",\"title\":\"Certificazion enviromentale MPS (classe A)\",\"title_align\":\"top\",\"title_element\":\"h3\",\"title_grid_breakpoint\":\"m\",\"title_grid_width\":\"1-2\",\"title_hover_style\":\"reset\"}}]},{\"type\":\"column\",\"props\":{\"image_position\":\"center-center\",\"position_sticky_breakpoint\":\"m\",\"width_medium\":\"1-2\"},\"children\":[{\"type\":\"panel\",\"props\":{\"content\":\"\n\n<p>Global Gap \\u00e9tablit des normes volontaires pour la certification des produits agricoles et des plantes \\u00e0 travers le monde dans le but de normaliser les bonnes pratiques agricoles (G.A.P.)<br \\\/>C'est la certification qui garantit \\u00e0 nos clients la qualit\\u00e9, la s\\u00e9curit\\u00e9 et la tra\\u00e7abilit\\u00e9 document\\u00e9e de notre production en p\\u00e9pini\\u00e8re.<\\\/p>\",\"content_column_breakpoint\":\"m\",\"icon_width\":80,\"image\":\"wp-content\\\/uploads\\\/2023\\\/07\\\/global-gap-logo-w500x461.png\",\"image_align\":\"left\",\"image_alt\":\"logo global gap\",\"image_grid_breakpoint\":\"m\",\"image_grid_width\":\"2-5\",\"image_height\":\"220\",\"image_svg_color\":\"emphasis\",\"image_vertical_align\":false,\"link_style\":\"default\",\"link_text\":\"Read more\",\"margin\":\"default\",\"meta_align\":\"below-title\",\"meta_element\":\"div\",\"meta_style\":\"text-meta\",\"text_align\":\"justify\",\"title\":\"Certifications Global Gap\",\"title_align\":\"top\",\"title_element\":\"h3\",\"title_grid_breakpoint\":\"m\",\"title_grid_width\":\"1-2\",\"title_hover_style\":\"reset\"}}]}]}]},{\"type\":\"section\",\"props\":{\"image_position\":\"center-center\",\"style\":\"default\",\"title_breakpoint\":\"xl\",\"title_position\":\"top-left\",\"title_rotation\":\"left\",\"vertical_align\":\"middle\",\"width\":\"default\"},\"children\":[{\"type\":\"row\",\"children\":[{\"type\":\"column\",\"props\":{\"image_position\":\"center-center\",\"position_sticky_breakpoint\":\"m\"}}]}]}],\"version\":\"4.2.11\",\"yooessentialsVersion\":\"2.1.5\"} --><\/p>\n","protected":false},"excerpt":{"rendered":"<div>certifications<\/div>\n<h1>certifications qualit\u00e9<\/h1>\n<div>\n<p><strong>Inspir\u00e9 par la gratitude et le respect de la nature. Tous les jours.<\/strong><\/p>\n<p>C&rsquo;est le soin quotidien de nos plantes, le choix de techniques de culture technologiquement avanc\u00e9es et \u00e9co-durables qui font bouger notre travail.<\/p>\n<p>\u00a0<\/p>\n<\/div>\n<div>\n<p>Nous utilisons notre esprit et nos mains pour <strong>s\u00e9lectionner<\/strong>, <strong>cultiver et faire pousser nos plantes<\/strong>, pour concevoir chaque besoin de paysage avec innovation, transparence et surtout durabilit\u00e9.<\/p>\n<p>Nous mettons toutes nos <strong>connaissances et comp\u00e9tences<\/strong> acquises au cours de d\u00e9cennies de travail dans chaque plante que nous cultivons, afin que la prochaine g\u00e9n\u00e9ration de plantes soit plus forte et plus luxuriante pour la prochaine g\u00e9n\u00e9ration de personnes.<\/p>\n<\/div>\n<div>\n<p><img loading=\"lazy\" decoding=\"async\" class=\" size-full wp-image-7545\" src=\"http:\/\/innocentiemangonipiante.it\/wp-content\/uploads\/2017\/03\/CERTIFICAZIONE-AMBIENTALE-MPS.png\" alt=\"\" width=\"146\" height=\"146\" srcset=\"https:\/\/innocentiemangonipiante.it\/wp-content\/uploads\/2017\/03\/CERTIFICAZIONE-AMBIENTALE-MPS.png 500w, https:\/\/innocentiemangonipiante.it\/wp-content\/uploads\/2017\/03\/CERTIFICAZIONE-AMBIENTALE-MPS-300x300.png 300w, https:\/\/innocentiemangonipiante.it\/wp-content\/uploads\/2017\/03\/CERTIFICAZIONE-AMBIENTALE-MPS-100x100.png 100w, https:\/\/innocentiemangonipiante.it\/wp-content\/uploads\/2017\/03\/CERTIFICAZIONE-AMBIENTALE-MPS-150x150.png 150w\" sizes=\"auto, (max-width: 146px) 100vw, 146px\" \/><img loading=\"lazy\" decoding=\"async\" class=\" size-full wp-image-7550\" src=\"http:\/\/innocentiemangonipiante.it\/wp-content\/uploads\/2017\/03\/logo-global-gap.jpg\" alt=\"\" width=\"166\" height=\"166\" srcset=\"https:\/\/innocentiemangonipiante.it\/wp-content\/uploads\/2017\/03\/logo-global-gap.jpg 500w, https:\/\/innocentiemangonipiante.it\/wp-content\/uploads\/2017\/03\/logo-global-gap-300x300.jpg 300w, https:\/\/innocentiemangonipiante.it\/wp-content\/uploads\/2017\/03\/logo-global-gap-100x100.jpg 100w, https:\/\/innocentiemangonipiante.it\/wp-content\/uploads\/2017\/03\/logo-global-gap-150x150.jpg 150w\" sizes=\"auto, (max-width: 166px) 100vw, 166px\" \/><\/p>\n<\/div>\n<p><img decoding=\"async\" src=\"http:\/\/innocentiemangonipiante.it\/wp-content\/uploads\/2020\/04\/iem-vivaio-58.jpg\" alt=\"\"><\/p>\n<div>\n<h3>Certificazion\u00a0enviromentale MPS (classe A)<\/h3>\n<p>La <strong>certification environnementale MPS garantit la qualit\u00e9 et la p\u00e9rennit\u00e9 du secteur des p\u00e9pini\u00e8res.<\/strong><br \/>En enregistrant notre consommation, nous pouvons suivre le niveau de production durable et apporter les changements n\u00e9cessaires au travail en r\u00e9duisant l&rsquo;impact environnemental.<br \/>Ce type de certification garantit non seulement la durabilit\u00e9 environnementale mais \u00e9galement le respect du client et des conditions de travail \u00e9thiques.\u00a0<\/p>\n<\/div>\n<div>\n<h3>Certifications Global Gap<\/h3>\n<p>Global Gap \u00e9tablit des normes volontaires pour la certification des produits agricoles et des plantes \u00e0 travers le monde dans le but de normaliser les bonnes pratiques agricoles (G.A.P.)<br \/>C&rsquo;est la certification qui garantit \u00e0 nos clients la qualit\u00e9, la s\u00e9curit\u00e9 et la tra\u00e7abilit\u00e9 document\u00e9e de notre production en p\u00e9pini\u00e8re.<\/p>\n<\/div>\n<p><img decoding=\"async\" src=\"http:\/\/innocentiemangonipiante.it\/wp-content\/uploads\/2014\/11\/elemento-1.png\" alt=\"\"><\/p>\n","protected":false},"author":2,"featured_media":11970,"parent":0,"menu_order":1,"comment_status":"open","ping_status":"open","template":"","meta":{"_acf_changed":false,"footnotes":""},"class_list":["post-8578","page","type-page","status-publish","has-post-thumbnail","hentry"],"acf":[],"_links":{"self":[{"href":"https:\/\/innocentiemangonipiante.it\/fr\/wp-json\/wp\/v2\/pages\/8578","targetHints":{"allow":["GET"]}}],"collection":[{"href":"https:\/\/innocentiemangonipiante.it\/fr\/wp-json\/wp\/v2\/pages"}],"about":[{"href":"https:\/\/innocentiemangonipiante.it\/fr\/wp-json\/wp\/v2\/types\/page"}],"author":[{"embeddable":true,"href":"https:\/\/innocentiemangonipiante.it\/fr\/wp-json\/wp\/v2\/users\/2"}],"replies":[{"embeddable":true,"href":"https:\/\/innocentiemangonipiante.it\/fr\/wp-json\/wp\/v2\/comments?post=8578"}],"version-history":[{"count":0,"href":"https:\/\/innocentiemangonipiante.it\/fr\/wp-json\/wp\/v2\/pages\/8578\/revisions"}],"wp:featuredmedia":[{"embeddable":true,"href":"https:\/\/innocentiemangonipiante.it\/fr\/wp-json\/wp\/v2\/media\/11970"}],"wp:attachment":[{"href":"https:\/\/innocentiemangonipiante.it\/fr\/wp-json\/wp\/v2\/media?parent=8578"}],"curies":[{"name":"wp","href":"https:\/\/api.w.org\/{rel}","templated":true}]}}