{"id":8691,"date":"2021-02-02T10:57:00","date_gmt":"2021-02-02T09:57:00","guid":{"rendered":"http:\/\/innocentiemangonipiante.it\/2021\/02\/02\/telechargez-i-m-plant-app\/"},"modified":"2025-10-09T11:37:57","modified_gmt":"2025-10-09T09:37:57","slug":"telechargez-i-m-plant-app","status":"publish","type":"page","link":"https:\/\/innocentiemangonipiante.it\/fr\/telechargez-i-m-plant-app\/","title":{"rendered":"T\u00e9l\u00e9chargez I&#038;M plant App"},"content":{"rendered":"<p><a href=\"https:\/\/apps.apple.com\/it\/app\/i-m-plant\/id1553071465\" rel=\"nofollow noopener\" target=\"_blank\"><img decoding=\"async\" src=\"\/wp-content\/uploads\/2023\/07\/appstore.jpg\" alt=\"scarica app innocenti e mangoni su app store\" title=\"\"><\/a><br \/>\n<a href=\"https:\/\/play.google.com\/store\/apps\/details?id=it.innocentiemangonipiante.clienti&#038;hl=it\" rel=\"nofollow noopener\" target=\"_blank\"><img decoding=\"async\" src=\"\/wp-content\/uploads\/2023\/07\/googleplay-1.jpg\" alt=\"scarica app innocenti e mangoni su google play\" title=\"\"><\/a><\/p>\n<h1>T\u00e9l\u00e9charger l\u2019appli &#038; rester connect\u00e9<\/h1>\n<div>\n<p><strong> I&amp;M Plant App <\/strong> est la <strong> p\u00e9pini\u00e8re num\u00e9rique d&rsquo;Innocenti &amp; Mangoni\u00a0Plantes<\/strong>.<\/p>\n<p>Annulez les distances gr\u00e2ce \u00e0 l&rsquo;utilisation de technologies. Une application pour tout: communiquez avec votre responsable commercial d\u00e9di\u00e9, recevez des offres personnalis\u00e9es, informez-vous sur la disponibilit\u00e9 de nos plantes, entrez dans nos p\u00e9pini\u00e8res gr\u00e2ce \u00e0 la nouvelle exp\u00e9rience de visite virtuelle \u00e0 360 \u00b0.<\/p>\n<p>Nous souhaitons que la digitalisation de nos cr\u00e8ches soit mise au service de tous nos clients exploitants pour am\u00e9liorer les approvisionnements et les consultations.<\/p>\n<p>Le <strong> I &amp; M PLANT.APP <\/strong> permet \u00e0 chacun de nos clients, que ce soit un <strong> Jardinerie <\/strong>, une <strong> Entreprise du paysage <\/strong>, un <strong> P\u00e9pini\u00e9riste <\/strong>, un <strong> organisme public <\/strong> ou un <strong> entrepreneur g\u00e9n\u00e9ral <\/strong>, pour entrer virtuellement dans notre p\u00e9pini\u00e8re, d\u00e9couvrir toutes les vari\u00e9t\u00e9s de plantes que nous produisons, choisir les quantit\u00e9s et les privil\u00e9gier tailles et passez une commande.<\/p>\n<p>Nous aimons penser que nos plantes font partie int\u00e9grante de notre famille et de notre terre.<\/p>\n<p>Nous les soignons avec constance et amour dans la plaine fertile de Pistoia sur plus de 320 hectares avec plus de 1500 vari\u00e9t\u00e9s de plantes ornementales de toutes formes, tailles, arbres et conif\u00e8res, esp\u00e8ces m\u00e9diterran\u00e9ennes, arbres fruitiers, roses, plantes form\u00e9es pour l&rsquo;art topiaire des formes naturelles aux formes plus g\u00e9om\u00e9triques ou excentriques.<\/p>\n<p>Les principaux secteurs de production sont:<\/p>\n<p><strong> JEUNES PLANTES <\/strong><\/p>\n<p><strong> CULTURE TERRESTRE <\/strong><\/p>\n<p><strong> CULTURE DANS DES CONTENEURS <\/strong><\/p>\n<p><strong> PLANTES FORM\u00c9ES <\/strong><\/p>\n<\/p>\n<p>T\u00e9l\u00e9chargez l&rsquo;application I &amp; M PLANT.APP, restez connect\u00e9 avec nous.<\/p>\n<\/p>\n<\/div>\n<hr>\n<p><a href=\"https:\/\/apps.apple.com\/it\/app\/i-m-plant\/id1553071465\" rel=\"nofollow noopener\" target=\"_blank\"><img decoding=\"async\" src=\"\/wp-content\/uploads\/2023\/07\/appstore.jpg\" alt=\"scarica app innocenti e mangoni su app store\" title=\"\"><\/a><br \/>\n<a href=\"https:\/\/play.google.com\/store\/apps\/details?id=it.innocentiemangonipiante.clienti&#038;hl=it\" rel=\"nofollow noopener\" target=\"_blank\"><img decoding=\"async\" src=\"\/wp-content\/uploads\/2023\/07\/googleplay-1.jpg\" alt=\"scarica app innocenti e mangoni su google play\" title=\"\"><\/a><\/p>\n<ul>\n<li>\n<p>        <img decoding=\"async\" src=\"\/wp-content\/uploads\/2025\/01\/Plant-app-2025-1-1.jpg\" alt=\"app innocenti e mangoni su smartphone\" title=\"\"><\/p>\n<p><a href=\"https:\/\/apps.innocentiemangonipiante.it\/\">Read more<\/a><\/p>\n<\/li>\n<li>\n<p>        <img decoding=\"async\" src=\"\/wp-content\/uploads\/2025\/01\/Plant-app-2025-2-fra.jpg\" alt=\"dashboard app innocenti e mangoni su smartphone\" title=\"\"><\/p>\n<p><a href=\"https:\/\/apps.innocentiemangonipiante.it\/\">Read more<\/a><\/p>\n<\/li>\n<li>\n<p>        <img decoding=\"async\" src=\"\/wp-content\/uploads\/2025\/01\/Plant-app-2025-3-fra.jpg\" alt=\"cerca pianta su app innocenti e mangoni su smartphone\" title=\"\"><\/p>\n<p><a href=\"https:\/\/apps.innocentiemangonipiante.it\/\">Read more<\/a><\/p>\n<\/li>\n<li>\n<p>        <img decoding=\"async\" src=\"\/wp-content\/uploads\/2025\/01\/Plant-app-2025-4-fra.jpg\" alt=\"offerte personalizzate su app innocenti e mangoni su smartphone\" title=\"\"><\/p>\n<p><a href=\"https:\/\/apps.innocentiemangonipiante.it\/\">Read more<\/a><\/p>\n<\/li>\n<li>\n<p>        <img decoding=\"async\" src=\"\/wp-content\/uploads\/2025\/01\/Plant-app-2025-5-fra.jpg\" alt=\"elenco ordini su app innocenti e mangoni su smartphone\" title=\"\"><\/p>\n<p><a href=\"https:\/\/apps.innocentiemangonipiante.it\/\">Read more<\/a><\/p>\n<\/li>\n<li>\n<p>        <img decoding=\"async\" src=\"\/wp-content\/uploads\/2025\/01\/Plant-app-2025-6-fra.jpg\" alt=\"carrello dell&#039;app innocenti e mangoni su smartphone\" title=\"\"><\/p>\n<p><a href=\"https:\/\/apps.innocentiemangonipiante.it\/\">Read more<\/a><\/p>\n<\/li>\n<li>\n<p>        <img decoding=\"async\" src=\"\/wp-content\/uploads\/2025\/01\/Plant-app-2025-7-fra.jpg\" alt=\"nursery virtual tour su app innocenti e mangoni su smartphone\" title=\"\"><\/p>\n<p><a href=\"https:\/\/apps.innocentiemangonipiante.it\/\">Read more<\/a><\/p>\n<\/li>\n<\/ul>\n<p><a href=\"https:\/\/apps.apple.com\/it\/app\/i-m-plant\/id1553071465\" rel=\"nofollow noopener\" target=\"_blank\"><img decoding=\"async\" src=\"\/wp-content\/uploads\/2023\/07\/appstore.jpg\" alt=\"scarica app innocenti e mangoni su app store\" title=\"\"><\/a><br \/>\n<a href=\"https:\/\/play.google.com\/store\/apps\/details?id=it.innocentiemangonipiante.clienti&#038;hl=it\" rel=\"nofollow noopener\" target=\"_blank\"><img decoding=\"async\" src=\"\/wp-content\/uploads\/2023\/07\/googleplay-1.jpg\" alt=\"scarica app innocenti e mangoni su google play\" title=\"\"><\/a><\/p>\n<p><!--more--><br \/>\n<!-- {\"type\":\"layout\",\"children\":[{\"type\":\"section\",\"props\":{\"class\":\"videoapp\",\"css\":\".el-section {aspect-ratio: 16\\\/9;}\",\"header_transparent\":\"dark\",\"header_transparent_noplaceholder\":true,\"image_position\":\"center-center\",\"padding\":\"xlarge\",\"style\":\"default\",\"title_breakpoint\":\"xl\",\"title_position\":\"top-left\",\"title_rotation\":\"left\",\"vertical_align\":\"middle\",\"video\":\"wp-content\\\/uploads\\\/2025\\\/09\\\/Video-presentazione-APP.mp4\",\"video_height\":\"800\",\"width\":\"\"},\"children\":[{\"type\":\"row\",\"children\":[{\"type\":\"column\",\"props\":{\"image_position\":\"center-center\",\"position_sticky_breakpoint\":\"m\",\"width_medium\":\"1-1\"}}]}],\"name\":\"AAA-RIGA-VERDE\"},{\"type\":\"section\",\"props\":{\"class\":\"tastiscaricoapp\",\"image_position\":\"center-center\",\"style\":\"default\",\"title_breakpoint\":\"xl\",\"title_position\":\"top-left\",\"title_rotation\":\"left\",\"vertical_align\":\"middle\",\"width\":\"xlarge\"},\"children\":[{\"type\":\"row\",\"props\":{\"layout\":\"1-2,1-2\"},\"children\":[{\"type\":\"column\",\"props\":{\"image_position\":\"center-center\",\"position_sticky_breakpoint\":\"m\",\"width_medium\":\"1-2\"},\"children\":[{\"type\":\"image\",\"props\":{\"image\":\"wp-content\\\/uploads\\\/2023\\\/07\\\/appstore.jpg\",\"image_alt\":\"scarica app innocenti e mangoni su app store\",\"image_svg_color\":\"emphasis\",\"link\":\"https:\\\/\\\/apps.apple.com\\\/it\\\/app\\\/i-m-plant\\\/id1553071465\",\"margin\":\"default\",\"text_align\":\"right\"}}]},{\"type\":\"column\",\"props\":{\"image_position\":\"center-center\",\"position_sticky_breakpoint\":\"m\",\"width_medium\":\"1-2\"},\"children\":[{\"type\":\"image\",\"props\":{\"image\":\"wp-content\\\/uploads\\\/2023\\\/07\\\/googleplay-1.jpg\",\"image_alt\":\"scarica app innocenti e mangoni su google play\",\"image_svg_color\":\"emphasis\",\"link\":\"https:\\\/\\\/play.google.com\\\/store\\\/apps\\\/details?id=it.innocentiemangonipiante.clienti&hl=it\",\"margin\":\"default\"}}]}]}]},{\"type\":\"section\",\"props\":{\"image\":\"images\\\/2021\\\/icone\\\/iem-vivaio--109.jpg\",\"image_position\":\"bottom-right\",\"style\":\"default\",\"title_breakpoint\":\"xl\",\"title_position\":\"top-left\",\"title_rotation\":\"left\",\"vertical_align\":\"middle\",\"width\":\"xlarge\"},\"children\":[{\"type\":\"row\",\"children\":[{\"type\":\"column\",\"props\":{\"image_position\":\"center-center\",\"position_sticky_breakpoint\":\"m\"},\"children\":[{\"type\":\"headline\",\"props\":{\"content\":\"T\\u00e9l\\u00e9charger l\\u2019appli & rester connect\\u00e9\",\"title_color\":\"primary\",\"title_element\":\"h1\",\"title_style\":\"heading-medium\"}}]}]},{\"type\":\"row\",\"children\":[{\"type\":\"column\",\"props\":{\"image_position\":\"center-center\",\"position_sticky_breakpoint\":\"m\"},\"children\":[{\"type\":\"text\",\"props\":{\"column_breakpoint\":\"m\",\"content\":\"\n\n<p><strong> I&amp;M Plant App <\\\/strong> est la <strong> p\\u00e9pini\\u00e8re num\\u00e9rique d'Innocenti &amp; Mangoni\\u00a0Plantes<\\\/strong>.<\\\/p>\\n\n\n<p>Annulez les distances gr\\u00e2ce \\u00e0 l'utilisation de technologies. Une application pour tout: communiquez avec votre responsable commercial d\\u00e9di\\u00e9, recevez des offres personnalis\\u00e9es, informez-vous sur la disponibilit\\u00e9 de nos plantes, entrez dans nos p\\u00e9pini\\u00e8res gr\\u00e2ce \\u00e0 la nouvelle exp\\u00e9rience de visite virtuelle \\u00e0 360 \\u00b0.<\\\/p>\\n\n\n<p>Nous souhaitons que la digitalisation de nos cr\\u00e8ches soit mise au service de tous nos clients exploitants pour am\\u00e9liorer les approvisionnements et les consultations.<\\\/p>\\n\n\n<p>Le <strong> I &amp; M PLANT.APP <\\\/strong> permet \\u00e0 chacun de nos clients, que ce soit un <strong> Jardinerie <\\\/strong>, une <strong> Entreprise du paysage <\\\/strong>, un <strong> P\\u00e9pini\\u00e9riste <\\\/strong>, un <strong> organisme public <\\\/strong> ou un <strong> entrepreneur g\\u00e9n\\u00e9ral <\\\/strong>, pour entrer virtuellement dans notre p\\u00e9pini\\u00e8re, d\\u00e9couvrir toutes les vari\\u00e9t\\u00e9s de plantes que nous produisons, choisir les quantit\\u00e9s et les privil\\u00e9gier tailles et passez une commande.<\\\/p>\\n\n\n<p>Nous aimons penser que nos plantes font partie int\\u00e9grante de notre famille et de notre terre.<\\\/p>\\n\n\n<p>Nous les soignons avec constance et amour dans la plaine fertile de Pistoia sur plus de 320 hectares avec plus de 1500 vari\\u00e9t\\u00e9s de plantes ornementales de toutes formes, tailles, arbres et conif\\u00e8res, esp\\u00e8ces m\\u00e9diterran\\u00e9ennes, arbres fruitiers, roses, plantes form\\u00e9es pour l'<a href=\"https:\/\/innocentiemangonipiante.it\/fr\/art-topiaire-plantes-avec-formes\/\">art topiaire<\/a> des formes naturelles aux formes plus g\\u00e9om\\u00e9triques ou excentriques.<\\\/p>\\n\n\n<p>Les principaux secteurs de production sont:<\\\/p>\\n\n\n<p><strong> JEUNES PLANTES <\\\/strong><\\\/p>\\n\n\n<p><strong> CULTURE TERRESTRE <\\\/strong><\\\/p>\\n\n\n<p><strong> CULTURE DANS DES CONTENEURS <\\\/strong><\\\/p>\\n\n\n<p><strong> PLANTES FORM\\u00c9ES <\\\/strong><\\\/p>\\n\n\n<p><\\\/p>\\n\n\n<p>T\\u00e9l\\u00e9chargez l'application I &amp; M PLANT.APP, restez connect\\u00e9 avec nous.<\\\/p>\\n\n\n<p><\\\/p>\\n\n\n<p><\\\/p>\",\"margin\":\"default\"}},{\"type\":\"divider\",\"props\":{\"divider_element\":\"hr\"}}]}]}]},{\"type\":\"section\",\"props\":{\"class\":\"tastiscaricoapp\",\"image_position\":\"center-center\",\"style\":\"default\",\"title_breakpoint\":\"xl\",\"title_position\":\"top-left\",\"title_rotation\":\"left\",\"vertical_align\":\"middle\",\"width\":\"xlarge\"},\"children\":[{\"type\":\"row\",\"props\":{\"layout\":\"1-2,1-2\"},\"children\":[{\"type\":\"column\",\"props\":{\"image_position\":\"center-center\",\"position_sticky_breakpoint\":\"m\",\"width_medium\":\"1-2\"},\"children\":[{\"type\":\"image\",\"props\":{\"image\":\"wp-content\\\/uploads\\\/2023\\\/07\\\/appstore.jpg\",\"image_alt\":\"scarica app innocenti e mangoni su app store\",\"image_svg_color\":\"emphasis\",\"link\":\"https:\\\/\\\/apps.apple.com\\\/it\\\/app\\\/i-m-plant\\\/id1553071465\",\"margin\":\"default\",\"text_align\":\"right\"}}]},{\"type\":\"column\",\"props\":{\"image_position\":\"center-center\",\"position_sticky_breakpoint\":\"m\",\"width_medium\":\"1-2\"},\"children\":[{\"type\":\"image\",\"props\":{\"image\":\"wp-content\\\/uploads\\\/2023\\\/07\\\/googleplay-1.jpg\",\"image_alt\":\"scarica app innocenti e mangoni su google play\",\"image_svg_color\":\"emphasis\",\"link\":\"https:\\\/\\\/play.google.com\\\/store\\\/apps\\\/details?id=it.innocentiemangonipiante.clienti&hl=it\",\"margin\":\"default\"}}]}]}]},{\"type\":\"section\",\"props\":{\"image\":\"wp-content\\\/uploads\\\/2023\\\/08\\\/piedino-1.svg\",\"image_position\":\"center-center\",\"media_overlay\":\"#F5F5F3\",\"padding\":\"none\",\"style\":\"default\",\"title_breakpoint\":\"xl\",\"title_position\":\"top-left\",\"title_rotation\":\"left\",\"vertical_align\":\"middle\",\"width\":\"\"},\"children\":[{\"type\":\"row\",\"children\":[{\"type\":\"column\",\"props\":{\"image_position\":\"center-center\",\"position_sticky_breakpoint\":\"m\"},\"children\":[{\"type\":\"overlay-slider\",\"props\":{\"image_transition\":\"scale-up\",\"image_width\":\"400\",\"link_style\":\"default\",\"link_text\":\"Read more\",\"margin\":\"default\",\"meta_align\":\"below-title\",\"meta_element\":\"div\",\"meta_style\":\"text-meta\",\"nav\":\"\",\"nav_align\":\"center\",\"nav_breakpoint\":\"s\",\"overlay_hover\":true,\"overlay_mode\":\"caption\",\"overlay_padding\":\"large\",\"overlay_position\":\"bottom-center\",\"overlay_style\":\"overlay-primary\",\"overlay_transition\":\"fade\",\"show_content\":false,\"show_hover_image\":true,\"show_link\":false,\"show_meta\":true,\"show_title\":false,\"slidenav\":\"outside\",\"slidenav_breakpoint\":\"s\",\"slidenav_margin\":\"medium\",\"slidenav_outside_breakpoint\":\"xl\",\"slider_autoplay\":true,\"slider_autoplay_pause\":true,\"slider_center\":true,\"slider_gap\":\"default\",\"slider_width\":\"fixed\",\"slider_width_default\":\"1-1\",\"slider_width_medium\":\"1-4\",\"text_align\":\"center\",\"title_element\":\"h3\",\"title_hover_style\":\"reset\"},\"children\":[{\"type\":\"overlay-slider_item\",\"props\":{\"content\":\"\",\"image\":\"wp-content\\\/uploads\\\/2025\\\/01\\\/Plant-app-2025-1-1.jpg\",\"image_alt\":\"app innocenti e mangoni su smartphone\",\"link\":\"https:\\\/\\\/apps.innocentiemangonipiante.it\\\/\",\"title\":\"\"}},{\"type\":\"overlay-slider_item\",\"props\":{\"content\":\"\",\"image\":\"wp-content\\\/uploads\\\/2025\\\/01\\\/Plant-app-2025-2-fra.jpg\",\"image_alt\":\"dashboard app innocenti e mangoni su smartphone\",\"link\":\"https:\\\/\\\/apps.innocentiemangonipiante.it\\\/\",\"title\":\"\"}},{\"type\":\"overlay-slider_item\",\"props\":{\"content\":\"\",\"image\":\"wp-content\\\/uploads\\\/2025\\\/01\\\/Plant-app-2025-3-fra.jpg\",\"image_alt\":\"cerca pianta su app innocenti e mangoni su smartphone\",\"link\":\"https:\\\/\\\/apps.innocentiemangonipiante.it\\\/\"}},{\"type\":\"overlay-slider_item\",\"props\":{\"content\":\"\",\"image\":\"wp-content\\\/uploads\\\/2025\\\/01\\\/Plant-app-2025-4-fra.jpg\",\"image_alt\":\"offerte personalizzate su app innocenti e mangoni su smartphone\",\"link\":\"https:\\\/\\\/apps.innocentiemangonipiante.it\\\/\"}},{\"type\":\"overlay-slider_item\",\"props\":{\"content\":\"\",\"image\":\"wp-content\\\/uploads\\\/2025\\\/01\\\/Plant-app-2025-5-fra.jpg\",\"image_alt\":\"elenco ordini su app innocenti e mangoni su smartphone\",\"link\":\"https:\\\/\\\/apps.innocentiemangonipiante.it\\\/\"}},{\"type\":\"overlay-slider_item\",\"props\":{\"content\":\"\",\"image\":\"wp-content\\\/uploads\\\/2025\\\/01\\\/Plant-app-2025-6-fra.jpg\",\"image_alt\":\"carrello dell'app innocenti e mangoni su smartphone\",\"link\":\"https:\\\/\\\/apps.innocentiemangonipiante.it\\\/\"}},{\"type\":\"overlay-slider_item\",\"props\":{\"content\":\"\",\"image\":\"wp-content\\\/uploads\\\/2025\\\/01\\\/Plant-app-2025-7-fra.jpg\",\"image_alt\":\"nursery virtual tour su app innocenti e mangoni su smartphone\",\"link\":\"https:\\\/\\\/apps.innocentiemangonipiante.it\\\/\"}}]}]}]}]},{\"type\":\"section\",\"props\":{\"class\":\"tastiscaricoapp\",\"image_position\":\"center-center\",\"style\":\"default\",\"title_breakpoint\":\"xl\",\"title_position\":\"top-left\",\"title_rotation\":\"left\",\"vertical_align\":\"middle\",\"width\":\"xlarge\"},\"children\":[{\"type\":\"row\",\"props\":{\"layout\":\"1-2,1-2\"},\"children\":[{\"type\":\"column\",\"props\":{\"image_position\":\"center-center\",\"position_sticky_breakpoint\":\"m\",\"width_medium\":\"1-2\"},\"children\":[{\"type\":\"image\",\"props\":{\"image\":\"wp-content\\\/uploads\\\/2023\\\/07\\\/appstore.jpg\",\"image_alt\":\"scarica app innocenti e mangoni su app store\",\"image_svg_color\":\"emphasis\",\"link\":\"https:\\\/\\\/apps.apple.com\\\/it\\\/app\\\/i-m-plant\\\/id1553071465\",\"margin\":\"default\",\"text_align\":\"right\"}}]},{\"type\":\"column\",\"props\":{\"image_position\":\"center-center\",\"position_sticky_breakpoint\":\"m\",\"width_medium\":\"1-2\"},\"children\":[{\"type\":\"image\",\"props\":{\"image\":\"wp-content\\\/uploads\\\/2023\\\/07\\\/googleplay-1.jpg\",\"image_alt\":\"scarica app innocenti e mangoni su google play\",\"image_svg_color\":\"emphasis\",\"link\":\"https:\\\/\\\/play.google.com\\\/store\\\/apps\\\/details?id=it.innocentiemangonipiante.clienti&hl=it\",\"margin\":\"default\"}}]}]}]}],\"version\":\"4.2.13\",\"yooessentialsVersion\":\"2.1.5\"} --><\/p>\n","protected":false},"excerpt":{"rendered":"<div>\n<p>\u00a0<\/p>\n<p>\u00a0<\/p>\n<p>\u00a0<\/p>\n<p>\u00a0<\/p>\n<p>\u00a0<\/p>\n<p>\u00a0<\/p>\n<p>\u00a0<\/p>\n<p>\u00a0<\/p>\n<p>\u00a0<\/p>\n<p>\u00a0<\/p>\n<p>\u00a0<\/p>\n<\/div>\n<h1>T\u00c9L\u00c9CHARGE NOTRE APP<\/h1>\n<div>\n<p><strong> I&amp;M Plant App <\/strong> est la <strong> p\u00e9pini\u00e8re num\u00e9rique d&rsquo;Innocenti &amp; Mangoni\u00a0Plantes<\/strong>.<\/p>\n<p>Annulez les distances gr\u00e2ce \u00e0 l&rsquo;utilisation de technologies. Une application pour tout: communiquez avec votre responsable commercial d\u00e9di\u00e9, recevez des offres personnalis\u00e9es, informez-vous sur la disponibilit\u00e9 de nos plantes, entrez dans nos p\u00e9pini\u00e8res gr\u00e2ce \u00e0 la nouvelle exp\u00e9rience de visite virtuelle \u00e0 360 \u00b0.<\/p>\n<p>Nous souhaitons que la digitalisation de nos cr\u00e8ches soit mise au service de tous nos clients exploitants pour am\u00e9liorer les approvisionnements et les consultations.<\/p>\n<p>Le <strong> I &amp; M PLANT.APP <\/strong> permet \u00e0 chacun de nos clients, que ce soit un <strong> Jardinerie <\/strong>, une <strong> Entreprise du paysage <\/strong>, un <strong> P\u00e9pini\u00e9riste <\/strong>, un <strong> organisme public <\/strong> ou un <strong> entrepreneur g\u00e9n\u00e9ral <\/strong>, pour entrer virtuellement dans notre p\u00e9pini\u00e8re, d\u00e9couvrir toutes les vari\u00e9t\u00e9s de plantes que nous produisons, choisir les quantit\u00e9s et les privil\u00e9gier tailles et passez une commande.<\/p>\n<p>Nous aimons penser que nos plantes font partie int\u00e9grante de notre famille et de notre terre.<\/p>\n<p>Nous les soignons avec constance et amour dans la plaine fertile de Pistoia sur plus de 320 hectares avec plus de 1500 vari\u00e9t\u00e9s de plantes ornementales de toutes formes, tailles, arbres et conif\u00e8res, esp\u00e8ces m\u00e9diterran\u00e9ennes, arbres fruitiers, roses, plantes form\u00e9es pour l&rsquo;art topiaire des formes naturelles aux formes plus g\u00e9om\u00e9triques ou excentriques.<\/p>\n<p>Les principaux secteurs de production sont:<\/p>\n<p><strong> JEUNES PLANTES <\/strong><\/p>\n<p><strong> CULTURE TERRESTRE <\/strong><\/p>\n<p><strong> CULTURE DANS DES CONTENEURS <\/strong><\/p>\n<p><strong> PLANTES FORM\u00c9ES <\/strong><\/p>\n<\/p>\n<p>T\u00e9l\u00e9chargez l&rsquo;application I &amp; M PLANT.APP, restez connect\u00e9 avec nous.<\/p>\n<\/p>\n<\/div>\n<hr>\n<p><video src=\"\/images\/video\/ad%20app%20FRANCESE.mp4\" poster=\"\"><\/video><br \/>\n<a href=\"https:\/\/apps.apple.com\/fr\/app\/i-m-plant\/id1553071465\"><img decoding=\"async\" src=\"http:\/\/innocentiemangonipiante.it\/wp-content\/uploads\/2011\/05\/appstore.jpg\" alt=\"\"><\/a><br \/>\n<a href=\"https:\/\/play.google.com\/store\/apps\/details?id=it.innocentiemangonipiante.clienti&#038;hl=it\"><img decoding=\"async\" src=\"http:\/\/innocentiemangonipiante.it\/wp-content\/uploads\/2011\/05\/googleplay.jpg\" alt=\"\"><\/a><\/p>\n<hr>\n<ul>\n<li>\n<p>        <img decoding=\"async\" src=\"http:\/\/innocentiemangonipiante.it\/wp-content\/uploads\/2021\/02\/screenshot_iphone_11_amm_APP-scaled.jpg\" alt=\"\"><\/p>\n<div>\n<p>Testo funzionalit\u00e0 di nquesta pagina\u00a0Testo funzionalit\u00e0 di nquesta paginaTesto funzionalit\u00e0 di nquesta paginaTesto funzionalit\u00e0 di nquesta paginaTesto funzionalit\u00e0 di nquesta paginaTesto funzionalit\u00e0 di nquesta paginaTesto funzionalit\u00e0 di <strong>nquesta<\/strong> paginaTesto funzionalit\u00e0 di nquesta pagina<\/p>\n<p>\u00a0<\/p>\n<p><strong><a href=\"INSTALLA ADESSO\">INSTALLA ADESSO<\/a><\/strong><\/p>\n<\/div>\n<p><a href=\"#\">Read more<\/a><\/p>\n<\/li>\n<li>\n<p>        <img decoding=\"async\" src=\"http:\/\/innocentiemangonipiante.it\/wp-content\/uploads\/2021\/02\/screenshot_iphone_11_amm_DASHBOARD-scaled.jpg\" alt=\"\"><\/p>\n<div>\n<p>Testo funzionalit\u00e0 di nquesta pagina\u00a0Testo funzionalit\u00e0 di nquesta paginaTesto funzionalit\u00e0 di nquesta paginaTesto funzionalit\u00e0 di nquesta paginaTesto funzionalit\u00e0 di nquesta paginaTesto funzionalit\u00e0 di nquesta paginaTesto funzionalit\u00e0 di\u00a0<strong>nquesta<\/strong>\u00a0paginaTesto funzionalit\u00e0 di nquesta pagina<\/p>\n<p>\u00a0<\/p>\n<p><strong><a href=\"INSTALLA ADESSO\">INSTALLA ADESSO<\/a><\/strong><\/p>\n<\/div>\n<\/li>\n<li>\n<p>        <img decoding=\"async\" src=\"http:\/\/innocentiemangonipiante.it\/wp-content\/uploads\/2021\/02\/screenshot_iphone_11_amm_CERCA_PIANTA-scaled.jpg\" alt=\"\"><\/p>\n<div>\n<p>Testo funzionalit\u00e0 di nquesta pagina\u00a0Testo funzionalit\u00e0 di nquesta paginaTesto funzionalit\u00e0 di nquesta paginaTesto funzionalit\u00e0 di nquesta paginaTesto funzionalit\u00e0 di nquesta paginaTesto funzionalit\u00e0 di nquesta paginaTesto funzionalit\u00e0 di\u00a0<strong>nquesta<\/strong>\u00a0paginaTesto funzionalit\u00e0 di nquesta pagina<\/p>\n<p>\u00a0<\/p>\n<p><strong><a href=\"INSTALLA ADESSO\">INSTALLA ADESSO<\/a><\/strong><\/p>\n<\/div>\n<\/li>\n<li>\n<p>        <img decoding=\"async\" src=\"http:\/\/innocentiemangonipiante.it\/wp-content\/uploads\/2021\/02\/screenshot_iphone_11_amm_OFFERTE_PERSONALIZZATE-scaled.jpg\" alt=\"\"><\/p>\n<div>\n<p>Testo funzionalit\u00e0 di nquesta pagina\u00a0Testo funzionalit\u00e0 di nquesta paginaTesto funzionalit\u00e0 di nquesta paginaTesto funzionalit\u00e0 di nquesta paginaTesto funzionalit\u00e0 di nquesta paginaTesto funzionalit\u00e0 di nquesta paginaTesto funzionalit\u00e0 di\u00a0<strong>nquesta<\/strong>\u00a0paginaTesto funzionalit\u00e0 di nquesta pagina<\/p>\n<p>\u00a0<\/p>\n<p><strong><a href=\"INSTALLA ADESSO\">INSTALLA ADESSO<\/a><\/strong><\/p>\n<\/div>\n<\/li>\n<li>\n<p>        <img decoding=\"async\" src=\"http:\/\/innocentiemangonipiante.it\/wp-content\/uploads\/2021\/02\/screenshot_iphone_11_amm_ELENCO_ORDINI.jpg\" alt=\"\"><\/p>\n<div>\n<p>Testo funzionalit\u00e0 di nquesta pagina\u00a0Testo funzionalit\u00e0 di nquesta paginaTesto funzionalit\u00e0 di nquesta paginaTesto funzionalit\u00e0 di nquesta paginaTesto funzionalit\u00e0 di nquesta paginaTesto funzionalit\u00e0 di nquesta paginaTesto funzionalit\u00e0 di\u00a0<strong>nquesta<\/strong>\u00a0paginaTesto funzionalit\u00e0 di nquesta pagina<\/p>\n<p>\u00a0<\/p>\n<p><strong><a href=\"INSTALLA ADESSO\">INSTALLA ADESSO<\/a><\/strong><\/p>\n<\/div>\n<\/li>\n<li>\n<p>        <img decoding=\"async\" src=\"http:\/\/innocentiemangonipiante.it\/wp-content\/uploads\/2021\/02\/screenshot_iphone_11_amm_METTI_NEL_CARRELLO-scaled.jpg\" alt=\"\"><\/p>\n<div>\n<p>Testo funzionalit\u00e0 di nquesta pagina\u00a0Testo funzionalit\u00e0 di nquesta paginaTesto funzionalit\u00e0 di nquesta paginaTesto funzionalit\u00e0 di nquesta paginaTesto funzionalit\u00e0 di nquesta paginaTesto funzionalit\u00e0 di nquesta paginaTesto funzionalit\u00e0 di\u00a0<strong>nquesta<\/strong>\u00a0paginaTesto funzionalit\u00e0 di nquesta pagina<\/p>\n<p>\u00a0<\/p>\n<p><strong><a href=\"INSTALLA ADESSO\">INSTALLA ADESSO<\/a><\/strong><\/p>\n<\/div>\n<\/li>\n<li>\n<p>        <img decoding=\"async\" src=\"http:\/\/innocentiemangonipiante.it\/wp-content\/uploads\/2021\/02\/screenshot_iphone_11_amm_VIRTUAL_TOUR-scaled.jpg\" alt=\"\"><\/p>\n<div>\n<p>Testo funzionalit\u00e0 di nquesta pagina\u00a0Testo funzionalit\u00e0 di nquesta paginaTesto funzionalit\u00e0 di nquesta paginaTesto funzionalit\u00e0 di nquesta paginaTesto funzionalit\u00e0 di nquesta paginaTesto funzionalit\u00e0 di nquesta paginaTesto funzionalit\u00e0 di\u00a0<strong>nquesta<\/strong>\u00a0paginaTesto funzionalit\u00e0 di nquesta pagina<\/p>\n<p>\u00a0<\/p>\n<p><strong><a href=\"INSTALLA ADESSO\">INSTALLA ADESSO<\/a><\/strong><\/p>\n<\/div>\n<\/li>\n<\/ul>\n<p><a href=\"https:\/\/apps.apple.com\/fr\/app\/i-m-plant\/id1553071465\"><img decoding=\"async\" src=\"http:\/\/innocentiemangonipiante.it\/wp-content\/uploads\/2011\/05\/appstore.jpg\" alt=\"\"><\/a><br \/>\n<a href=\"https:\/\/play.google.com\/store\/apps\/details?id=it.innocentiemangonipiante.clienti&#038;hl=it\"><img decoding=\"async\" src=\"http:\/\/innocentiemangonipiante.it\/wp-content\/uploads\/2011\/05\/googleplay.jpg\" alt=\"\"><\/a><br \/>\n<img decoding=\"async\" src=\"http:\/\/innocentiemangonipiante.it\/wp-content\/uploads\/2011\/05\/alto.png\" alt=\"\"><\/p>\n","protected":false},"author":2,"featured_media":17316,"parent":0,"menu_order":6,"comment_status":"open","ping_status":"closed","template":"","meta":{"_acf_changed":false,"footnotes":""},"class_list":["post-8691","page","type-page","status-publish","has-post-thumbnail","hentry"],"acf":[],"_links":{"self":[{"href":"https:\/\/innocentiemangonipiante.it\/fr\/wp-json\/wp\/v2\/pages\/8691","targetHints":{"allow":["GET"]}}],"collection":[{"href":"https:\/\/innocentiemangonipiante.it\/fr\/wp-json\/wp\/v2\/pages"}],"about":[{"href":"https:\/\/innocentiemangonipiante.it\/fr\/wp-json\/wp\/v2\/types\/page"}],"author":[{"embeddable":true,"href":"https:\/\/innocentiemangonipiante.it\/fr\/wp-json\/wp\/v2\/users\/2"}],"replies":[{"embeddable":true,"href":"https:\/\/innocentiemangonipiante.it\/fr\/wp-json\/wp\/v2\/comments?post=8691"}],"version-history":[{"count":0,"href":"https:\/\/innocentiemangonipiante.it\/fr\/wp-json\/wp\/v2\/pages\/8691\/revisions"}],"wp:featuredmedia":[{"embeddable":true,"href":"https:\/\/innocentiemangonipiante.it\/fr\/wp-json\/wp\/v2\/media\/17316"}],"wp:attachment":[{"href":"https:\/\/innocentiemangonipiante.it\/fr\/wp-json\/wp\/v2\/media?parent=8691"}],"curies":[{"name":"wp","href":"https:\/\/api.w.org\/{rel}","templated":true}]}}