{"id":8696,"date":"2014-11-24T11:02:30","date_gmt":"2014-11-24T10:02:30","guid":{"rendered":"http:\/\/innocentiemangonipiante.it\/2021\/10\/22\/comment-nous-joindre\/"},"modified":"2023-08-22T16:59:54","modified_gmt":"2023-08-22T14:59:54","slug":"comment-rejoindre-nos-bureaux","status":"publish","type":"page","link":"https:\/\/innocentiemangonipiante.it\/fr\/comment-rejoindre-nos-bureaux\/","title":{"rendered":"Comment nous Joindre"},"content":{"rendered":"<div>\n<p>43.9243385,10.9689921<\/p>\n<p><img decoding=\"async\" src=\"\/wp-content\/uploads\/2023\/07\/logo-Innocenti-e-Mangoni.svg\" alt=\"solo logo innocenti e mangoni senza scritte\" title=\"\"><\/p>\n<h3>Innocenti &#038; Mangoni<\/h3>\n<div>\n<ul class=\"uk-list uk-margin-remove\">\n<li><span class=\"uk-text-bold\">Telefono:<\/span> +39 0573 530364<\/li>\n<li><span class=\"uk-text-bold\">Indirizzo:<\/span> <span>Via del Girone 17, Pistoia (IT)<\/span><\/li>\n<li><span class=\"uk-text-bold\">Orari:<\/span> 8.00 \u2013 19.00<\/li>\n<\/ul>\n<\/div>\n<\/div>\n<h1>Comment se rendre notre p\u00e9pini\u00e8re \u00e0 Pistoia<\/h1>\n<div>\n<p>Le centre de gestion et les bureaux d\u2019Innocenti &#038; Mangoni Piante sont situ\u00e9s \u00e0 Chiazzano, \u00e0 environ 5 km de Pistoia, dans la Via del Girone 17<\/p>\n<p>Notre entreprise jouit d\u2019une situation extr\u00eamement favorable sur le plan artistique et culturel : nous sommes presque \u00e0 \u00e9gale distance des beaut\u00e9s de la Renaissance italienne. Florence, Prato, Lucca, Pise, Sienne sont autant de destinations accessibles en un peu moins d\u2019une heure.<\/p>\n<p>C\u2019est pourquoi nous vous invitons \u00e9galement \u00e0 venir nous rendre visite, visiter nos p\u00e9pini\u00e8res, passer une journ\u00e9e \u00e0 d\u00e9couvrir notre assortiment et notre entreprise.<\/p>\n<\/div>\n<p>[fontawesome-solid&#8211;plane-departure]<\/p>\n<h2>Rejoignez notre p\u00e9pini\u00e8re en avion<\/h2>\n<div>Depuis les a\u00e9roports internationaux voisins de Pise et de Florence, il est possible de rejoindre Pistoia en 30\/40 minutes environ en voiture, en train ou en bus.<\/div>\n<ul>\n<li>\n<h3>INFOS:<\/h3>\n<div><a href=\"https:\/\/www.aeroporto.firenze.it\" target=\"_blank\" rel=\"nofollow noopener\">A\u00e9roport international Amerigo Vespucci de Florence<\/a><\/div>\n<\/li>\n<li>\n<h3>INFOS:<\/h3>\n<div><a href=\"https:\/\/www.pisa-airport.com\/\" target=\"_blank\" rel=\"nofollow noopener\">A\u00e9roport international Galileo Galilei de Pise<\/a><\/div>\n<\/li>\n<\/ul>\n<p>[fontawesome-solid&#8211;train]<\/p>\n<h2>Rejoignez notre p\u00e9pini\u00e8re en train<\/h2>\n<div>Pistoia est accessible par les gares ferroviaires situ\u00e9es le long de la ligne Florence \u2013 Lucca \u2013 Viareggio.<\/div>\n<ul>\n<li>\n<h3>de Florence:<\/h3>\n<div>Gare Santa Maria Novella<\/div>\n<\/li>\n<li>\n<h3>de Pise:<\/h3>\n<div>Gare centrale et gare de l\u2019a\u00e9roport de Pise<\/div>\n<\/li>\n<li>\n<h3>de Prato:<\/h3>\n<div>Gare centrale<\/div>\n<\/li>\n<li>\n<h3>de Viareggio:<\/h3>\n<div>Gare centrale<\/div>\n<\/li>\n<li>\n<h3>INFOS:<\/h3>\n<div><a target=\"_blank\" href=\"https:\/\/www.trenitalia.com\" rel=\"nofollow noopener\">Trenitalia<\/a><\/div>\n<\/li>\n<\/ul>\n<p>[fontawesome-solid&#8211;car-side]<\/p>\n<h2>Rejoignez notre p\u00e9pini\u00e8re en voiture<\/h2>\n<div>De l\u2019autoroute A11 Firenze-Mare en provenance de Florence ou Lucca, prendre la sortie Pistoia. Au p\u00e9age de l\u2019autoroute, continuer sur la rocade et tourner \u00e0 droite en direction de Prato. Le long de Via Toscana, tourner \u00e0 gauche au feu dans Via di Chiazzano. Apr\u00e8s 300 m\u00e8tres, tournez \u00e0 droite sur via Pratese (SP2), puis \u00e0 gauche sur Via del Girone.<\/div>\n<div>\n<h3>INFOS:<\/h3>\n<div><a href=\"https:\/\/www.autostrade.it\/\" target=\"_blank\" rel=\"nofollow noopener\">Autostrade per l&rsquo;Italia<\/a><\/div>\n<\/div>\n<h3>P\u00e9pini\u00e8re Innocenti &#038; Mangoni \u00e0 Pistoia<\/h3>\n<p><!--more--><br \/>\n<!-- {\"children\":[{\"name\":\"Map\",\"type\":\"section\",\"props\":{\"image_position\":\"center-center\",\"image_size\":\"cover\",\"media\":\"images\\\/demo\\\/demo-image_01.jpg\",\"padding\":\"none\",\"padding_remove_top\":true,\"style\":\"default\",\"title_breakpoint\":\"xl\",\"title_position\":\"top-left\",\"title_rotation\":\"left\",\"vertical_align\":\"middle\",\"width\":\"\"},\"children\":[{\"type\":\"row\",\"children\":[{\"type\":\"column\",\"props\":{\"image_position\":\"center-center\",\"position_sticky_breakpoint\":\"m\",\"width_medium\":\"1-1\"},\"children\":[{\"type\":\"map\",\"props\":{\"controls\":false,\"dragging\":false,\"height\":\"530\",\"image_svg_color\":\"emphasis\",\"image_width\":\"150\",\"link_style\":\"default\",\"link_text\":\"Read more\",\"margin\":\"default\",\"max_zoom\":18,\"meta_align\":\"below-title\",\"meta_element\":\"div\",\"meta_style\":\"text-meta\",\"min_zoom\":0,\"poi\":false,\"show_content\":true,\"show_image\":true,\"show_link\":true,\"show_meta\":true,\"show_title\":true,\"styler_hue\":\"#e5e3df\",\"styler_lightness\":\"30\",\"styler_saturation\":\"-95\",\"title_element\":\"h3\",\"title_hover_style\":\"reset\",\"type\":\"roadmap\",\"zoom\":\"12\",\"zooming\":false},\"children\":[{\"type\":\"map_item\",\"props\":{\"content\":\"\n\n<ul class=\\\"uk-list uk-margin-remove\\\">\\n\n\n<li><span class=\\\"uk-text-bold\\\">Telefono:<\\\/span> +39 0573 530364<\\\/li>\\n\n\n<li><span class=\\\"uk-text-bold\\\">Indirizzo:<\\\/span> <span>Via del Girone 17, Pistoia (IT)<\\\/span><\\\/li>\\n\n\n<li><span class=\\\"uk-text-bold\\\">Orari:<\\\/span> 8.00 \\u2013 19.00<\\\/li>\\n<\\\/ul>\",\"image\":\"wp-content\\\/uploads\\\/2023\\\/07\\\/logo-Innocenti-e-Mangoni.svg\",\"image_alt\":\"solo logo innocenti e mangoni senza scritte\",\"location\":\"43.9243385,10.9689921\",\"title\":\"Innocenti & Mangoni\"}}]}]}]}]},{\"name\":\"Tagline\",\"type\":\"section\",\"props\":{\"image_position\":\"center-center\",\"image_size\":\"cover\",\"padding\":\"large\",\"style\":\"default\",\"title_breakpoint\":\"xl\",\"title_position\":\"top-left\",\"title_rotation\":\"left\",\"vertical_align\":\"middle\",\"width\":\"default\"},\"children\":[{\"type\":\"row\",\"children\":[{\"type\":\"column\",\"props\":{\"image_position\":\"center-center\",\"position_sticky_breakpoint\":\"m\",\"width_medium\":\"1-1\"},\"children\":[{\"type\":\"headline\",\"props\":{\"block_align\":\"center\",\"content\":\"Comment se rendre notre p\\u00e9pini\\u00e8re \\u00e0 Pistoia\",\"text_align\":\"center\",\"title_color\":\"primary\",\"title_element\":\"h1\",\"title_style\":\"heading-small\"}},{\"type\":\"text\",\"props\":{\"column_breakpoint\":\"m\",\"content\":\"\n\n<p>Le centre de gestion et les bureaux d\\u2019Innocenti & Mangoni Piante sont situ\\u00e9s \\u00e0 Chiazzano, \\u00e0 environ 5 km de Pistoia, dans la Via del Girone 17<\\\/p>\\n\n\n<p>Notre entreprise jouit d\\u2019une situation extr\\u00eamement favorable sur le plan artistique et culturel : nous sommes presque \\u00e0 \\u00e9gale distance des beaut\\u00e9s de la Renaissance italienne. Florence, Prato, Lucca, Pise, Sienne sont autant de destinations accessibles en un peu moins d\\u2019une heure.<\\\/p>\\n\n\n<p>C\\u2019est pourquoi nous vous invitons \\u00e9galement \\u00e0 venir nous rendre visite, visiter nos p\\u00e9pini\\u00e8res, passer une journ\\u00e9e \\u00e0 d\\u00e9couvrir notre assortiment et notre entreprise.<\\\/p>\",\"margin\":\"default\"}}]}]}]},{\"name\":\"Spots overview\",\"type\":\"section\",\"props\":{\"image_position\":\"center-center\",\"image_size\":\"cover\",\"padding\":\"large\",\"padding_remove_top\":true,\"style\":\"default\",\"title_breakpoint\":\"xl\",\"title_position\":\"top-left\",\"title_rotation\":\"left\",\"vertical_align\":\"middle\",\"width\":\"default\"},\"children\":[{\"type\":\"row\",\"props\":{\"column_gap\":\"collapse\",\"layout\":\"1-4,3-4\"},\"children\":[{\"type\":\"column\",\"props\":{\"image_position\":\"center-center\",\"position_sticky_breakpoint\":\"m\",\"vertical_align\":\"middle\",\"width_medium\":\"1-4\"},\"children\":[{\"type\":\"icon\",\"props\":{\"icon\":\"fontawesome-solid--plane-departure\",\"icon_width\":\"150\",\"margin\":\"default\"}}]},{\"type\":\"column\",\"props\":{\"image_position\":\"center-center\",\"position_sticky_breakpoint\":\"m\",\"width_medium\":\"3-4\"},\"children\":[{\"type\":\"headline\",\"props\":{\"content\":\"Rejoignez notre p\\u00e9pini\\u00e8re en avion\",\"title_decoration\":\"line\",\"title_element\":\"h2\",\"title_style\":\"h3\"}},{\"type\":\"text\",\"props\":{\"column_breakpoint\":\"m\",\"content\":\"Depuis les a\\u00e9roports internationaux voisins de Pise et de Florence, il est possible de rejoindre Pistoia en 30\\\/40 minutes environ en voiture, en train ou en bus.\",\"margin\":\"default\"}},{\"name\":\"Description List\",\"type\":\"description_list\",\"props\":{\"column_breakpoint\":\"m\",\"layout\":\"grid-2\",\"list_element\":\"ul\",\"margin\":\"medium\",\"margin_remove_bottom\":true,\"meta_align\":\"below-content\",\"meta_style\":\"text-meta\",\"show_content\":true,\"show_link\":true,\"show_meta\":true,\"show_title\":true,\"title_color\":\"muted\",\"title_element\":\"div\",\"title_grid_column_gap\":\"small\",\"title_grid_row_gap\":\"small\",\"title_grid_width\":\"auto\"},\"children\":[{\"type\":\"description_list_item\",\"props\":{\"content\":\"<a href=\\\"https:\\\/\\\/www.aeroporto.firenze.it\\\" target=\\\"_blank\\\">A\\u00e9roport international Amerigo Vespucci de Florence<\\\/a>\",\"title\":\"INFOS:\"}},{\"type\":\"description_list_item\",\"props\":{\"content\":\"<a href=\\\"https:\\\/\\\/www.pisa-airport.com\\\/\\\" target=\\\"_blank\\\">A\\u00e9roport international Galileo Galilei de Pise<\\\/a>\",\"title\":\"INFOS:\"}}]}]}]},{\"type\":\"row\",\"props\":{\"column_gap\":\"collapse\",\"layout\":\"1-4,3-4\"},\"children\":[{\"type\":\"column\",\"props\":{\"image_position\":\"center-center\",\"position_sticky_breakpoint\":\"m\",\"vertical_align\":\"middle\",\"width_medium\":\"1-4\"},\"children\":[{\"type\":\"icon\",\"props\":{\"icon\":\"fontawesome-solid--train\",\"icon_width\":\"150\",\"margin\":\"default\"}}]},{\"type\":\"column\",\"props\":{\"image_position\":\"center-center\",\"position_sticky_breakpoint\":\"m\",\"width_medium\":\"3-4\"},\"children\":[{\"type\":\"headline\",\"props\":{\"content\":\"Rejoignez notre p\\u00e9pini\\u00e8re en train\",\"title_decoration\":\"line\",\"title_element\":\"h2\",\"title_style\":\"h3\"}},{\"type\":\"text\",\"props\":{\"column_breakpoint\":\"m\",\"content\":\"Pistoia est accessible par les gares ferroviaires situ\\u00e9es le long de la ligne Florence \\u2013 Lucca \\u2013 Viareggio.\",\"margin\":\"default\"}},{\"name\":\"Description List\",\"type\":\"description_list\",\"props\":{\"column_breakpoint\":\"m\",\"layout\":\"grid-2\",\"list_element\":\"ul\",\"margin\":\"medium\",\"margin_remove_bottom\":true,\"meta_align\":\"below-content\",\"meta_style\":\"text-meta\",\"show_content\":true,\"show_link\":true,\"show_meta\":true,\"show_title\":true,\"title_color\":\"muted\",\"title_element\":\"div\",\"title_grid_column_gap\":\"small\",\"title_grid_row_gap\":\"small\",\"title_grid_width\":\"auto\"},\"children\":[{\"type\":\"description_list_item\",\"props\":{\"content\":\"Gare Santa Maria Novella\",\"title\":\"de Florence:\"}},{\"type\":\"description_list_item\",\"props\":{\"content\":\"Gare centrale et gare de l\\u2019a\\u00e9roport de Pise\",\"title\":\"de Pise:\"}},{\"type\":\"description_list_item\",\"props\":{\"content\":\"Gare centrale\",\"title\":\"de Prato:\"}},{\"type\":\"description_list_item\",\"props\":{\"content\":\"Gare centrale\",\"title\":\"de Viareggio:\"}},{\"type\":\"description_list_item\",\"props\":{\"content\":\"<a target=\\\"_blank\\\" href=\\\"https:\\\/\\\/www.trenitalia.com\\\">Trenitalia<\\\/a>\",\"title\":\"INFOS:\"}}]}]}]},{\"type\":\"row\",\"props\":{\"column_gap\":\"collapse\",\"layout\":\"1-4,3-4\"},\"children\":[{\"type\":\"column\",\"props\":{\"image_position\":\"center-center\",\"position_sticky_breakpoint\":\"m\",\"vertical_align\":\"middle\",\"width_medium\":\"1-4\"},\"children\":[{\"type\":\"icon\",\"props\":{\"icon\":\"fontawesome-solid--car-side\",\"icon_width\":\"150\",\"margin\":\"default\"}}]},{\"type\":\"column\",\"props\":{\"image_position\":\"center-center\",\"position_sticky_breakpoint\":\"m\",\"width_medium\":\"3-4\"},\"children\":[{\"type\":\"headline\",\"props\":{\"content\":\"Rejoignez notre p\\u00e9pini\\u00e8re en voiture\",\"title_decoration\":\"line\",\"title_element\":\"h2\",\"title_style\":\"h3\"}},{\"type\":\"text\",\"props\":{\"column_breakpoint\":\"m\",\"content\":\"De l\\u2019autoroute A11 Firenze-Mare en provenance de Florence ou Lucca, prendre la sortie Pistoia. Au p\\u00e9age de l\\u2019autoroute, continuer sur la rocade et tourner \\u00e0 droite en direction de Prato. Le long de Via Toscana, tourner \\u00e0 gauche au feu dans Via di Chiazzano. Apr\\u00e8s 300 m\\u00e8tres, tournez \\u00e0 droite sur via Pratese (SP2), puis \\u00e0 gauche sur Via del Girone.\",\"margin\":\"default\"}},{\"name\":\"Description List\",\"type\":\"description_list\",\"props\":{\"column_breakpoint\":\"m\",\"layout\":\"grid-2\",\"list_element\":\"ul\",\"margin\":\"medium\",\"margin_remove_bottom\":true,\"meta_align\":\"below-content\",\"meta_style\":\"text-meta\",\"show_content\":true,\"show_link\":true,\"show_meta\":true,\"show_title\":true,\"title_color\":\"muted\",\"title_element\":\"div\",\"title_grid_column_gap\":\"small\",\"title_grid_row_gap\":\"small\",\"title_grid_width\":\"auto\"},\"children\":[{\"type\":\"description_list_item\",\"props\":{\"content\":\"<a href=\\\"https:\\\/\\\/www.autostrade.it\\\/\\\" target=\\\"_blank\\\">Autostrade per l'Italia<\\\/a>\",\"title\":\"INFOS:\"}}]}]}]}]},{\"name\":\"Hero\",\"type\":\"section\",\"props\":{\"header_transparent\":\"light\",\"header_transparent_noplaceholder\":true,\"height\":\"percent\",\"image\":\"wp-content\\\/uploads\\\/2023\\\/07\\\/pistoia-vista-da-vivaio-innocenti-e-mangoni.jpg\",\"image_position\":\"center-center\",\"image_size\":\"cover\",\"image_width\":\"2560\",\"media_overlay\":\"rgba(34, 32, 30, 0.5)\",\"overlap\":false,\"padding\":\"xlarge\",\"style\":\"secondary\",\"title_breakpoint\":\"xl\",\"title_position\":\"top-left\",\"title_rotation\":\"left\",\"vertical_align\":\"middle\",\"video_height\":\"1200\",\"width\":\"\"},\"children\":[{\"type\":\"row\",\"children\":[{\"type\":\"column\",\"props\":{\"image_position\":\"center-center\",\"position_sticky_breakpoint\":\"m\",\"width_medium\":\"1-1\"},\"children\":[{\"type\":\"headline\",\"props\":{\"animation\":\"parallax\",\"content\":\"P\\u00e9pini\\u00e8re Innocenti & Mangoni \\u00e0 Pistoia\",\"margin\":\"small\",\"parallax_breakpoint\":\"m\",\"parallax_easing\":\"0.8\",\"parallax_end\":\"5vh + 5%\",\"parallax_opacity\":\"1,0\",\"parallax_y\":\"0,40\",\"text_align\":\"center\",\"title_element\":\"h3\",\"title_style\":\"h1\"}}]}]}]}],\"version\":\"4.0.10\",\"type\":\"layout\",\"yooessentialsVersion\":\"2.0.12\"} --><\/p>\n","protected":false},"excerpt":{"rendered":"<p>\t\t<!-- Builder #page --><\/p>\n<div>\n<p>\u00a0<\/p>\n<p>\u00a0<\/p>\n<p>\u00a0<\/p>\n<p>\u00a0<\/p>\n<p>\u00a0<\/p>\n<p>\u00a0<\/p>\n<p>\u00a0<\/p>\n<p>\u00a0<\/p>\n<p>\u00a0<\/p>\n<p>\u00a0<\/p>\n<\/div>\n<h1>Comment nous Joindre<\/h1>\n<div>\n<p>Le centre de gestion et les bureaux d&rsquo;Innocenti &amp; Mangoni Piante sont situ\u00e9s \u00e0 Chiazzano, \u00e0 environ 5 km de Pistoia, dans la Via del Girone 17<\/p>\n<p><strong>EN AVION<\/strong><\/p>\n<p>Depuis les a\u00e9roports internationaux voisins de Pise et de Florence, il est possible de rejoindre Pistoia en 30\/40 minutes environ en voiture, en train ou en bus.<\/p>\n<p>Infos : <strong>A\u00e9roport international Amerigo Vespucci de Florence<\/strong><\/p>\n<p><a href=\"http:\/\/www.aeroporto.firenze.it\/\" target=\"_blank\" rel=\"noopener noreferrer\">www.aeroporto.firenze.it<\/a><\/p>\n<p>Infos:\u00a0<strong>A\u00e9roport international Galileo Galilei de Pise<\/strong><\/p>\n<p><span style=\"color: #336600;\"><a href=\"http:\/\/www.pisa-airport.com\">www.pisa-airport.com<\/a><\/span><\/p>\n<p>\u00a0<\/p>\n<p><strong><img loading=\"lazy\" decoding=\"async\" class=\" size-full wp-image-6933\" src=\"http:\/\/innocentiemangonipiante.it\/wp-content\/uploads\/2014\/11\/treno.png\" alt=\"\" width=\"50\" height=\"50\" \/>SUR LE TRAIN<\/strong><\/p>\n<p>Pistoia est accessible par les gares ferroviaires situ\u00e9es le long de la ligne Florence &#8211; Lucca &#8211; Viareggio.<\/p>\n<p><strong>de Florence<\/strong> : gare Santa Maria Novella<\/p>\n<p><strong>de Pise<\/strong> : gare centrale et gare de l&rsquo;a\u00e9roport de Pise<\/p>\n<p><strong>de Prato<\/strong> : Gare centrale<\/p>\n<p><strong>de Viareggio<\/strong> : Gare centrale<\/p>\n<p>Infos:\u00a0<strong>Trenitalia<\/strong><\/p>\n<p><span style=\"color: #336600;\"><a href=\"http:\/\/www.trenitalia.com\">www.trenitalia.com<\/a><\/span><\/p>\n<p>\u00a0<\/p>\n<p><strong><img loading=\"lazy\" decoding=\"async\" class=\" size-full wp-image-6938\" src=\"http:\/\/innocentiemangonipiante.it\/wp-content\/uploads\/2014\/11\/auto.png\" alt=\"\" width=\"50\" height=\"50\" \/>EN VOITURE<\/strong><\/p>\n<p><strong>De l&rsquo;autoroute A11 Firenze-Mare<\/strong> en provenance de Florence ou Lucca, prendre la sortie Pistoia. Au p\u00e9age de l&rsquo;autoroute, continuer sur la rocade et tourner \u00e0 droite en direction de Prato. Le long de Via Toscana, tourner \u00e0 gauche au feu dans Via di Chiazzano. Apr\u00e8s 300 m\u00e8tres, tournez \u00e0 droite sur via Pratese (SP2), puis \u00e0 gauche sur Via del Girone.<\/p>\n<p>Infos:\u00a0<strong>Autostrade per l&rsquo;Italia<\/strong><\/p>\n<p><span style=\"color: #336600;\"><a href=\"http:\/\/www.autostrade.it\">www.autostrade.it<\/a><\/span><\/p>\n<p>\u00a0<\/p>\n<p>Notre entreprise jouit d&rsquo;une situation extr\u00eamement favorable sur le plan artistique et culturel : nous sommes presque \u00e0 \u00e9gale distance des beaut\u00e9s de la Renaissance italienne. Florence, Prato, Lucca, Pise, Sienne sont autant de destinations accessibles en un peu moins d&rsquo;une heure.<\/p>\n<p>C&rsquo;est pourquoi nous vous invitons \u00e9galement \u00e0 venir nous rendre visite, visiter nos p\u00e9pini\u00e8res, passer une journ\u00e9e \u00e0 d\u00e9couvrir notre assortiment et notre entreprise.<\/p>\n<\/div>\n<div>\n<p>43.9243,10.9689<\/p>\n<h3>SEDE INNOCENTI E MANGONI PIANTE<\/h3>\n<\/div>\n","protected":false},"author":2,"featured_media":6928,"parent":0,"menu_order":1,"comment_status":"open","ping_status":"closed","template":"","meta":{"_acf_changed":false,"footnotes":""},"class_list":["post-8696","page","type-page","status-publish","has-post-thumbnail","hentry"],"acf":[],"_links":{"self":[{"href":"https:\/\/innocentiemangonipiante.it\/fr\/wp-json\/wp\/v2\/pages\/8696","targetHints":{"allow":["GET"]}}],"collection":[{"href":"https:\/\/innocentiemangonipiante.it\/fr\/wp-json\/wp\/v2\/pages"}],"about":[{"href":"https:\/\/innocentiemangonipiante.it\/fr\/wp-json\/wp\/v2\/types\/page"}],"author":[{"embeddable":true,"href":"https:\/\/innocentiemangonipiante.it\/fr\/wp-json\/wp\/v2\/users\/2"}],"replies":[{"embeddable":true,"href":"https:\/\/innocentiemangonipiante.it\/fr\/wp-json\/wp\/v2\/comments?post=8696"}],"version-history":[{"count":0,"href":"https:\/\/innocentiemangonipiante.it\/fr\/wp-json\/wp\/v2\/pages\/8696\/revisions"}],"wp:featuredmedia":[{"embeddable":true,"href":"https:\/\/innocentiemangonipiante.it\/fr\/wp-json\/wp\/v2\/media\/6928"}],"wp:attachment":[{"href":"https:\/\/innocentiemangonipiante.it\/fr\/wp-json\/wp\/v2\/media?parent=8696"}],"curies":[{"name":"wp","href":"https:\/\/api.w.org\/{rel}","templated":true}]}}