{"id":12303,"date":"2023-11-03T23:01:24","date_gmt":"2023-11-03T22:01:24","guid":{"rendered":"http:\/\/innocentiemangonipiante.it\/abelia-x-grandiflora\/"},"modified":"2023-11-06T13:44:20","modified_gmt":"2023-11-06T12:44:20","slug":"abelia-x-grandiflora","status":"publish","type":"product","link":"https:\/\/innocentiemangonipiante.it\/fr\/abelia-x-grandiflora\/","title":{"rendered":"ABELIA x grandiflora"},"content":{"rendered":"<p>Persistant le feuillage est vert fonc\u00e9, luisant. Les fleurs sont blanches de la moiti\u00e9 de l\u2019\u00e9t\u00e9 \u00e0 l\u2019automne. Exposition ensoleill\u00e9e mi-ombre sols de structure moyenne.<\/p>\n","protected":false},"excerpt":{"rendered":"<p>Persistant le feuillage est vert fonc\u00e9, luisant. Les fleurs sont blanches de la moiti\u00e9 de l\u2019\u00e9t\u00e9 \u00e0 l\u2019automne. Exposition ensoleill\u00e9e mi-ombre sols de structure moyenne.<\/p>\n","protected":false},"featured_media":9824,"template":"","meta":{"_acf_changed":false},"product_brand":[],"product_cat":[8817],"product_tag":[10897,6267,8750],"class_list":{"0":"post-12303","1":"product","2":"type-product","3":"status-publish","4":"has-post-thumbnail","6":"product_cat-arbres-et-arbustes-persistants","7":"product_tag-naturelle","8":"product_tag-cone","9":"product_tag-espalier-fr","10":"pa_altezza-massima-150-fr","11":"pa_altezza-massima-350-fr","12":"pa_colore-fioritura-blanc","13":"pa_condizionamento-clt-fr","14":"pa_condizionamento-vs-fr","15":"pa_condizionamento-pot-carre","16":"pa_famiglia-caprifoliaceae-fr","17":"pa_genere-abelia-fr","18":"pa_origine-chine","19":"pa_periodo-fioritura-aout","20":"pa_periodo-fioritura-avril","21":"pa_periodo-fioritura-juillet","22":"pa_periodo-fioritura-juin","23":"pa_periodo-fioritura-mai","24":"pa_periodo-fioritura-septembre","25":"pa_portamento-cespuglioso-fr","26":"pa_profumo-intense-fr","27":"pa_resistenza-climatica-moyenne","28":"pa_salinita-resistance-a-la-salinisation","29":"pa_utilizzo-balcons","30":"pa_utilizzo-haies","31":"pa_utilizzo-petits-jardins","33":"first","34":"instock","35":"purchasable","36":"product-type-simple"},"acf":[],"_links":{"self":[{"href":"https:\/\/innocentiemangonipiante.it\/fr\/wp-json\/wp\/v2\/product\/12303","targetHints":{"allow":["GET"]}}],"collection":[{"href":"https:\/\/innocentiemangonipiante.it\/fr\/wp-json\/wp\/v2\/product"}],"about":[{"href":"https:\/\/innocentiemangonipiante.it\/fr\/wp-json\/wp\/v2\/types\/product"}],"wp:featuredmedia":[{"embeddable":true,"href":"https:\/\/innocentiemangonipiante.it\/fr\/wp-json\/wp\/v2\/media\/9824"}],"wp:attachment":[{"href":"https:\/\/innocentiemangonipiante.it\/fr\/wp-json\/wp\/v2\/media?parent=12303"}],"wp:term":[{"taxonomy":"product_brand","embeddable":true,"href":"https:\/\/innocentiemangonipiante.it\/fr\/wp-json\/wp\/v2\/product_brand?post=12303"},{"taxonomy":"product_cat","embeddable":true,"href":"https:\/\/innocentiemangonipiante.it\/fr\/wp-json\/wp\/v2\/product_cat?post=12303"},{"taxonomy":"product_tag","embeddable":true,"href":"https:\/\/innocentiemangonipiante.it\/fr\/wp-json\/wp\/v2\/product_tag?post=12303"}],"curies":[{"name":"wp","href":"https:\/\/api.w.org\/{rel}","templated":true}]}}