{"id":12304,"date":"2023-11-03T23:01:58","date_gmt":"2023-11-03T22:01:58","guid":{"rendered":"http:\/\/innocentiemangonipiante.it\/abelia-x-grandiflora-kaleidoscope\/"},"modified":"2023-11-06T13:44:46","modified_gmt":"2023-11-06T12:44:46","slug":"abelia-x-grandiflora-kaleidoscope","status":"publish","type":"product","link":"https:\/\/innocentiemangonipiante.it\/fr\/abelia-x-grandiflora-kaleidoscope\/","title":{"rendered":"ABELIA x grandiflora &lsquo;Kaleidoscope&rsquo; \u00ae"},"content":{"rendered":"<p>Arbuste persistant avec feuilles de couleurs changeantes et spectaculaires. Au printemps feuillage jaune clair et vert moyen, en \u00e9t\u00e9 jaune cr\u00e8me dor\u00e9 et en automne une explosion de couleurs.<\/p>\n","protected":false},"excerpt":{"rendered":"<p>Arbuste persistant avec feuilles de couleurs changeantes et spectaculaires. Au printemps feuillage jaune clair et vert moyen, en \u00e9t\u00e9 jaune cr\u00e8me dor\u00e9 et en automne une explosion de couleurs.<\/p>\n","protected":false},"featured_media":43,"template":"","meta":{"_acf_changed":false},"product_brand":[],"product_cat":[8817],"product_tag":[10897,8750],"class_list":{"0":"post-12304","1":"product","2":"type-product","3":"status-publish","4":"has-post-thumbnail","6":"product_cat-arbres-et-arbustes-persistants","7":"product_tag-naturelle","8":"product_tag-espalier-fr","9":"pa_altezza-massima-0_50-metres","10":"pa_altezza-massima-100-fr","11":"pa_colore-fioritura-blanc","12":"pa_condizionamento-clt-fr","13":"pa_condizionamento-vs-fr","14":"pa_condizionamento-pot-carre","15":"pa_famiglia-caprifoliaceae-fr","16":"pa_genere-abelia-fr","17":"pa_origine-origine-delle-piante-u-s-a","18":"pa_periodo-fioritura-aout","19":"pa_periodo-fioritura-juillet","20":"pa_periodo-fioritura-septembre","21":"pa_portamento-arrondi","22":"pa_profumo-delicat","23":"pa_resistenza-climatica-tres-elevee","24":"pa_salinita-resistance-a-la-salinisation","25":"pa_utilizzo-balcons","26":"pa_utilizzo-haies","27":"pa_utilizzo-petits-jardins","29":"first","30":"instock","31":"purchasable","32":"product-type-simple"},"acf":[],"_links":{"self":[{"href":"https:\/\/innocentiemangonipiante.it\/fr\/wp-json\/wp\/v2\/product\/12304","targetHints":{"allow":["GET"]}}],"collection":[{"href":"https:\/\/innocentiemangonipiante.it\/fr\/wp-json\/wp\/v2\/product"}],"about":[{"href":"https:\/\/innocentiemangonipiante.it\/fr\/wp-json\/wp\/v2\/types\/product"}],"wp:featuredmedia":[{"embeddable":true,"href":"https:\/\/innocentiemangonipiante.it\/fr\/wp-json\/wp\/v2\/media\/43"}],"wp:attachment":[{"href":"https:\/\/innocentiemangonipiante.it\/fr\/wp-json\/wp\/v2\/media?parent=12304"}],"wp:term":[{"taxonomy":"product_brand","embeddable":true,"href":"https:\/\/innocentiemangonipiante.it\/fr\/wp-json\/wp\/v2\/product_brand?post=12304"},{"taxonomy":"product_cat","embeddable":true,"href":"https:\/\/innocentiemangonipiante.it\/fr\/wp-json\/wp\/v2\/product_cat?post=12304"},{"taxonomy":"product_tag","embeddable":true,"href":"https:\/\/innocentiemangonipiante.it\/fr\/wp-json\/wp\/v2\/product_tag?post=12304"}],"curies":[{"name":"wp","href":"https:\/\/api.w.org\/{rel}","templated":true}]}}