{"id":12306,"date":"2023-11-03T23:01:51","date_gmt":"2023-11-03T22:01:51","guid":{"rendered":"http:\/\/innocentiemangonipiante.it\/abelia-x-grandiflora-edward-goucher\/"},"modified":"2023-11-06T13:44:42","modified_gmt":"2023-11-06T12:44:42","slug":"abelia-x-grandiflora-edward-goucher","status":"publish","type":"product","link":"https:\/\/innocentiemangonipiante.it\/fr\/abelia-x-grandiflora-edward-goucher\/","title":{"rendered":"ABELIA x grandiflora &lsquo;Edward Goucher&rsquo;"},"content":{"rendered":"<p>Semi-persistant les feuilles sont vert fonc\u00e9 il produit des fleurs rose-lila en forme de trompette de juin \u00e0 septembre. Sols de structure l\u00e9g\u00e8re exposition: ensoleill\u00e9e.<\/p>\n","protected":false},"excerpt":{"rendered":"<p>Semi-persistant les feuilles sont vert fonc\u00e9 il produit des fleurs rose-lila en forme de trompette de juin \u00e0 septembre. Sols de structure l\u00e9g\u00e8re exposition: ensoleill\u00e9e.<\/p>\n","protected":false},"featured_media":37,"template":"","meta":{"_acf_changed":false},"product_brand":[],"product_cat":[8817],"product_tag":[10897,6267,8750],"class_list":{"0":"post-12306","1":"product","2":"type-product","3":"status-publish","4":"has-post-thumbnail","6":"product_cat-arbres-et-arbustes-persistants","7":"product_tag-naturelle","8":"product_tag-cone","9":"product_tag-espalier-fr","10":"pa_altezza-massima-150-fr","11":"pa_altezza-massima-200-fr","12":"pa_colore-fioritura-rose","13":"pa_condizionamento-clt-fr","14":"pa_condizionamento-vs-fr","15":"pa_condizionamento-pot-carre","16":"pa_famiglia-caprifoliaceae-fr","17":"pa_genere-abelia-fr","18":"pa_origine-chine","19":"pa_periodo-fioritura-aout","20":"pa_periodo-fioritura-juillet","21":"pa_periodo-fioritura-juin","22":"pa_periodo-fioritura-septembre","23":"pa_portamento-cespuglioso-fr","24":"pa_profumo-delicat","25":"pa_resistenza-climatica-moyenne","26":"pa_salinita-resistance-a-la-salinisation","27":"pa_utilizzo-balcons","28":"pa_utilizzo-haies","29":"pa_utilizzo-petits-jardins","31":"first","32":"instock","33":"purchasable","34":"product-type-simple"},"acf":[],"_links":{"self":[{"href":"https:\/\/innocentiemangonipiante.it\/fr\/wp-json\/wp\/v2\/product\/12306","targetHints":{"allow":["GET"]}}],"collection":[{"href":"https:\/\/innocentiemangonipiante.it\/fr\/wp-json\/wp\/v2\/product"}],"about":[{"href":"https:\/\/innocentiemangonipiante.it\/fr\/wp-json\/wp\/v2\/types\/product"}],"wp:featuredmedia":[{"embeddable":true,"href":"https:\/\/innocentiemangonipiante.it\/fr\/wp-json\/wp\/v2\/media\/37"}],"wp:attachment":[{"href":"https:\/\/innocentiemangonipiante.it\/fr\/wp-json\/wp\/v2\/media?parent=12306"}],"wp:term":[{"taxonomy":"product_brand","embeddable":true,"href":"https:\/\/innocentiemangonipiante.it\/fr\/wp-json\/wp\/v2\/product_brand?post=12306"},{"taxonomy":"product_cat","embeddable":true,"href":"https:\/\/innocentiemangonipiante.it\/fr\/wp-json\/wp\/v2\/product_cat?post=12306"},{"taxonomy":"product_tag","embeddable":true,"href":"https:\/\/innocentiemangonipiante.it\/fr\/wp-json\/wp\/v2\/product_tag?post=12306"}],"curies":[{"name":"wp","href":"https:\/\/api.w.org\/{rel}","templated":true}]}}