{"id":12308,"date":"2023-11-03T23:04:46","date_gmt":"2023-11-03T22:04:46","guid":{"rendered":"http:\/\/innocentiemangonipiante.it\/abies-nordmanniana\/"},"modified":"2023-11-06T13:45:17","modified_gmt":"2023-11-06T12:45:17","slug":"abies-nordmanniana","status":"publish","type":"product","link":"https:\/\/innocentiemangonipiante.it\/fr\/abies-nordmanniana\/","title":{"rendered":"ABIES nordmanniana"},"content":{"rendered":"<p>\u2018\u2018Sapin du Caucase\u2019\u2019 Port conique feuillage tr\u00e8s dense, luisant, de couleur vert fonc\u00e9 au-dessus et blanc p\u00e2le au-dessous. Aiguilles de 2-3 cm. Tr\u00e8s bonne r\u00e9action \u00e0 la transplantation. R\u00e9siste bien \u00e0 la s\u00e9cheresse. Peut \u00eatre plant\u00e9e en altitude. Croissance lente.<\/p>\n","protected":false},"excerpt":{"rendered":"<p>\u2018\u2018Sapin du Caucase\u2019\u2019 Port conique feuillage tr\u00e8s dense, luisant, de couleur vert fonc\u00e9 au-dessus et blanc p\u00e2le au-dessous. Aiguilles de 2-3 cm. Tr\u00e8s bonne r\u00e9action \u00e0 la transplantation. R\u00e9siste bien \u00e0 la s\u00e9cheresse. Peut \u00eatre plant\u00e9e en altitude. Croissance lente.<\/p>\n","protected":false},"featured_media":68,"template":"","meta":{"_acf_changed":false},"product_brand":[],"product_cat":[8824],"product_tag":[10897],"class_list":{"0":"post-12308","1":"product","2":"type-product","3":"status-publish","4":"has-post-thumbnail","6":"product_cat-coniferes","7":"product_tag-naturelle","8":"pa_altezza-massima-20-metres","9":"pa_altezza-massima-30-metres","10":"pa_condizionamento-clt-fr","11":"pa_condizionamento-vs-fr","12":"pa_condizionamento-motte","13":"pa_famiglia-pinaceae-fr","14":"pa_genere-abies-fr","15":"pa_origine-caucase","16":"pa_portamento-conico-fr","17":"pa_resistenza-climatica-tres-elevee","18":"pa_resistenza-del-suolo-resistant-au-sol-humide","19":"pa_resistenza-del-suolo-resistant-aux-sols-secs","20":"pa_utilizzo-parcs","22":"first","23":"instock","24":"purchasable","25":"product-type-simple"},"acf":[],"_links":{"self":[{"href":"https:\/\/innocentiemangonipiante.it\/fr\/wp-json\/wp\/v2\/product\/12308","targetHints":{"allow":["GET"]}}],"collection":[{"href":"https:\/\/innocentiemangonipiante.it\/fr\/wp-json\/wp\/v2\/product"}],"about":[{"href":"https:\/\/innocentiemangonipiante.it\/fr\/wp-json\/wp\/v2\/types\/product"}],"wp:featuredmedia":[{"embeddable":true,"href":"https:\/\/innocentiemangonipiante.it\/fr\/wp-json\/wp\/v2\/media\/68"}],"wp:attachment":[{"href":"https:\/\/innocentiemangonipiante.it\/fr\/wp-json\/wp\/v2\/media?parent=12308"}],"wp:term":[{"taxonomy":"product_brand","embeddable":true,"href":"https:\/\/innocentiemangonipiante.it\/fr\/wp-json\/wp\/v2\/product_brand?post=12308"},{"taxonomy":"product_cat","embeddable":true,"href":"https:\/\/innocentiemangonipiante.it\/fr\/wp-json\/wp\/v2\/product_cat?post=12308"},{"taxonomy":"product_tag","embeddable":true,"href":"https:\/\/innocentiemangonipiante.it\/fr\/wp-json\/wp\/v2\/product_tag?post=12308"}],"curies":[{"name":"wp","href":"https:\/\/api.w.org\/{rel}","templated":true}]}}