{"id":12310,"date":"2023-11-03T23:04:29","date_gmt":"2023-11-03T22:04:29","guid":{"rendered":"http:\/\/innocentiemangonipiante.it\/abies-koreana\/"},"modified":"2023-11-06T13:45:10","modified_gmt":"2023-11-06T12:45:10","slug":"abies-koreana","status":"publish","type":"product","link":"https:\/\/innocentiemangonipiante.it\/fr\/abies-koreana\/","title":{"rendered":"ABIES koreana"},"content":{"rendered":"<p>Conif\u00e8re au port conique avec feuilles vert fonc\u00e9 luisant, argent\u00e9es sur la page inf\u00e9rieure. En jeune \u00e2ge il produit d\u00e9j\u00e0 des c\u00f4nes cylindriques bleu violet jusqu\u2019\u00e0 7 cm de longueur.<\/p>\n","protected":false},"excerpt":{"rendered":"<p>Conif\u00e8re au port conique avec feuilles vert fonc\u00e9 luisant, argent\u00e9es sur la page inf\u00e9rieure. En jeune \u00e2ge il produit d\u00e9j\u00e0 des c\u00f4nes cylindriques bleu violet jusqu\u2019\u00e0 7 cm de longueur.<\/p>\n","protected":false},"featured_media":9831,"template":"","meta":{"_acf_changed":false},"product_brand":[],"product_cat":[8824],"product_tag":[10897],"class_list":{"0":"post-12310","1":"product","2":"type-product","3":"status-publish","4":"has-post-thumbnail","6":"product_cat-coniferes","7":"product_tag-naturelle","8":"pa_altezza-massima-500-fr","9":"pa_altezza-massima-1000-fr-2","10":"pa_famiglia-pinaceae-fr","11":"pa_genere-abies-fr","12":"pa_inquinamento-resistance-a-la-pollution","13":"pa_origine-asie-orientale","14":"pa_portamento-conico-fr","15":"pa_resistenza-climatica-tres-elevee","16":"pa_resistenza-del-suolo-resistant-au-sol-humide","17":"pa_utilizzo-parcs","19":"first","20":"instock","21":"purchasable","22":"product-type-simple"},"acf":[],"_links":{"self":[{"href":"https:\/\/innocentiemangonipiante.it\/fr\/wp-json\/wp\/v2\/product\/12310","targetHints":{"allow":["GET"]}}],"collection":[{"href":"https:\/\/innocentiemangonipiante.it\/fr\/wp-json\/wp\/v2\/product"}],"about":[{"href":"https:\/\/innocentiemangonipiante.it\/fr\/wp-json\/wp\/v2\/types\/product"}],"wp:featuredmedia":[{"embeddable":true,"href":"https:\/\/innocentiemangonipiante.it\/fr\/wp-json\/wp\/v2\/media\/9831"}],"wp:attachment":[{"href":"https:\/\/innocentiemangonipiante.it\/fr\/wp-json\/wp\/v2\/media?parent=12310"}],"wp:term":[{"taxonomy":"product_brand","embeddable":true,"href":"https:\/\/innocentiemangonipiante.it\/fr\/wp-json\/wp\/v2\/product_brand?post=12310"},{"taxonomy":"product_cat","embeddable":true,"href":"https:\/\/innocentiemangonipiante.it\/fr\/wp-json\/wp\/v2\/product_cat?post=12310"},{"taxonomy":"product_tag","embeddable":true,"href":"https:\/\/innocentiemangonipiante.it\/fr\/wp-json\/wp\/v2\/product_tag?post=12310"}],"curies":[{"name":"wp","href":"https:\/\/api.w.org\/{rel}","templated":true}]}}