{"id":12312,"date":"2023-11-03T23:05:17","date_gmt":"2023-11-03T22:05:17","guid":{"rendered":"http:\/\/innocentiemangonipiante.it\/abies-pinsapo\/"},"modified":"2023-11-06T13:45:35","modified_gmt":"2023-11-06T12:45:35","slug":"abies-pinsapo","status":"publish","type":"product","link":"https:\/\/innocentiemangonipiante.it\/fr\/abies-pinsapo\/","title":{"rendered":"ABIES pinsapo"},"content":{"rendered":"<p>Grande conif\u00e8re. Le port est conique, les aiguilles sont courtes, \u00e9paises et rigides, de couleur vert gris. Il supporte bien les grandes chaleurs et la s\u00e9cheresse.<\/p>\n","protected":false},"excerpt":{"rendered":"<p>Grande conif\u00e8re. Le port est conique, les aiguilles sont courtes, \u00e9paises et rigides, de couleur vert gris. Il supporte bien les grandes chaleurs et la s\u00e9cheresse.<\/p>\n","protected":false},"featured_media":92,"template":"","meta":{"_acf_changed":false},"product_brand":[],"product_cat":[8824],"product_tag":[10897],"class_list":{"0":"post-12312","1":"product","2":"type-product","3":"status-publish","4":"has-post-thumbnail","6":"product_cat-coniferes","7":"product_tag-naturelle","8":"pa_altezza-massima-15-metres","9":"pa_altezza-massima-20-metres","10":"pa_condizionamento-clt-fr","11":"pa_condizionamento-motte","12":"pa_famiglia-pinaceae-fr","13":"pa_genere-abies-fr","14":"pa_origine-espagne","15":"pa_portamento-conico-fr","16":"pa_resistenza-climatica-tres-elevee","17":"pa_resistenza-del-suolo-resistant-au-sol-humide","18":"pa_resistenza-del-suolo-resistant-aux-sols-calcaires","19":"pa_resistenza-del-suolo-resistant-aux-sols-secs","20":"pa_utilizzo-parcs","22":"first","23":"instock","24":"purchasable","25":"product-type-simple"},"acf":[],"_links":{"self":[{"href":"https:\/\/innocentiemangonipiante.it\/fr\/wp-json\/wp\/v2\/product\/12312","targetHints":{"allow":["GET"]}}],"collection":[{"href":"https:\/\/innocentiemangonipiante.it\/fr\/wp-json\/wp\/v2\/product"}],"about":[{"href":"https:\/\/innocentiemangonipiante.it\/fr\/wp-json\/wp\/v2\/types\/product"}],"wp:featuredmedia":[{"embeddable":true,"href":"https:\/\/innocentiemangonipiante.it\/fr\/wp-json\/wp\/v2\/media\/92"}],"wp:attachment":[{"href":"https:\/\/innocentiemangonipiante.it\/fr\/wp-json\/wp\/v2\/media?parent=12312"}],"wp:term":[{"taxonomy":"product_brand","embeddable":true,"href":"https:\/\/innocentiemangonipiante.it\/fr\/wp-json\/wp\/v2\/product_brand?post=12312"},{"taxonomy":"product_cat","embeddable":true,"href":"https:\/\/innocentiemangonipiante.it\/fr\/wp-json\/wp\/v2\/product_cat?post=12312"},{"taxonomy":"product_tag","embeddable":true,"href":"https:\/\/innocentiemangonipiante.it\/fr\/wp-json\/wp\/v2\/product_tag?post=12312"}],"curies":[{"name":"wp","href":"https:\/\/api.w.org\/{rel}","templated":true}]}}