{"id":12313,"date":"2023-11-03T23:05:11","date_gmt":"2023-11-03T22:05:11","guid":{"rendered":"http:\/\/innocentiemangonipiante.it\/abies-numidica\/"},"modified":"2023-11-06T13:45:32","modified_gmt":"2023-11-06T12:45:32","slug":"abies-numidica","status":"publish","type":"product","link":"https:\/\/innocentiemangonipiante.it\/fr\/abies-numidica\/","title":{"rendered":"ABIES numidica"},"content":{"rendered":"<p>\u201cSapin d\u2019Algerie\u201d. Grande conif\u00e8re au port conique. Les feuilles, dispos\u00e9es radialement, l\u00e9g\u00e8rement recourb\u00e9es vers le bas, longues de 1 \u00e0 2 cm, elles sont de couleur vert fonc\u00e9 au dessus et argent\u00e9es sur la page inf\u00e9rieure.<\/p>\n","protected":false},"excerpt":{"rendered":"<p>\u201cSapin d\u2019Algerie\u201d. Grande conif\u00e8re au port conique. Les feuilles, dispos\u00e9es radialement, l\u00e9g\u00e8rement recourb\u00e9es vers le bas, longues de 1 \u00e0 2 cm, elles sont de couleur vert fonc\u00e9 au dessus et argent\u00e9es sur la page inf\u00e9rieure.<\/p>\n","protected":false},"featured_media":86,"template":"","meta":{"_acf_changed":false},"product_brand":[],"product_cat":[8824],"product_tag":[10897],"class_list":{"0":"post-12313","1":"product","2":"type-product","3":"status-publish","4":"has-post-thumbnail","6":"product_cat-coniferes","7":"product_tag-naturelle","8":"pa_altezza-massima-400-fr","9":"pa_altezza-massima-600-fr","10":"pa_condizionamento-clt-fr","11":"pa_condizionamento-motte","12":"pa_famiglia-pinaceae-fr","13":"pa_genere-abies-fr","14":"pa_origine-algerie","15":"pa_portamento-piramidale-fr","16":"pa_resistenza-climatica-tres-elevee","17":"pa_resistenza-del-suolo-resistant-au-sol-humide","18":"pa_resistenza-del-suolo-resistant-aux-sols-secs","19":"pa_utilizzo-parcs","21":"first","22":"instock","23":"purchasable","24":"product-type-simple"},"acf":[],"_links":{"self":[{"href":"https:\/\/innocentiemangonipiante.it\/fr\/wp-json\/wp\/v2\/product\/12313","targetHints":{"allow":["GET"]}}],"collection":[{"href":"https:\/\/innocentiemangonipiante.it\/fr\/wp-json\/wp\/v2\/product"}],"about":[{"href":"https:\/\/innocentiemangonipiante.it\/fr\/wp-json\/wp\/v2\/types\/product"}],"wp:featuredmedia":[{"embeddable":true,"href":"https:\/\/innocentiemangonipiante.it\/fr\/wp-json\/wp\/v2\/media\/86"}],"wp:attachment":[{"href":"https:\/\/innocentiemangonipiante.it\/fr\/wp-json\/wp\/v2\/media?parent=12313"}],"wp:term":[{"taxonomy":"product_brand","embeddable":true,"href":"https:\/\/innocentiemangonipiante.it\/fr\/wp-json\/wp\/v2\/product_brand?post=12313"},{"taxonomy":"product_cat","embeddable":true,"href":"https:\/\/innocentiemangonipiante.it\/fr\/wp-json\/wp\/v2\/product_cat?post=12313"},{"taxonomy":"product_tag","embeddable":true,"href":"https:\/\/innocentiemangonipiante.it\/fr\/wp-json\/wp\/v2\/product_tag?post=12313"}],"curies":[{"name":"wp","href":"https:\/\/api.w.org\/{rel}","templated":true}]}}