{"id":12314,"date":"2023-11-03T23:05:03","date_gmt":"2023-11-03T22:05:03","guid":{"rendered":"http:\/\/innocentiemangonipiante.it\/abies-nordmanniana-pendula\/"},"modified":"2023-11-06T13:45:30","modified_gmt":"2023-11-06T12:45:30","slug":"abies-nordmanniana-pendula","status":"publish","type":"product","link":"https:\/\/innocentiemangonipiante.it\/fr\/abies-nordmanniana-pendula\/","title":{"rendered":"ABIES nordmanniana &lsquo;Pendula&rsquo;"},"content":{"rendered":"<p>Grande conif\u00e8re au port semi-pleureur. Les branches lat\u00e9rales sont pendants et portent des feuilles aciculaires de couleur vert brillant avec des rayures argent\u00e9es sur la page inf\u00e9rieure.<\/p>\n","protected":false},"excerpt":{"rendered":"<p>Grande conif\u00e8re au port semi-pleureur. Les branches lat\u00e9rales sont pendants et portent des feuilles aciculaires de couleur vert brillant avec des rayures argent\u00e9es sur la page inf\u00e9rieure.<\/p>\n","protected":false},"featured_media":80,"template":"","meta":{"_acf_changed":false},"product_brand":[],"product_cat":[8824],"product_tag":[10897],"class_list":{"0":"post-12314","1":"product","2":"type-product","3":"status-publish","4":"has-post-thumbnail","6":"product_cat-coniferes","7":"product_tag-naturelle","8":"pa_altezza-massima-800-fr","9":"pa_altezza-massima-12-metres","10":"pa_condizionamento-motte","11":"pa_famiglia-pinaceae-fr","12":"pa_genere-abies-fr","13":"pa_origine-sud-de-leurope-fr","14":"pa_portamento-pleureur","15":"pa_profumo-delicat","16":"pa_resistenza-climatica-tres-elevee","17":"pa_resistenza-del-suolo-resistant-au-sol-humide","18":"pa_resistenza-del-suolo-resistant-aux-sols-secs","19":"pa_utilizzo-parcs","21":"first","22":"instock","23":"purchasable","24":"product-type-simple"},"acf":[],"_links":{"self":[{"href":"https:\/\/innocentiemangonipiante.it\/fr\/wp-json\/wp\/v2\/product\/12314","targetHints":{"allow":["GET"]}}],"collection":[{"href":"https:\/\/innocentiemangonipiante.it\/fr\/wp-json\/wp\/v2\/product"}],"about":[{"href":"https:\/\/innocentiemangonipiante.it\/fr\/wp-json\/wp\/v2\/types\/product"}],"wp:featuredmedia":[{"embeddable":true,"href":"https:\/\/innocentiemangonipiante.it\/fr\/wp-json\/wp\/v2\/media\/80"}],"wp:attachment":[{"href":"https:\/\/innocentiemangonipiante.it\/fr\/wp-json\/wp\/v2\/media?parent=12314"}],"wp:term":[{"taxonomy":"product_brand","embeddable":true,"href":"https:\/\/innocentiemangonipiante.it\/fr\/wp-json\/wp\/v2\/product_brand?post=12314"},{"taxonomy":"product_cat","embeddable":true,"href":"https:\/\/innocentiemangonipiante.it\/fr\/wp-json\/wp\/v2\/product_cat?post=12314"},{"taxonomy":"product_tag","embeddable":true,"href":"https:\/\/innocentiemangonipiante.it\/fr\/wp-json\/wp\/v2\/product_tag?post=12314"}],"curies":[{"name":"wp","href":"https:\/\/api.w.org\/{rel}","templated":true}]}}