{"id":12316,"date":"2023-11-03T23:06:09","date_gmt":"2023-11-03T22:06:09","guid":{"rendered":"http:\/\/innocentiemangonipiante.it\/acacia-dealbata-tournaire\/"},"modified":"2023-11-06T13:45:56","modified_gmt":"2023-11-06T12:45:56","slug":"acacia-dealbata-tournaire","status":"publish","type":"product","link":"https:\/\/innocentiemangonipiante.it\/fr\/acacia-dealbata-tournaire\/","title":{"rendered":"ACACIA dealbata &lsquo;Tournaire&rsquo;"},"content":{"rendered":"<p>Vari\u00e9t\u00e9 de greffe. Persistant feuillage vert fleuraison en janvier-f\u00e9vrier.<\/p>\n","protected":false},"excerpt":{"rendered":"<p>Vari\u00e9t\u00e9 de greffe. Persistant feuillage vert fleuraison en janvier-f\u00e9vrier.<\/p>\n","protected":false},"featured_media":0,"template":"","meta":{"_acf_changed":false},"product_brand":[],"product_cat":[8817],"product_tag":[10897],"class_list":{"0":"post-12316","1":"product","2":"type-product","3":"status-publish","5":"product_cat-arbres-et-arbustes-persistants","6":"product_tag-naturelle","7":"pa_altezza-massima-500-fr","8":"pa_altezza-massima-800-fr","9":"pa_colore-fioritura-jaune","10":"pa_condizionamento-clt-fr","11":"pa_famiglia-leguminosae-fr","12":"pa_genere-acacia-fr","13":"pa_origine-sud-de-leurope-fr","14":"pa_periodo-fioritura-fevrier","15":"pa_periodo-fioritura-janvier","16":"pa_portamento-arrondi","17":"pa_resistenza-climatica-moyenne","18":"pa_resistenza-del-suolo-resistant-aux-sols-calcaires","19":"pa_resistenza-del-suolo-resistant-aux-sols-secs","20":"pa_utilizzo-parcs","21":"pa_utilizzo-petits-jardins","23":"first","24":"instock","25":"purchasable","26":"product-type-simple"},"acf":[],"_links":{"self":[{"href":"https:\/\/innocentiemangonipiante.it\/fr\/wp-json\/wp\/v2\/product\/12316","targetHints":{"allow":["GET"]}}],"collection":[{"href":"https:\/\/innocentiemangonipiante.it\/fr\/wp-json\/wp\/v2\/product"}],"about":[{"href":"https:\/\/innocentiemangonipiante.it\/fr\/wp-json\/wp\/v2\/types\/product"}],"wp:attachment":[{"href":"https:\/\/innocentiemangonipiante.it\/fr\/wp-json\/wp\/v2\/media?parent=12316"}],"wp:term":[{"taxonomy":"product_brand","embeddable":true,"href":"https:\/\/innocentiemangonipiante.it\/fr\/wp-json\/wp\/v2\/product_brand?post=12316"},{"taxonomy":"product_cat","embeddable":true,"href":"https:\/\/innocentiemangonipiante.it\/fr\/wp-json\/wp\/v2\/product_cat?post=12316"},{"taxonomy":"product_tag","embeddable":true,"href":"https:\/\/innocentiemangonipiante.it\/fr\/wp-json\/wp\/v2\/product_tag?post=12316"}],"curies":[{"name":"wp","href":"https:\/\/api.w.org\/{rel}","templated":true}]}}