{"id":12320,"date":"2023-11-03T23:06:03","date_gmt":"2023-11-03T22:06:03","guid":{"rendered":"http:\/\/innocentiemangonipiante.it\/acacia-dealbata-mirandole\/"},"modified":"2023-11-06T13:45:53","modified_gmt":"2023-11-06T12:45:53","slug":"acacia-dealbata-mirandole","status":"publish","type":"product","link":"https:\/\/innocentiemangonipiante.it\/fr\/acacia-dealbata-mirandole\/","title":{"rendered":"ACACIA dealbata &lsquo;Mirandole&rsquo;"},"content":{"rendered":"<p>Vari\u00e9t\u00e9 de greffe persistant, feuillage vert, fleuraison en d\u00e9cembre-janvier.<\/p>\n","protected":false},"excerpt":{"rendered":"<p>Vari\u00e9t\u00e9 de greffe persistant, feuillage vert, fleuraison en d\u00e9cembre-janvier.<\/p>\n","protected":false},"featured_media":127,"template":"","meta":{"_acf_changed":false},"product_brand":[],"product_cat":[8817],"product_tag":[10897],"class_list":{"0":"post-12320","1":"product","2":"type-product","3":"status-publish","4":"has-post-thumbnail","6":"product_cat-arbres-et-arbustes-persistants","7":"product_tag-naturelle","8":"pa_altezza-massima-600-fr","9":"pa_altezza-massima-900-fr","10":"pa_colore-fioritura-jaune","11":"pa_famiglia-leguminosae-fr","12":"pa_genere-acacia-fr","13":"pa_origine-sud-de-leurope-fr","14":"pa_periodo-fioritura-decembre","15":"pa_periodo-fioritura-janvier","16":"pa_portamento-arrondi","17":"pa_profumo-intense-fr","18":"pa_resistenza-climatica-moyenne","19":"pa_resistenza-del-suolo-resistant-aux-sols-calcaires","20":"pa_resistenza-del-suolo-resistant-aux-sols-secs","21":"pa_salinita-resistance-a-la-salinisation","22":"pa_utilizzo-parcs","24":"first","25":"instock","26":"purchasable","27":"product-type-simple"},"acf":[],"_links":{"self":[{"href":"https:\/\/innocentiemangonipiante.it\/fr\/wp-json\/wp\/v2\/product\/12320","targetHints":{"allow":["GET"]}}],"collection":[{"href":"https:\/\/innocentiemangonipiante.it\/fr\/wp-json\/wp\/v2\/product"}],"about":[{"href":"https:\/\/innocentiemangonipiante.it\/fr\/wp-json\/wp\/v2\/types\/product"}],"wp:featuredmedia":[{"embeddable":true,"href":"https:\/\/innocentiemangonipiante.it\/fr\/wp-json\/wp\/v2\/media\/127"}],"wp:attachment":[{"href":"https:\/\/innocentiemangonipiante.it\/fr\/wp-json\/wp\/v2\/media?parent=12320"}],"wp:term":[{"taxonomy":"product_brand","embeddable":true,"href":"https:\/\/innocentiemangonipiante.it\/fr\/wp-json\/wp\/v2\/product_brand?post=12320"},{"taxonomy":"product_cat","embeddable":true,"href":"https:\/\/innocentiemangonipiante.it\/fr\/wp-json\/wp\/v2\/product_cat?post=12320"},{"taxonomy":"product_tag","embeddable":true,"href":"https:\/\/innocentiemangonipiante.it\/fr\/wp-json\/wp\/v2\/product_tag?post=12320"}],"curies":[{"name":"wp","href":"https:\/\/api.w.org\/{rel}","templated":true}]}}