{"id":12326,"date":"2023-11-03T23:13:49","date_gmt":"2023-11-03T22:13:49","guid":{"rendered":"http:\/\/innocentiemangonipiante.it\/acer-palmatum-shaina\/"},"modified":"2023-11-06T13:49:50","modified_gmt":"2023-11-06T12:49:50","slug":"acer-palmatum-shaina","status":"publish","type":"product","link":"https:\/\/innocentiemangonipiante.it\/fr\/acer-palmatum-shaina\/","title":{"rendered":"ACER palmatum &lsquo;Shaina&rsquo;"},"content":{"rendered":"<p>Port \u00e9rig\u00e9, feuilles petites de couleur verte, bord\u00e9es de cr\u00e8me-rose.<\/p>\n","protected":false},"excerpt":{"rendered":"<p>Port \u00e9rig\u00e9, feuilles petites de couleur verte, bord\u00e9es de cr\u00e8me-rose.<\/p>\n","protected":false},"featured_media":20125,"template":"","meta":{"_acf_changed":false},"product_brand":[],"product_cat":[8812],"product_tag":[10897,6255,8735],"class_list":{"0":"post-12326","1":"product","2":"type-product","3":"status-publish","4":"has-post-thumbnail","6":"product_cat-arbres-et-arbustes-a-feuilles-caduques","7":"product_tag-naturelle","8":"product_tag-demi-tige","9":"product_tag-quart-de-tige","10":"pa_altezza-massima-150-fr","11":"pa_altezza-massima-200-fr","12":"pa_arte-topiaria-disponible-plante-en-forme","13":"pa_colore-delle-foglie-panachees","14":"pa_colore-fioritura-rouge","15":"pa_condizionamento-clt-fr","16":"pa_condizionamento-pot-carre","17":"pa_famiglia-aceraceae-fr","18":"pa_genere-acer-fr","19":"pa_origine-asie-orientale","20":"pa_periodo-fioritura-aout","21":"pa_periodo-fioritura-juillet","22":"pa_portamento-arrondi","23":"pa_resistenza-climatica-tres-elevee","24":"pa_utilizzo-petits-jardins","26":"first","27":"instock","28":"purchasable","29":"product-type-simple"},"acf":[],"_links":{"self":[{"href":"https:\/\/innocentiemangonipiante.it\/fr\/wp-json\/wp\/v2\/product\/12326","targetHints":{"allow":["GET"]}}],"collection":[{"href":"https:\/\/innocentiemangonipiante.it\/fr\/wp-json\/wp\/v2\/product"}],"about":[{"href":"https:\/\/innocentiemangonipiante.it\/fr\/wp-json\/wp\/v2\/types\/product"}],"wp:featuredmedia":[{"embeddable":true,"href":"https:\/\/innocentiemangonipiante.it\/fr\/wp-json\/wp\/v2\/media\/20125"}],"wp:attachment":[{"href":"https:\/\/innocentiemangonipiante.it\/fr\/wp-json\/wp\/v2\/media?parent=12326"}],"wp:term":[{"taxonomy":"product_brand","embeddable":true,"href":"https:\/\/innocentiemangonipiante.it\/fr\/wp-json\/wp\/v2\/product_brand?post=12326"},{"taxonomy":"product_cat","embeddable":true,"href":"https:\/\/innocentiemangonipiante.it\/fr\/wp-json\/wp\/v2\/product_cat?post=12326"},{"taxonomy":"product_tag","embeddable":true,"href":"https:\/\/innocentiemangonipiante.it\/fr\/wp-json\/wp\/v2\/product_tag?post=12326"}],"curies":[{"name":"wp","href":"https:\/\/api.w.org\/{rel}","templated":true}]}}