{"id":12328,"date":"2023-11-03T23:18:38","date_gmt":"2023-11-03T22:18:38","guid":{"rendered":"http:\/\/innocentiemangonipiante.it\/acer-shirasawanum-moonrise\/"},"modified":"2023-11-06T13:52:08","modified_gmt":"2023-11-06T12:52:08","slug":"acer-shirasawanum-moonrise","status":"publish","type":"product","link":"https:\/\/innocentiemangonipiante.it\/fr\/acer-shirasawanum-moonrise\/","title":{"rendered":"ACER shirasawanum &lsquo;Moonrise&rsquo; \u00ae"},"content":{"rendered":"<p>S\u00e9lection de r\u00e9cente introduction, arbuste \u00e9rig\u00e9, tr\u00e8s ramifi\u00e9, compact. Nouvelle pousse rouge vif, apr\u00e8s rouge-marron fonc\u00e9.<\/p>\n","protected":false},"excerpt":{"rendered":"<p>S\u00e9lection de r\u00e9cente introduction, arbuste \u00e9rig\u00e9, tr\u00e8s ramifi\u00e9, compact. Nouvelle pousse rouge vif, apr\u00e8s rouge-marron fonc\u00e9.<\/p>\n","protected":false},"featured_media":467,"template":"","meta":{"_acf_changed":false},"product_brand":[],"product_cat":[8812],"product_tag":[10897],"class_list":{"0":"post-12328","1":"product","2":"type-product","3":"status-publish","4":"has-post-thumbnail","6":"product_cat-arbres-et-arbustes-a-feuilles-caduques","7":"product_tag-naturelle","8":"pa_altezza-massima-300-fr-2","9":"pa_altezza-massima-350-fr","10":"pa_famiglia-aceraceae-fr","11":"pa_genere-acer-fr","12":"pa_origine-asie-orientale","13":"pa_portamento-arrondi","14":"pa_resistenza-climatica-tres-elevee","15":"pa_utilizzo-petits-jardins","17":"first","18":"instock","19":"purchasable","20":"product-type-simple"},"acf":[],"_links":{"self":[{"href":"https:\/\/innocentiemangonipiante.it\/fr\/wp-json\/wp\/v2\/product\/12328","targetHints":{"allow":["GET"]}}],"collection":[{"href":"https:\/\/innocentiemangonipiante.it\/fr\/wp-json\/wp\/v2\/product"}],"about":[{"href":"https:\/\/innocentiemangonipiante.it\/fr\/wp-json\/wp\/v2\/types\/product"}],"wp:featuredmedia":[{"embeddable":true,"href":"https:\/\/innocentiemangonipiante.it\/fr\/wp-json\/wp\/v2\/media\/467"}],"wp:attachment":[{"href":"https:\/\/innocentiemangonipiante.it\/fr\/wp-json\/wp\/v2\/media?parent=12328"}],"wp:term":[{"taxonomy":"product_brand","embeddable":true,"href":"https:\/\/innocentiemangonipiante.it\/fr\/wp-json\/wp\/v2\/product_brand?post=12328"},{"taxonomy":"product_cat","embeddable":true,"href":"https:\/\/innocentiemangonipiante.it\/fr\/wp-json\/wp\/v2\/product_cat?post=12328"},{"taxonomy":"product_tag","embeddable":true,"href":"https:\/\/innocentiemangonipiante.it\/fr\/wp-json\/wp\/v2\/product_tag?post=12328"}],"curies":[{"name":"wp","href":"https:\/\/api.w.org\/{rel}","templated":true}]}}