{"id":12335,"date":"2023-11-03T23:16:07","date_gmt":"2023-11-03T22:16:07","guid":{"rendered":"http:\/\/innocentiemangonipiante.it\/acer-platanoides-emerald-queen\/"},"modified":"2023-11-06T13:51:08","modified_gmt":"2023-11-06T12:51:08","slug":"acer-platanoides-emerald-queen","status":"publish","type":"product","link":"https:\/\/innocentiemangonipiante.it\/fr\/acer-platanoides-emerald-queen\/","title":{"rendered":"ACER platanoides &lsquo;Emerald Queen&rsquo;"},"content":{"rendered":"<p>Vari\u00e9t\u00e9 de greffe s\u00e9lectionn\u00e9e, am\u00e9lioration de l\u2019Acer platanoides. Le feuillage est vert et le port de la couronne est ample et \u00e9largi.<\/p>\n","protected":false},"excerpt":{"rendered":"<p>Vari\u00e9t\u00e9 de greffe s\u00e9lectionn\u00e9e, am\u00e9lioration de l\u2019Acer platanoides. Le feuillage est vert et le port de la couronne est ample et \u00e9largi.<\/p>\n","protected":false},"featured_media":350,"template":"","meta":{"_acf_changed":false},"product_brand":[],"product_cat":[8812],"product_tag":[10897,8400],"class_list":{"0":"post-12335","1":"product","2":"type-product","3":"status-publish","4":"has-post-thumbnail","6":"product_cat-arbres-et-arbustes-a-feuilles-caduques","7":"product_tag-naturelle","8":"product_tag-tige","9":"pa_altezza-massima-1000-fr-2","10":"pa_altezza-massima-15-metres","11":"pa_condizionamento-clt-fr","12":"pa_condizionamento-motte","13":"pa_famiglia-aceraceae-fr","14":"pa_genere-acer-fr","15":"pa_inquinamento-resistance-a-la-pollution","16":"pa_origine-origine-delle-piante-u-s-a","17":"pa_portamento-arrondi","18":"pa_resistenza-climatica-tres-elevee","19":"pa_resistenza-del-suolo-resistant-au-sol-humide","20":"pa_resistenza-del-suolo-resistant-aux-sols-calcaires","21":"pa_salinita-resistance-a-la-salinisation","22":"pa_utilizzo-parcs","24":"first","25":"instock","26":"purchasable","27":"product-type-simple"},"acf":[],"_links":{"self":[{"href":"https:\/\/innocentiemangonipiante.it\/fr\/wp-json\/wp\/v2\/product\/12335","targetHints":{"allow":["GET"]}}],"collection":[{"href":"https:\/\/innocentiemangonipiante.it\/fr\/wp-json\/wp\/v2\/product"}],"about":[{"href":"https:\/\/innocentiemangonipiante.it\/fr\/wp-json\/wp\/v2\/types\/product"}],"wp:featuredmedia":[{"embeddable":true,"href":"https:\/\/innocentiemangonipiante.it\/fr\/wp-json\/wp\/v2\/media\/350"}],"wp:attachment":[{"href":"https:\/\/innocentiemangonipiante.it\/fr\/wp-json\/wp\/v2\/media?parent=12335"}],"wp:term":[{"taxonomy":"product_brand","embeddable":true,"href":"https:\/\/innocentiemangonipiante.it\/fr\/wp-json\/wp\/v2\/product_brand?post=12335"},{"taxonomy":"product_cat","embeddable":true,"href":"https:\/\/innocentiemangonipiante.it\/fr\/wp-json\/wp\/v2\/product_cat?post=12335"},{"taxonomy":"product_tag","embeddable":true,"href":"https:\/\/innocentiemangonipiante.it\/fr\/wp-json\/wp\/v2\/product_tag?post=12335"}],"curies":[{"name":"wp","href":"https:\/\/api.w.org\/{rel}","templated":true}]}}