{"id":12336,"date":"2023-11-03T23:15:53","date_gmt":"2023-11-03T22:15:53","guid":{"rendered":"http:\/\/innocentiemangonipiante.it\/acer-platanoides-deborah\/"},"modified":"2023-11-06T13:51:04","modified_gmt":"2023-11-06T12:51:04","slug":"acer-platanoides-deborah","status":"publish","type":"product","link":"https:\/\/innocentiemangonipiante.it\/fr\/acer-platanoides-deborah\/","title":{"rendered":"ACER platanoides &lsquo;Deborah&rsquo; \u00ae"},"content":{"rendered":"<p>Produit des feuilles ondul\u00e9es rouges quand elles sont jeunes et qui virent au vert intense en \u00e9t\u00e9 et au jaune orang\u00e9 en automne.<\/p>\n","protected":false},"excerpt":{"rendered":"<p>Produit des feuilles ondul\u00e9es rouges quand elles sont jeunes et qui virent au vert intense en \u00e9t\u00e9 et au jaune orang\u00e9 en automne.<\/p>\n","protected":false},"featured_media":343,"template":"","meta":{"_acf_changed":false},"product_brand":[],"product_cat":[8812],"product_tag":[10897,8400],"class_list":{"0":"post-12336","1":"product","2":"type-product","3":"status-publish","4":"has-post-thumbnail","6":"product_cat-arbres-et-arbustes-a-feuilles-caduques","7":"product_tag-naturelle","8":"product_tag-tige","9":"pa_altezza-massima-15-metres","10":"pa_altezza-massima-20-metres","11":"pa_condizionamento-motte","12":"pa_famiglia-aceraceae-fr","13":"pa_genere-acer-fr","14":"pa_inquinamento-resistance-a-la-pollution","15":"pa_origine-origine-delle-piante-u-s-a","16":"pa_portamento-de-colonne","17":"pa_resistenza-climatica-tres-elevee","18":"pa_resistenza-del-suolo-resistant-au-sol-humide","19":"pa_resistenza-del-suolo-resistant-aux-sols-calcaires","20":"pa_salinita-resistance-a-la-salinisation","21":"pa_utilizzo-avenues-fr","22":"pa_utilizzo-parcs","24":"first","25":"instock","26":"purchasable","27":"product-type-simple"},"acf":[],"_links":{"self":[{"href":"https:\/\/innocentiemangonipiante.it\/fr\/wp-json\/wp\/v2\/product\/12336","targetHints":{"allow":["GET"]}}],"collection":[{"href":"https:\/\/innocentiemangonipiante.it\/fr\/wp-json\/wp\/v2\/product"}],"about":[{"href":"https:\/\/innocentiemangonipiante.it\/fr\/wp-json\/wp\/v2\/types\/product"}],"wp:featuredmedia":[{"embeddable":true,"href":"https:\/\/innocentiemangonipiante.it\/fr\/wp-json\/wp\/v2\/media\/343"}],"wp:attachment":[{"href":"https:\/\/innocentiemangonipiante.it\/fr\/wp-json\/wp\/v2\/media?parent=12336"}],"wp:term":[{"taxonomy":"product_brand","embeddable":true,"href":"https:\/\/innocentiemangonipiante.it\/fr\/wp-json\/wp\/v2\/product_brand?post=12336"},{"taxonomy":"product_cat","embeddable":true,"href":"https:\/\/innocentiemangonipiante.it\/fr\/wp-json\/wp\/v2\/product_cat?post=12336"},{"taxonomy":"product_tag","embeddable":true,"href":"https:\/\/innocentiemangonipiante.it\/fr\/wp-json\/wp\/v2\/product_tag?post=12336"}],"curies":[{"name":"wp","href":"https:\/\/api.w.org\/{rel}","templated":true}]}}