{"id":12339,"date":"2023-11-03T23:15:41","date_gmt":"2023-11-03T22:15:41","guid":{"rendered":"http:\/\/innocentiemangonipiante.it\/acer-platanoides-crimson-king\/"},"modified":"2023-11-06T13:51:00","modified_gmt":"2023-11-06T12:51:00","slug":"acer-platanoides-crimson-king","status":"publish","type":"product","link":"https:\/\/innocentiemangonipiante.it\/fr\/acer-platanoides-crimson-king\/","title":{"rendered":"ACER platanoides &lsquo;Crimson King&rsquo;"},"content":{"rendered":"<p>\u201cErable pourpre\u201d, arbre caduc au port arrondi, vigoureux. Les feuilles sont grandes, de 3 \u00e0 5 lobes, de couleur rouge pourpre tr\u00e8s sombre. Il produit des fleurs jaunes nuanc\u00e9es de rouge en avril-mai.<\/p>\n","protected":false},"excerpt":{"rendered":"<p>\u201cErable pourpre\u201d, arbre caduc au port arrondi, vigoureux. Les feuilles sont grandes, de 3 \u00e0 5 lobes, de couleur rouge pourpre tr\u00e8s sombre. Il produit des fleurs jaunes nuanc\u00e9es de rouge en avril-mai.<\/p>\n","protected":false},"featured_media":336,"template":"","meta":{"_acf_changed":false},"product_brand":[],"product_cat":[8812],"product_tag":[10897],"class_list":{"0":"post-12339","1":"product","2":"type-product","3":"status-publish","4":"has-post-thumbnail","6":"product_cat-arbres-et-arbustes-a-feuilles-caduques","7":"product_tag-naturelle","8":"pa_altezza-massima-20-metres","9":"pa_altezza-massima-25-metres","10":"pa_colore-delle-foglie-rouge","11":"pa_colore-fioritura-jaune","12":"pa_famiglia-aceraceae-fr","13":"pa_genere-acer-fr","14":"pa_inquinamento-resistance-a-la-pollution","15":"pa_origine-origine-delle-piante-u-s-a","16":"pa_periodo-fioritura-avril","17":"pa_periodo-fioritura-mai","18":"pa_portamento-arrondi","19":"pa_resistenza-climatica-tres-elevee","20":"pa_resistenza-del-suolo-resistant-au-sol-humide","21":"pa_resistenza-del-suolo-resistant-aux-sols-calcaires","22":"pa_salinita-resistance-a-la-salinisation","23":"pa_utilizzo-avenues-fr","24":"pa_utilizzo-parcs","26":"first","27":"instock","28":"purchasable","29":"product-type-simple"},"acf":[],"_links":{"self":[{"href":"https:\/\/innocentiemangonipiante.it\/fr\/wp-json\/wp\/v2\/product\/12339","targetHints":{"allow":["GET"]}}],"collection":[{"href":"https:\/\/innocentiemangonipiante.it\/fr\/wp-json\/wp\/v2\/product"}],"about":[{"href":"https:\/\/innocentiemangonipiante.it\/fr\/wp-json\/wp\/v2\/types\/product"}],"wp:featuredmedia":[{"embeddable":true,"href":"https:\/\/innocentiemangonipiante.it\/fr\/wp-json\/wp\/v2\/media\/336"}],"wp:attachment":[{"href":"https:\/\/innocentiemangonipiante.it\/fr\/wp-json\/wp\/v2\/media?parent=12339"}],"wp:term":[{"taxonomy":"product_brand","embeddable":true,"href":"https:\/\/innocentiemangonipiante.it\/fr\/wp-json\/wp\/v2\/product_brand?post=12339"},{"taxonomy":"product_cat","embeddable":true,"href":"https:\/\/innocentiemangonipiante.it\/fr\/wp-json\/wp\/v2\/product_cat?post=12339"},{"taxonomy":"product_tag","embeddable":true,"href":"https:\/\/innocentiemangonipiante.it\/fr\/wp-json\/wp\/v2\/product_tag?post=12339"}],"curies":[{"name":"wp","href":"https:\/\/api.w.org\/{rel}","templated":true}]}}