{"id":12340,"date":"2023-11-03T23:15:23","date_gmt":"2023-11-03T22:15:23","guid":{"rendered":"http:\/\/innocentiemangonipiante.it\/acer-platanoides\/"},"modified":"2023-11-06T13:50:52","modified_gmt":"2023-11-06T12:50:52","slug":"acer-platanoides","status":"publish","type":"product","link":"https:\/\/innocentiemangonipiante.it\/fr\/acer-platanoides\/","title":{"rendered":"ACER platanoides"},"content":{"rendered":"<p>\u201cErable plane\u201d. Arbre \u00e0 feuilles caduques au port ample, tr\u00e8s vigoureux. Feuillage vert sombre \u00e0 3-5 lobes devenant de couleur jaune-orange en automne.<\/p>\n","protected":false},"excerpt":{"rendered":"<p>\u201cErable plane\u201d. Arbre \u00e0 feuilles caduques au port ample, tr\u00e8s vigoureux. Feuillage vert sombre \u00e0 3-5 lobes devenant de couleur jaune-orange en automne.<\/p>\n","protected":false},"featured_media":318,"template":"","meta":{"_acf_changed":false},"product_brand":[],"product_cat":[8812],"product_tag":[10897,8596,8400],"class_list":{"0":"post-12340","1":"product","2":"type-product","3":"status-publish","4":"has-post-thumbnail","6":"product_cat-arbres-et-arbustes-a-feuilles-caduques","7":"product_tag-naturelle","8":"product_tag-cepee","9":"product_tag-tige","10":"pa_altezza-massima-20-metres","11":"pa_altezza-massima-30-metres","12":"pa_condizionamento-clt-fr","13":"pa_condizionamento-motte","14":"pa_famiglia-aceraceae-fr","15":"pa_genere-acer-fr","16":"pa_origine-caucase","17":"pa_portamento-arrondi","18":"pa_resistenza-climatica-tres-elevee","19":"pa_resistenza-del-suolo-resistant-aux-sols-calcaires","20":"pa_salinita-resistance-a-la-salinisation","21":"pa_utilizzo-avenues-fr","22":"pa_utilizzo-parcs","24":"first","25":"instock","26":"purchasable","27":"product-type-simple"},"acf":[],"_links":{"self":[{"href":"https:\/\/innocentiemangonipiante.it\/fr\/wp-json\/wp\/v2\/product\/12340","targetHints":{"allow":["GET"]}}],"collection":[{"href":"https:\/\/innocentiemangonipiante.it\/fr\/wp-json\/wp\/v2\/product"}],"about":[{"href":"https:\/\/innocentiemangonipiante.it\/fr\/wp-json\/wp\/v2\/types\/product"}],"wp:featuredmedia":[{"embeddable":true,"href":"https:\/\/innocentiemangonipiante.it\/fr\/wp-json\/wp\/v2\/media\/318"}],"wp:attachment":[{"href":"https:\/\/innocentiemangonipiante.it\/fr\/wp-json\/wp\/v2\/media?parent=12340"}],"wp:term":[{"taxonomy":"product_brand","embeddable":true,"href":"https:\/\/innocentiemangonipiante.it\/fr\/wp-json\/wp\/v2\/product_brand?post=12340"},{"taxonomy":"product_cat","embeddable":true,"href":"https:\/\/innocentiemangonipiante.it\/fr\/wp-json\/wp\/v2\/product_cat?post=12340"},{"taxonomy":"product_tag","embeddable":true,"href":"https:\/\/innocentiemangonipiante.it\/fr\/wp-json\/wp\/v2\/product_tag?post=12340"}],"curies":[{"name":"wp","href":"https:\/\/api.w.org\/{rel}","templated":true}]}}