{"id":12341,"date":"2023-11-03T23:14:09","date_gmt":"2023-11-03T22:14:09","guid":{"rendered":"http:\/\/innocentiemangonipiante.it\/acer-palmatum-skeeters-broom\/"},"modified":"2023-11-06T13:50:29","modified_gmt":"2023-11-06T12:50:29","slug":"acer-palmatum-skeeters-broom","status":"publish","type":"product","link":"https:\/\/innocentiemangonipiante.it\/fr\/acer-palmatum-skeeters-broom\/","title":{"rendered":"ACER palmatum &lsquo;Skeeter&rsquo;s Broom&rsquo;"},"content":{"rendered":"<p>S\u00e9lection de r\u00e9cente introduction, arbuste \u00e9rig\u00e9, tr\u00e8s ramifi\u00e9, compact. Nouvelle pousse rouge vif, apr\u00e8s rouge-marron fonc\u00e9.<\/p>\n","protected":false},"excerpt":{"rendered":"<p>S\u00e9lection de r\u00e9cente introduction, arbuste \u00e9rig\u00e9, tr\u00e8s ramifi\u00e9, compact. Nouvelle pousse rouge vif, apr\u00e8s rouge-marron fonc\u00e9.<\/p>\n","protected":false},"featured_media":32711,"template":"","meta":{"_acf_changed":false},"product_brand":[],"product_cat":[8812],"product_tag":[10897],"class_list":{"0":"post-12341","1":"product","2":"type-product","3":"status-publish","4":"has-post-thumbnail","6":"product_cat-arbres-et-arbustes-a-feuilles-caduques","7":"product_tag-naturelle","8":"pa_altezza-massima-200-fr","9":"pa_altezza-massima-300-fr-2","10":"pa_colore-delle-foglie-rouge","11":"pa_famiglia-aceraceae-fr","12":"pa_genere-acer-fr","13":"pa_origine-asie-orientale","14":"pa_portamento-arrondi","15":"pa_resistenza-climatica-tres-elevee","16":"pa_utilizzo-petits-jardins","18":"first","19":"instock","20":"purchasable","21":"product-type-simple"},"acf":[],"_links":{"self":[{"href":"https:\/\/innocentiemangonipiante.it\/fr\/wp-json\/wp\/v2\/product\/12341","targetHints":{"allow":["GET"]}}],"collection":[{"href":"https:\/\/innocentiemangonipiante.it\/fr\/wp-json\/wp\/v2\/product"}],"about":[{"href":"https:\/\/innocentiemangonipiante.it\/fr\/wp-json\/wp\/v2\/types\/product"}],"wp:featuredmedia":[{"embeddable":true,"href":"https:\/\/innocentiemangonipiante.it\/fr\/wp-json\/wp\/v2\/media\/32711"}],"wp:attachment":[{"href":"https:\/\/innocentiemangonipiante.it\/fr\/wp-json\/wp\/v2\/media?parent=12341"}],"wp:term":[{"taxonomy":"product_brand","embeddable":true,"href":"https:\/\/innocentiemangonipiante.it\/fr\/wp-json\/wp\/v2\/product_brand?post=12341"},{"taxonomy":"product_cat","embeddable":true,"href":"https:\/\/innocentiemangonipiante.it\/fr\/wp-json\/wp\/v2\/product_cat?post=12341"},{"taxonomy":"product_tag","embeddable":true,"href":"https:\/\/innocentiemangonipiante.it\/fr\/wp-json\/wp\/v2\/product_tag?post=12341"}],"curies":[{"name":"wp","href":"https:\/\/api.w.org\/{rel}","templated":true}]}}