{"id":12348,"date":"2023-11-03T23:11:32","date_gmt":"2023-11-03T22:11:32","guid":{"rendered":"http:\/\/innocentiemangonipiante.it\/acer-palmatum-dissectum-inaba-shidare\/"},"modified":"2023-11-06T13:48:46","modified_gmt":"2023-11-06T12:48:46","slug":"acer-palmatum-dissectum-inaba-shidare","status":"publish","type":"product","link":"https:\/\/innocentiemangonipiante.it\/fr\/acer-palmatum-dissectum-inaba-shidare\/","title":{"rendered":"ACER palmatum &lsquo;Dissectum Inaba Shidare&rsquo;"},"content":{"rendered":"<p>Croissance plus \u00e9rig\u00e9e de son \u00e9sp\u00e8ce, mais aussi retombante. Les feuilles rouge pourpre mantiennent leur couleur aussi en pleine \u00e9t\u00e9. En automne le feuillage est de couleur rouge Crimson.<\/p>\n","protected":false},"excerpt":{"rendered":"<p>Croissance plus \u00e9rig\u00e9e de son \u00e9sp\u00e8ce, mais aussi retombante. Les feuilles rouge pourpre mantiennent leur couleur aussi en pleine \u00e9t\u00e9. En automne le feuillage est de couleur rouge Crimson.<\/p>\n","protected":false},"featured_media":272,"template":"","meta":{"_acf_changed":false},"product_brand":[],"product_cat":[8812],"product_tag":[10897,6255,10900,8400],"class_list":{"0":"post-12348","1":"product","2":"type-product","3":"status-publish","4":"has-post-thumbnail","6":"product_cat-arbres-et-arbustes-a-feuilles-caduques","7":"product_tag-naturelle","8":"product_tag-demi-tige","9":"product_tag-tbb-fr-2","10":"product_tag-tige","11":"pa_altezza-massima-200-fr","12":"pa_altezza-massima-300-fr-2","13":"pa_colore-delle-foglie-rouge","14":"pa_condizionamento-bac-d-orangerie","15":"pa_condizionamento-clt-fr","16":"pa_condizionamento-vs-fr","17":"pa_condizionamento-pot-carre","18":"pa_famiglia-aceraceae-fr","19":"pa_genere-acer-fr","20":"pa_origine-asie-orientale","21":"pa_portamento-pleureur","22":"pa_resistenza-climatica-tres-elevee","23":"pa_utilizzo-petits-jardins","25":"first","26":"instock","27":"purchasable","28":"product-type-simple"},"acf":[],"_links":{"self":[{"href":"https:\/\/innocentiemangonipiante.it\/fr\/wp-json\/wp\/v2\/product\/12348","targetHints":{"allow":["GET"]}}],"collection":[{"href":"https:\/\/innocentiemangonipiante.it\/fr\/wp-json\/wp\/v2\/product"}],"about":[{"href":"https:\/\/innocentiemangonipiante.it\/fr\/wp-json\/wp\/v2\/types\/product"}],"wp:featuredmedia":[{"embeddable":true,"href":"https:\/\/innocentiemangonipiante.it\/fr\/wp-json\/wp\/v2\/media\/272"}],"wp:attachment":[{"href":"https:\/\/innocentiemangonipiante.it\/fr\/wp-json\/wp\/v2\/media?parent=12348"}],"wp:term":[{"taxonomy":"product_brand","embeddable":true,"href":"https:\/\/innocentiemangonipiante.it\/fr\/wp-json\/wp\/v2\/product_brand?post=12348"},{"taxonomy":"product_cat","embeddable":true,"href":"https:\/\/innocentiemangonipiante.it\/fr\/wp-json\/wp\/v2\/product_cat?post=12348"},{"taxonomy":"product_tag","embeddable":true,"href":"https:\/\/innocentiemangonipiante.it\/fr\/wp-json\/wp\/v2\/product_tag?post=12348"}],"curies":[{"name":"wp","href":"https:\/\/api.w.org\/{rel}","templated":true}]}}