{"id":12350,"date":"2023-11-03T23:11:05","date_gmt":"2023-11-03T22:11:05","guid":{"rendered":"http:\/\/innocentiemangonipiante.it\/acer-palmatum-deshojo\/"},"modified":"2023-11-06T13:48:33","modified_gmt":"2023-11-06T12:48:33","slug":"acer-palmatum-deshojo","status":"publish","type":"product","link":"https:\/\/innocentiemangonipiante.it\/fr\/acer-palmatum-deshojo\/","title":{"rendered":"ACER palmatum &lsquo;Deshojo&rsquo;"},"content":{"rendered":"<p>Les feuilles ont 5-7 lobes de couleur rouge vif au printemps, vertes en \u00e9t\u00e9 et jaune-orange \u00e0 l\u2019automne.<\/p>\n","protected":false},"excerpt":{"rendered":"<p>Les feuilles ont 5-7 lobes de couleur rouge vif au printemps, vertes en \u00e9t\u00e9 et jaune-orange \u00e0 l\u2019automne.<\/p>\n","protected":false},"featured_media":254,"template":"","meta":{"_acf_changed":false},"product_brand":[],"product_cat":[8812],"product_tag":[10897],"class_list":{"0":"post-12350","1":"product","2":"type-product","3":"status-publish","4":"has-post-thumbnail","6":"product_cat-arbres-et-arbustes-a-feuilles-caduques","7":"product_tag-naturelle","8":"pa_altezza-massima-200-fr","9":"pa_altezza-massima-300-fr-2","10":"pa_condizionamento-clt-fr","11":"pa_famiglia-aceraceae-fr","12":"pa_genere-acer-fr","13":"pa_origine-asie-orientale","14":"pa_portamento-arrondi","15":"pa_resistenza-climatica-tres-elevee","16":"pa_utilizzo-petits-jardins","18":"first","19":"instock","20":"purchasable","21":"product-type-simple"},"acf":[],"_links":{"self":[{"href":"https:\/\/innocentiemangonipiante.it\/fr\/wp-json\/wp\/v2\/product\/12350","targetHints":{"allow":["GET"]}}],"collection":[{"href":"https:\/\/innocentiemangonipiante.it\/fr\/wp-json\/wp\/v2\/product"}],"about":[{"href":"https:\/\/innocentiemangonipiante.it\/fr\/wp-json\/wp\/v2\/types\/product"}],"wp:featuredmedia":[{"embeddable":true,"href":"https:\/\/innocentiemangonipiante.it\/fr\/wp-json\/wp\/v2\/media\/254"}],"wp:attachment":[{"href":"https:\/\/innocentiemangonipiante.it\/fr\/wp-json\/wp\/v2\/media?parent=12350"}],"wp:term":[{"taxonomy":"product_brand","embeddable":true,"href":"https:\/\/innocentiemangonipiante.it\/fr\/wp-json\/wp\/v2\/product_brand?post=12350"},{"taxonomy":"product_cat","embeddable":true,"href":"https:\/\/innocentiemangonipiante.it\/fr\/wp-json\/wp\/v2\/product_cat?post=12350"},{"taxonomy":"product_tag","embeddable":true,"href":"https:\/\/innocentiemangonipiante.it\/fr\/wp-json\/wp\/v2\/product_tag?post=12350"}],"curies":[{"name":"wp","href":"https:\/\/api.w.org\/{rel}","templated":true}]}}