{"id":12351,"date":"2023-11-03T23:11:12","date_gmt":"2023-11-03T22:11:12","guid":{"rendered":"http:\/\/innocentiemangonipiante.it\/acer-palmatum-dissectum-atropurpureum\/"},"modified":"2023-11-06T13:48:35","modified_gmt":"2023-11-06T12:48:35","slug":"acer-palmatum-dissectum-atropurpureum","status":"publish","type":"product","link":"https:\/\/innocentiemangonipiante.it\/fr\/acer-palmatum-dissectum-atropurpureum\/","title":{"rendered":"ACER palmatum &lsquo;Dissectum Atropurpureum&rsquo;"},"content":{"rendered":"<p>Port arrondi, croissance lente, feuilles de 7 \u00e0 11 lobes, tr\u00e8s dentel\u00e9es de couleur vert-rouge qui deviennent rouge pourpre en automne.<\/p>\n","protected":false},"excerpt":{"rendered":"<p>Port arrondi, croissance lente, feuilles de 7 \u00e0 11 lobes, tr\u00e8s dentel\u00e9es de couleur vert-rouge qui deviennent rouge pourpre en automne.<\/p>\n","protected":false},"featured_media":260,"template":"","meta":{"_acf_changed":false},"product_brand":[],"product_cat":[8812],"product_tag":[10897,6255,8735,10900,8400],"class_list":{"0":"post-12351","1":"product","2":"type-product","3":"status-publish","4":"has-post-thumbnail","6":"product_cat-arbres-et-arbustes-a-feuilles-caduques","7":"product_tag-naturelle","8":"product_tag-demi-tige","9":"product_tag-quart-de-tige","10":"product_tag-tbb-fr-2","11":"product_tag-tige","12":"pa_altezza-massima-200-fr","13":"pa_altezza-massima-300-fr-2","14":"pa_colore-delle-foglie-panachees","15":"pa_condizionamento-bac-d-orangerie","16":"pa_condizionamento-clt-fr","17":"pa_condizionamento-coupe-fr","18":"pa_condizionamento-pot-carre","19":"pa_famiglia-aceraceae-fr","20":"pa_genere-acer-fr","21":"pa_origine-asie-orientale","22":"pa_portamento-pleureur","23":"pa_resistenza-climatica-tres-elevee","24":"pa_utilizzo-petits-jardins","26":"first","27":"instock","28":"purchasable","29":"product-type-simple"},"acf":[],"_links":{"self":[{"href":"https:\/\/innocentiemangonipiante.it\/fr\/wp-json\/wp\/v2\/product\/12351","targetHints":{"allow":["GET"]}}],"collection":[{"href":"https:\/\/innocentiemangonipiante.it\/fr\/wp-json\/wp\/v2\/product"}],"about":[{"href":"https:\/\/innocentiemangonipiante.it\/fr\/wp-json\/wp\/v2\/types\/product"}],"wp:featuredmedia":[{"embeddable":true,"href":"https:\/\/innocentiemangonipiante.it\/fr\/wp-json\/wp\/v2\/media\/260"}],"wp:attachment":[{"href":"https:\/\/innocentiemangonipiante.it\/fr\/wp-json\/wp\/v2\/media?parent=12351"}],"wp:term":[{"taxonomy":"product_brand","embeddable":true,"href":"https:\/\/innocentiemangonipiante.it\/fr\/wp-json\/wp\/v2\/product_brand?post=12351"},{"taxonomy":"product_cat","embeddable":true,"href":"https:\/\/innocentiemangonipiante.it\/fr\/wp-json\/wp\/v2\/product_cat?post=12351"},{"taxonomy":"product_tag","embeddable":true,"href":"https:\/\/innocentiemangonipiante.it\/fr\/wp-json\/wp\/v2\/product_tag?post=12351"}],"curies":[{"name":"wp","href":"https:\/\/api.w.org\/{rel}","templated":true}]}}