{"id":12360,"date":"2023-11-03T23:09:06","date_gmt":"2023-11-03T22:09:06","guid":{"rendered":"http:\/\/innocentiemangonipiante.it\/acer-japonicum-aconitifolium\/"},"modified":"2023-11-06T13:47:32","modified_gmt":"2023-11-06T12:47:32","slug":"acer-japonicum-aconitifolium","status":"publish","type":"product","link":"https:\/\/innocentiemangonipiante.it\/fr\/acer-japonicum-aconitifolium\/","title":{"rendered":"ACER japonicum &lsquo;Aconitifolium&rsquo;"},"content":{"rendered":"<p>Arbre ou arbuste \u00e0 feuilles caduques, feuilles profond\u00e9ment lob\u00e9es de couleur verte qui deviennent jaunes-oranges en automne.<\/p>\n","protected":false},"excerpt":{"rendered":"<p>Arbre ou arbuste \u00e0 feuilles caduques, feuilles profond\u00e9ment lob\u00e9es de couleur verte qui deviennent jaunes-oranges en automne.<\/p>\n","protected":false},"featured_media":191,"template":"","meta":{"_acf_changed":false},"product_brand":[],"product_cat":[8812],"product_tag":[10897],"class_list":{"0":"post-12360","1":"product","2":"type-product","3":"status-publish","4":"has-post-thumbnail","6":"product_cat-arbres-et-arbustes-a-feuilles-caduques","7":"product_tag-naturelle","8":"pa_altezza-massima-300-fr-2","9":"pa_altezza-massima-500-fr","10":"pa_famiglia-aceraceae-fr","11":"pa_genere-acer-fr","12":"pa_origine-asie-orientale","13":"pa_portamento-arrondi","14":"pa_resistenza-climatica-tres-elevee","15":"pa_utilizzo-petits-jardins","17":"first","18":"instock","19":"purchasable","20":"product-type-simple"},"acf":[],"_links":{"self":[{"href":"https:\/\/innocentiemangonipiante.it\/fr\/wp-json\/wp\/v2\/product\/12360","targetHints":{"allow":["GET"]}}],"collection":[{"href":"https:\/\/innocentiemangonipiante.it\/fr\/wp-json\/wp\/v2\/product"}],"about":[{"href":"https:\/\/innocentiemangonipiante.it\/fr\/wp-json\/wp\/v2\/types\/product"}],"wp:featuredmedia":[{"embeddable":true,"href":"https:\/\/innocentiemangonipiante.it\/fr\/wp-json\/wp\/v2\/media\/191"}],"wp:attachment":[{"href":"https:\/\/innocentiemangonipiante.it\/fr\/wp-json\/wp\/v2\/media?parent=12360"}],"wp:term":[{"taxonomy":"product_brand","embeddable":true,"href":"https:\/\/innocentiemangonipiante.it\/fr\/wp-json\/wp\/v2\/product_brand?post=12360"},{"taxonomy":"product_cat","embeddable":true,"href":"https:\/\/innocentiemangonipiante.it\/fr\/wp-json\/wp\/v2\/product_cat?post=12360"},{"taxonomy":"product_tag","embeddable":true,"href":"https:\/\/innocentiemangonipiante.it\/fr\/wp-json\/wp\/v2\/product_tag?post=12360"}],"curies":[{"name":"wp","href":"https:\/\/api.w.org\/{rel}","templated":true}]}}