{"id":12361,"date":"2023-11-03T23:08:51","date_gmt":"2023-11-03T22:08:51","guid":{"rendered":"http:\/\/innocentiemangonipiante.it\/acer-ginnala\/"},"modified":"2023-11-06T13:47:27","modified_gmt":"2023-11-06T12:47:27","slug":"acer-ginnala","status":"publish","type":"product","link":"https:\/\/innocentiemangonipiante.it\/fr\/acer-ginnala\/","title":{"rendered":"ACER ginnala"},"content":{"rendered":"<p>Arbre caduc avec port arrondi et branches arqu\u00e9es. Feuilles vertes profond\u00e9ment trilob\u00e9es qui deviennent rouge intense \u00e0 l\u2019automne.<\/p>\n","protected":false},"excerpt":{"rendered":"<p>Arbre caduc avec port arrondi et branches arqu\u00e9es. Feuilles vertes profond\u00e9ment trilob\u00e9es qui deviennent rouge intense \u00e0 l\u2019automne.<\/p>\n","protected":false},"featured_media":185,"template":"","meta":{"_acf_changed":false},"product_brand":[],"product_cat":[8812,9230],"product_tag":[10897,8596,8400],"class_list":{"0":"post-12361","1":"product","2":"type-product","3":"status-publish","4":"has-post-thumbnail","6":"product_cat-arbres-et-arbustes-a-feuilles-caduques","7":"product_cat-arbres-et-plantes-du-futur","8":"product_tag-naturelle","9":"product_tag-cepee","10":"product_tag-tige","11":"pa_altezza-massima-800-fr","12":"pa_altezza-massima-1000-fr-2","13":"pa_condizionamento-clt-fr","14":"pa_condizionamento-motte","15":"pa_famiglia-aceraceae-fr","16":"pa_genere-acer-fr","17":"pa_inquinamento-resistance-a-la-pollution","18":"pa_origine-asie","19":"pa_portamento-arrondi","20":"pa_resistenza-climatica-tres-elevee","21":"pa_resistenza-del-suolo-resistant-aux-sols-secs","22":"pa_salinita-resistance-a-la-salinisation","23":"pa_utilizzo-parcs","24":"pa_utilizzo-petits-jardins","26":"first","27":"instock","28":"purchasable","29":"product-type-simple"},"acf":[],"_links":{"self":[{"href":"https:\/\/innocentiemangonipiante.it\/fr\/wp-json\/wp\/v2\/product\/12361","targetHints":{"allow":["GET"]}}],"collection":[{"href":"https:\/\/innocentiemangonipiante.it\/fr\/wp-json\/wp\/v2\/product"}],"about":[{"href":"https:\/\/innocentiemangonipiante.it\/fr\/wp-json\/wp\/v2\/types\/product"}],"wp:featuredmedia":[{"embeddable":true,"href":"https:\/\/innocentiemangonipiante.it\/fr\/wp-json\/wp\/v2\/media\/185"}],"wp:attachment":[{"href":"https:\/\/innocentiemangonipiante.it\/fr\/wp-json\/wp\/v2\/media?parent=12361"}],"wp:term":[{"taxonomy":"product_brand","embeddable":true,"href":"https:\/\/innocentiemangonipiante.it\/fr\/wp-json\/wp\/v2\/product_brand?post=12361"},{"taxonomy":"product_cat","embeddable":true,"href":"https:\/\/innocentiemangonipiante.it\/fr\/wp-json\/wp\/v2\/product_cat?post=12361"},{"taxonomy":"product_tag","embeddable":true,"href":"https:\/\/innocentiemangonipiante.it\/fr\/wp-json\/wp\/v2\/product_tag?post=12361"}],"curies":[{"name":"wp","href":"https:\/\/api.w.org\/{rel}","templated":true}]}}