{"id":12362,"date":"2023-11-03T23:19:29","date_gmt":"2023-11-03T22:19:29","guid":{"rendered":"http:\/\/innocentiemangonipiante.it\/acer-x-freemanii-marmo\/"},"modified":"2023-11-06T13:52:59","modified_gmt":"2023-11-06T12:52:59","slug":"acer-x-freemanii-marmo","status":"publish","type":"product","link":"https:\/\/innocentiemangonipiante.it\/fr\/acer-x-freemanii-marmo\/","title":{"rendered":"ACER x freemanii &lsquo;Marmo&rsquo;"},"content":{"rendered":"<p>Grand arbre aux couleurs d\u2019automne intenses. Ideal pour alignement au bord de route ou sur les parkings \u00f2u un grand developpement et un port \u00e9rig\u00e9 sont requis.<\/p>\n","protected":false},"excerpt":{"rendered":"<p>Grand arbre aux couleurs d\u2019automne intenses. Ideal pour alignement au bord de route ou sur les parkings \u00f2u un grand developpement et un port \u00e9rig\u00e9 sont requis.<\/p>\n","protected":false},"featured_media":503,"template":"","meta":{"_acf_changed":false},"product_brand":[],"product_cat":[8812],"product_tag":[10897,8596,8400],"class_list":{"0":"post-12362","1":"product","2":"type-product","3":"status-publish","4":"has-post-thumbnail","6":"product_cat-arbres-et-arbustes-a-feuilles-caduques","7":"product_tag-naturelle","8":"product_tag-cepee","9":"product_tag-tige","10":"pa_altezza-massima-20-metres","11":"pa_altezza-massima-25-metres","12":"pa_condizionamento-clt-fr","13":"pa_condizionamento-motte","14":"pa_famiglia-aceraceae-fr","15":"pa_genere-acer-fr","16":"pa_inquinamento-resistance-a-la-pollution","17":"pa_origine-origine-delle-piante-u-s-a","18":"pa_portamento-de-colonne","19":"pa_resistenza-climatica-tres-elevee","20":"pa_resistenza-del-suolo-resistant-au-sol-humide","21":"pa_resistenza-del-suolo-resistant-aux-sols-secs","22":"pa_utilizzo-avenues-fr","24":"first","25":"instock","26":"purchasable","27":"product-type-simple"},"acf":[],"_links":{"self":[{"href":"https:\/\/innocentiemangonipiante.it\/fr\/wp-json\/wp\/v2\/product\/12362","targetHints":{"allow":["GET"]}}],"collection":[{"href":"https:\/\/innocentiemangonipiante.it\/fr\/wp-json\/wp\/v2\/product"}],"about":[{"href":"https:\/\/innocentiemangonipiante.it\/fr\/wp-json\/wp\/v2\/types\/product"}],"wp:featuredmedia":[{"embeddable":true,"href":"https:\/\/innocentiemangonipiante.it\/fr\/wp-json\/wp\/v2\/media\/503"}],"wp:attachment":[{"href":"https:\/\/innocentiemangonipiante.it\/fr\/wp-json\/wp\/v2\/media?parent=12362"}],"wp:term":[{"taxonomy":"product_brand","embeddable":true,"href":"https:\/\/innocentiemangonipiante.it\/fr\/wp-json\/wp\/v2\/product_brand?post=12362"},{"taxonomy":"product_cat","embeddable":true,"href":"https:\/\/innocentiemangonipiante.it\/fr\/wp-json\/wp\/v2\/product_cat?post=12362"},{"taxonomy":"product_tag","embeddable":true,"href":"https:\/\/innocentiemangonipiante.it\/fr\/wp-json\/wp\/v2\/product_tag?post=12362"}],"curies":[{"name":"wp","href":"https:\/\/api.w.org\/{rel}","templated":true}]}}