{"id":12366,"date":"2023-11-03T23:19:07","date_gmt":"2023-11-03T22:19:07","guid":{"rendered":"http:\/\/innocentiemangonipiante.it\/acer-x-freemanii-autumn-blaze\/"},"modified":"2023-11-06T13:52:19","modified_gmt":"2023-11-06T12:52:19","slug":"acer-x-freemanii-autumn-blaze","status":"publish","type":"product","link":"https:\/\/innocentiemangonipiante.it\/fr\/acer-x-freemanii-autumn-blaze\/","title":{"rendered":"ACER x freemanii &lsquo;Autumn Blaze&rsquo; \u00ae"},"content":{"rendered":"<p>Arbre caduque \u00e0 grand d\u00e9veloppement. Port droit. Les feuilles, de 3 \u00e0 5 lobes (rappellent celles d&rsquo;un Acer saccharinum) sont d\u2019un vert brillant et, en automne, elles se colorent d\u2019impressionnantes couleurs jauneorange.<\/p>\n","protected":false},"excerpt":{"rendered":"<p>Arbre caduque \u00e0 grand d\u00e9veloppement. Port droit. Les feuilles, de 3 \u00e0 5 lobes (rappellent celles d&rsquo;un Acer saccharinum) sont d\u2019un vert brillant et, en automne, elles se colorent d\u2019impressionnantes couleurs jauneorange.<\/p>\n","protected":false},"featured_media":485,"template":"","meta":{"_acf_changed":false},"product_brand":[],"product_cat":[8812,9230],"product_tag":[10897,8596,8400],"class_list":{"0":"post-12366","1":"product","2":"type-product","3":"status-publish","4":"has-post-thumbnail","6":"product_cat-arbres-et-arbustes-a-feuilles-caduques","7":"product_cat-arbres-et-plantes-du-futur","8":"product_tag-naturelle","9":"product_tag-cepee","10":"product_tag-tige","11":"pa_altezza-massima-20-metres","12":"pa_altezza-massima-25-metres","13":"pa_condizionamento-clt-fr","14":"pa_condizionamento-motte","15":"pa_famiglia-aceraceae-fr","16":"pa_genere-acer-fr","17":"pa_inquinamento-resistance-a-la-pollution","18":"pa_origine-origine-delle-piante-u-s-a","19":"pa_portamento-piramidale-fr","20":"pa_resistenza-climatica-tres-elevee","21":"pa_resistenza-del-suolo-resistant-au-sol-humide","22":"pa_resistenza-del-suolo-resistant-aux-sols-secs","23":"pa_utilizzo-parcs","25":"first","26":"instock","27":"purchasable","28":"product-type-simple"},"acf":[],"_links":{"self":[{"href":"https:\/\/innocentiemangonipiante.it\/fr\/wp-json\/wp\/v2\/product\/12366","targetHints":{"allow":["GET"]}}],"collection":[{"href":"https:\/\/innocentiemangonipiante.it\/fr\/wp-json\/wp\/v2\/product"}],"about":[{"href":"https:\/\/innocentiemangonipiante.it\/fr\/wp-json\/wp\/v2\/types\/product"}],"wp:featuredmedia":[{"embeddable":true,"href":"https:\/\/innocentiemangonipiante.it\/fr\/wp-json\/wp\/v2\/media\/485"}],"wp:attachment":[{"href":"https:\/\/innocentiemangonipiante.it\/fr\/wp-json\/wp\/v2\/media?parent=12366"}],"wp:term":[{"taxonomy":"product_brand","embeddable":true,"href":"https:\/\/innocentiemangonipiante.it\/fr\/wp-json\/wp\/v2\/product_brand?post=12366"},{"taxonomy":"product_cat","embeddable":true,"href":"https:\/\/innocentiemangonipiante.it\/fr\/wp-json\/wp\/v2\/product_cat?post=12366"},{"taxonomy":"product_tag","embeddable":true,"href":"https:\/\/innocentiemangonipiante.it\/fr\/wp-json\/wp\/v2\/product_tag?post=12366"}],"curies":[{"name":"wp","href":"https:\/\/api.w.org\/{rel}","templated":true}]}}