{"id":12368,"date":"2023-11-03T23:07:39","date_gmt":"2023-11-03T22:07:39","guid":{"rendered":"http:\/\/innocentiemangonipiante.it\/acer-campestre-globosum\/"},"modified":"2023-11-06T13:46:31","modified_gmt":"2023-11-06T12:46:31","slug":"acer-campestre-globosum","status":"publish","type":"product","link":"https:\/\/innocentiemangonipiante.it\/fr\/acer-campestre-globosum\/","title":{"rendered":"ACER campestre &lsquo;Globosum&rsquo;"},"content":{"rendered":"<p>\u201cErable champ\u00eatre boule\u201d. Arbre \u00e0 croissance lente, \u00e0 feuilles caduques, la couronne a naturellement une forme ronde compacte tr\u00e8s dense. Les feuilles vertes devient jaune d\u2019or en automne.<\/p>\n","protected":false},"excerpt":{"rendered":"<p>\u201cErable champ\u00eatre boule\u201d. Arbre \u00e0 croissance lente, \u00e0 feuilles caduques, la couronne a naturellement une forme ronde compacte tr\u00e8s dense. Les feuilles vertes devient jaune d\u2019or en automne.<\/p>\n","protected":false},"featured_media":172,"template":"","meta":{"_acf_changed":false},"product_brand":[],"product_cat":[8812],"product_tag":[10897,6265,8400],"class_list":{"0":"post-12368","1":"product","2":"type-product","3":"status-publish","4":"has-post-thumbnail","6":"product_cat-arbres-et-arbustes-a-feuilles-caduques","7":"product_tag-naturelle","8":"product_tag-boule","9":"product_tag-tige","10":"pa_altezza-massima-300-fr-2","11":"pa_altezza-massima-400-fr","12":"pa_condizionamento-clt-fr","13":"pa_condizionamento-motte","14":"pa_famiglia-aceraceae-fr","15":"pa_genere-acer-fr","16":"pa_inquinamento-resistance-a-la-pollution","17":"pa_origine-europe-du-nord-fr-2","18":"pa_portamento-arrondi","19":"pa_resistenza-climatica-tres-elevee","20":"pa_resistenza-del-suolo-resistant-aux-sols-calcaires","21":"pa_resistenza-del-suolo-resistant-aux-sols-pauvres","22":"pa_resistenza-del-suolo-resistant-aux-sols-secs","23":"pa_salinita-resistance-a-la-salinisation","24":"pa_utilizzo-avenues-fr","25":"pa_utilizzo-parcs","26":"pa_utilizzo-petits-jardins","28":"first","29":"instock","30":"purchasable","31":"product-type-simple"},"acf":[],"_links":{"self":[{"href":"https:\/\/innocentiemangonipiante.it\/fr\/wp-json\/wp\/v2\/product\/12368","targetHints":{"allow":["GET"]}}],"collection":[{"href":"https:\/\/innocentiemangonipiante.it\/fr\/wp-json\/wp\/v2\/product"}],"about":[{"href":"https:\/\/innocentiemangonipiante.it\/fr\/wp-json\/wp\/v2\/types\/product"}],"wp:featuredmedia":[{"embeddable":true,"href":"https:\/\/innocentiemangonipiante.it\/fr\/wp-json\/wp\/v2\/media\/172"}],"wp:attachment":[{"href":"https:\/\/innocentiemangonipiante.it\/fr\/wp-json\/wp\/v2\/media?parent=12368"}],"wp:term":[{"taxonomy":"product_brand","embeddable":true,"href":"https:\/\/innocentiemangonipiante.it\/fr\/wp-json\/wp\/v2\/product_brand?post=12368"},{"taxonomy":"product_cat","embeddable":true,"href":"https:\/\/innocentiemangonipiante.it\/fr\/wp-json\/wp\/v2\/product_cat?post=12368"},{"taxonomy":"product_tag","embeddable":true,"href":"https:\/\/innocentiemangonipiante.it\/fr\/wp-json\/wp\/v2\/product_tag?post=12368"}],"curies":[{"name":"wp","href":"https:\/\/api.w.org\/{rel}","templated":true}]}}