{"id":12370,"date":"2023-11-03T23:07:20","date_gmt":"2023-11-03T22:07:20","guid":{"rendered":"http:\/\/innocentiemangonipiante.it\/acer-campestre\/"},"modified":"2023-11-06T13:46:20","modified_gmt":"2023-11-06T12:46:20","slug":"acer-campestre","status":"publish","type":"product","link":"https:\/\/innocentiemangonipiante.it\/fr\/acer-campestre\/","title":{"rendered":"ACER campestre"},"content":{"rendered":"<p>\u201cErable champ\u00eatre\u201d. Arbre \u00e0 petites feuilles trilobes, de couleur verte qui devient jaune d\u2019or en automne tres adapt\u00e9 \u00e1 la platation urbaine. Il supporte tous terrains m\u00eame secs et calcaires.<\/p>\n","protected":false},"excerpt":{"rendered":"<p>\u201cErable champ\u00eatre\u201d. Arbre \u00e0 petites feuilles trilobes, de couleur verte qui devient jaune d\u2019or en automne tres adapt\u00e9 \u00e1 la platation urbaine. Il supporte tous terrains m\u00eame secs et calcaires.<\/p>\n","protected":false},"featured_media":159,"template":"","meta":{"_acf_changed":false},"product_brand":[],"product_cat":[8812,9230],"product_tag":[10897,8596,8400,8424],"class_list":{"0":"post-12370","1":"product","2":"type-product","3":"status-publish","4":"has-post-thumbnail","6":"product_cat-arbres-et-arbustes-a-feuilles-caduques","7":"product_cat-arbres-et-plantes-du-futur","8":"product_tag-naturelle","9":"product_tag-cepee","10":"product_tag-tige","11":"product_tag-tige-espalier","12":"pa_altezza-massima-1000-fr-2","13":"pa_altezza-massima-15-metres","14":"pa_condizionamento-clt-fr","15":"pa_condizionamento-vs-fr","16":"pa_condizionamento-motte","17":"pa_famiglia-aceraceae-fr","18":"pa_genere-acer-fr","19":"pa_inquinamento-resistance-a-la-pollution","20":"pa_origine-asie","21":"pa_portamento-arrondi","22":"pa_resistenza-climatica-tres-elevee","23":"pa_resistenza-del-suolo-resistant-aux-sols-calcaires","24":"pa_resistenza-del-suolo-resistant-aux-sols-pauvres","25":"pa_resistenza-del-suolo-resistant-aux-sols-secs","26":"pa_salinita-resistance-a-la-salinisation","27":"pa_utilizzo-avenues-fr","28":"pa_utilizzo-parcs","30":"first","31":"instock","32":"purchasable","33":"product-type-simple"},"acf":[],"_links":{"self":[{"href":"https:\/\/innocentiemangonipiante.it\/fr\/wp-json\/wp\/v2\/product\/12370","targetHints":{"allow":["GET"]}}],"collection":[{"href":"https:\/\/innocentiemangonipiante.it\/fr\/wp-json\/wp\/v2\/product"}],"about":[{"href":"https:\/\/innocentiemangonipiante.it\/fr\/wp-json\/wp\/v2\/types\/product"}],"wp:featuredmedia":[{"embeddable":true,"href":"https:\/\/innocentiemangonipiante.it\/fr\/wp-json\/wp\/v2\/media\/159"}],"wp:attachment":[{"href":"https:\/\/innocentiemangonipiante.it\/fr\/wp-json\/wp\/v2\/media?parent=12370"}],"wp:term":[{"taxonomy":"product_brand","embeddable":true,"href":"https:\/\/innocentiemangonipiante.it\/fr\/wp-json\/wp\/v2\/product_brand?post=12370"},{"taxonomy":"product_cat","embeddable":true,"href":"https:\/\/innocentiemangonipiante.it\/fr\/wp-json\/wp\/v2\/product_cat?post=12370"},{"taxonomy":"product_tag","embeddable":true,"href":"https:\/\/innocentiemangonipiante.it\/fr\/wp-json\/wp\/v2\/product_tag?post=12370"}],"curies":[{"name":"wp","href":"https:\/\/api.w.org\/{rel}","templated":true}]}}