{"id":12371,"date":"2023-11-03T23:07:06","date_gmt":"2023-11-03T22:07:06","guid":{"rendered":"http:\/\/innocentiemangonipiante.it\/acer-buergerianum\/"},"modified":"2023-11-06T13:46:12","modified_gmt":"2023-11-06T12:46:12","slug":"acer-buergerianum","status":"publish","type":"product","link":"https:\/\/innocentiemangonipiante.it\/fr\/acer-buergerianum\/","title":{"rendered":"ACER buergerianum"},"content":{"rendered":"<p>Arbre \u00e0 feuilles caduques, avec feuillage brillant, trilob\u00e9, de couleur vert fonc\u00e9. Resistent \u00e0 la pollution dispose d\u2019un tronc se desauament en plaques, qui devient orange et rouge en automne.<\/p>\n","protected":false},"excerpt":{"rendered":"<p>Arbre \u00e0 feuilles caduques, avec feuillage brillant, trilob\u00e9, de couleur vert fonc\u00e9. Resistent \u00e0 la pollution dispose d\u2019un tronc se desauament en plaques, qui devient orange et rouge en automne.<\/p>\n","protected":false},"featured_media":153,"template":"","meta":{"_acf_changed":false},"product_brand":[],"product_cat":[8812,9230],"product_tag":[10897,8596,8400],"class_list":{"0":"post-12371","1":"product","2":"type-product","3":"status-publish","4":"has-post-thumbnail","6":"product_cat-arbres-et-arbustes-a-feuilles-caduques","7":"product_cat-arbres-et-plantes-du-futur","8":"product_tag-naturelle","9":"product_tag-cepee","10":"product_tag-tige","11":"pa_altezza-massima-800-fr","12":"pa_altezza-massima-1000-fr-2","13":"pa_condizionamento-clt-fr","14":"pa_condizionamento-motte","15":"pa_famiglia-aceraceae-fr","16":"pa_genere-acer-fr","17":"pa_inquinamento-resistance-a-la-pollution","18":"pa_origine-chine","19":"pa_origine-coree-fr","20":"pa_portamento-arrondi","21":"pa_resistenza-climatica-tres-elevee","22":"pa_resistenza-del-suolo-resistant-aux-sols-secs","23":"pa_utilizzo-parcs","24":"pa_utilizzo-petits-jardins","26":"first","27":"instock","28":"purchasable","29":"product-type-simple"},"acf":[],"_links":{"self":[{"href":"https:\/\/innocentiemangonipiante.it\/fr\/wp-json\/wp\/v2\/product\/12371","targetHints":{"allow":["GET"]}}],"collection":[{"href":"https:\/\/innocentiemangonipiante.it\/fr\/wp-json\/wp\/v2\/product"}],"about":[{"href":"https:\/\/innocentiemangonipiante.it\/fr\/wp-json\/wp\/v2\/types\/product"}],"wp:featuredmedia":[{"embeddable":true,"href":"https:\/\/innocentiemangonipiante.it\/fr\/wp-json\/wp\/v2\/media\/153"}],"wp:attachment":[{"href":"https:\/\/innocentiemangonipiante.it\/fr\/wp-json\/wp\/v2\/media?parent=12371"}],"wp:term":[{"taxonomy":"product_brand","embeddable":true,"href":"https:\/\/innocentiemangonipiante.it\/fr\/wp-json\/wp\/v2\/product_brand?post=12371"},{"taxonomy":"product_cat","embeddable":true,"href":"https:\/\/innocentiemangonipiante.it\/fr\/wp-json\/wp\/v2\/product_cat?post=12371"},{"taxonomy":"product_tag","embeddable":true,"href":"https:\/\/innocentiemangonipiante.it\/fr\/wp-json\/wp\/v2\/product_tag?post=12371"}],"curies":[{"name":"wp","href":"https:\/\/api.w.org\/{rel}","templated":true}]}}