{"id":12373,"date":"2023-11-03T23:19:41","date_gmt":"2023-11-03T22:19:41","guid":{"rendered":"http:\/\/innocentiemangonipiante.it\/acer-x-zoeschense-annae\/"},"modified":"2023-11-06T13:53:03","modified_gmt":"2023-11-06T12:53:03","slug":"acer-x-zoeschense-annae","status":"publish","type":"product","link":"https:\/\/innocentiemangonipiante.it\/fr\/acer-x-zoeschense-annae\/","title":{"rendered":"ACER x zoeschense &lsquo;Annae&rsquo;"},"content":{"rendered":"<p>Arbuste ou petit arbre \u00e0 feuillage caduc. Feuilles avec 5 lobes de couleur vert brillant en \u00e9t\u00e9 et apr\u00e8s virant au jaune, rouge, pourpre \u00e0 l\u2019automne.<\/p>\n","protected":false},"excerpt":{"rendered":"<p>Arbuste ou petit arbre \u00e0 feuillage caduc. Feuilles avec 5 lobes de couleur vert brillant en \u00e9t\u00e9 et apr\u00e8s virant au jaune, rouge, pourpre \u00e0 l\u2019automne.<\/p>\n","protected":false},"featured_media":509,"template":"","meta":{"_acf_changed":false},"product_brand":[],"product_cat":[8812],"product_tag":[10897,8400],"class_list":{"0":"post-12373","1":"product","2":"type-product","3":"status-publish","4":"has-post-thumbnail","6":"product_cat-arbres-et-arbustes-a-feuilles-caduques","7":"product_tag-naturelle","8":"product_tag-tige","9":"pa_altezza-massima-1000-fr-2","10":"pa_altezza-massima-15-metres","11":"pa_condizionamento-motte","12":"pa_famiglia-aceraceae-fr","13":"pa_genere-acer-fr","14":"pa_inquinamento-resistance-a-la-pollution","15":"pa_origine-allemagne","16":"pa_portamento-arrondi","17":"pa_resistenza-climatica-tres-elevee","18":"pa_resistenza-del-suolo-resistant-aux-sols-calcaires","19":"pa_resistenza-del-suolo-resistant-aux-sols-secs","20":"pa_utilizzo-parcs","21":"pa_utilizzo-petits-jardins","23":"first","24":"instock","25":"purchasable","26":"product-type-simple"},"acf":[],"_links":{"self":[{"href":"https:\/\/innocentiemangonipiante.it\/fr\/wp-json\/wp\/v2\/product\/12373","targetHints":{"allow":["GET"]}}],"collection":[{"href":"https:\/\/innocentiemangonipiante.it\/fr\/wp-json\/wp\/v2\/product"}],"about":[{"href":"https:\/\/innocentiemangonipiante.it\/fr\/wp-json\/wp\/v2\/types\/product"}],"wp:featuredmedia":[{"embeddable":true,"href":"https:\/\/innocentiemangonipiante.it\/fr\/wp-json\/wp\/v2\/media\/509"}],"wp:attachment":[{"href":"https:\/\/innocentiemangonipiante.it\/fr\/wp-json\/wp\/v2\/media?parent=12373"}],"wp:term":[{"taxonomy":"product_brand","embeddable":true,"href":"https:\/\/innocentiemangonipiante.it\/fr\/wp-json\/wp\/v2\/product_brand?post=12373"},{"taxonomy":"product_cat","embeddable":true,"href":"https:\/\/innocentiemangonipiante.it\/fr\/wp-json\/wp\/v2\/product_cat?post=12373"},{"taxonomy":"product_tag","embeddable":true,"href":"https:\/\/innocentiemangonipiante.it\/fr\/wp-json\/wp\/v2\/product_tag?post=12373"}],"curies":[{"name":"wp","href":"https:\/\/api.w.org\/{rel}","templated":true}]}}