{"id":12376,"date":"2023-11-03T23:18:13","date_gmt":"2023-11-03T22:18:13","guid":{"rendered":"http:\/\/innocentiemangonipiante.it\/acer-saccharinum\/"},"modified":"2023-11-06T13:51:59","modified_gmt":"2023-11-06T12:51:59","slug":"acer-saccharinum","status":"publish","type":"product","link":"https:\/\/innocentiemangonipiante.it\/fr\/acer-saccharinum\/","title":{"rendered":"ACER saccharinum"},"content":{"rendered":"<p>Grand arbre caduque au port droit. L\u2019\u00e9corce est de couleur grise-brune. Les feuilles sont oppos\u00e9es de 3-5 lobes, longues 8-12 cm, de couleur vert moyen et se colorent d\u2019orange rouge en automne. Il s\u2019adapte bien aux terrains humides. Il a besoin de place et supporte mal d\u2019\u00eatre \u00e9lagu\u00e9.<\/p>\n","protected":false},"excerpt":{"rendered":"<p>Grand arbre caduque au port droit. L\u2019\u00e9corce est de couleur grise-brune. Les feuilles sont oppos\u00e9es de 3-5 lobes, longues 8-12 cm, de couleur vert moyen et se colorent d\u2019orange rouge en automne. Il s\u2019adapte bien aux terrains humides. Il a besoin de place et supporte mal d\u2019\u00eatre \u00e9lagu\u00e9.<\/p>\n","protected":false},"featured_media":448,"template":"","meta":{"_acf_changed":false},"product_brand":[],"product_cat":[8812],"product_tag":[10897],"class_list":{"0":"post-12376","1":"product","2":"type-product","3":"status-publish","4":"has-post-thumbnail","6":"product_cat-arbres-et-arbustes-a-feuilles-caduques","7":"product_tag-naturelle","8":"pa_altezza-massima-20-metres","9":"pa_altezza-massima-30-metres","10":"pa_famiglia-aceraceae-fr","11":"pa_genere-acer-fr","12":"pa_inquinamento-resistance-a-la-pollution","13":"pa_origine-origine-delle-piante-u-s-a","14":"pa_portamento-arrondi","15":"pa_resistenza-climatica-tres-elevee","16":"pa_resistenza-del-suolo-resistant-au-sol-humide","17":"pa_resistenza-del-suolo-resistant-aux-sols-pauvres","18":"pa_resistenza-del-suolo-resistant-aux-sols-secs","19":"pa_salinita-resistance-a-la-salinisation","20":"pa_utilizzo-parcs","22":"first","23":"instock","24":"purchasable","25":"product-type-simple"},"acf":[],"_links":{"self":[{"href":"https:\/\/innocentiemangonipiante.it\/fr\/wp-json\/wp\/v2\/product\/12376","targetHints":{"allow":["GET"]}}],"collection":[{"href":"https:\/\/innocentiemangonipiante.it\/fr\/wp-json\/wp\/v2\/product"}],"about":[{"href":"https:\/\/innocentiemangonipiante.it\/fr\/wp-json\/wp\/v2\/types\/product"}],"wp:featuredmedia":[{"embeddable":true,"href":"https:\/\/innocentiemangonipiante.it\/fr\/wp-json\/wp\/v2\/media\/448"}],"wp:attachment":[{"href":"https:\/\/innocentiemangonipiante.it\/fr\/wp-json\/wp\/v2\/media?parent=12376"}],"wp:term":[{"taxonomy":"product_brand","embeddable":true,"href":"https:\/\/innocentiemangonipiante.it\/fr\/wp-json\/wp\/v2\/product_brand?post=12376"},{"taxonomy":"product_cat","embeddable":true,"href":"https:\/\/innocentiemangonipiante.it\/fr\/wp-json\/wp\/v2\/product_cat?post=12376"},{"taxonomy":"product_tag","embeddable":true,"href":"https:\/\/innocentiemangonipiante.it\/fr\/wp-json\/wp\/v2\/product_tag?post=12376"}],"curies":[{"name":"wp","href":"https:\/\/api.w.org\/{rel}","templated":true}]}}