{"id":12378,"date":"2023-11-03T23:17:48","date_gmt":"2023-11-03T22:17:48","guid":{"rendered":"http:\/\/innocentiemangonipiante.it\/acer-rubrum-red-sunset\/"},"modified":"2023-11-06T13:51:49","modified_gmt":"2023-11-06T12:51:49","slug":"acer-rubrum-red-sunset","status":"publish","type":"product","link":"https:\/\/innocentiemangonipiante.it\/fr\/acer-rubrum-red-sunset\/","title":{"rendered":"ACER rubrum &lsquo;Red Sunset&rsquo; \u00ae"},"content":{"rendered":"<p>Feuillage vert fonc\u00e8 brillant qui vire \u00e0 l\u2019orange-rouge en automne. Croissance rapide, Port \u00e9rig\u00e9 en jeune \u00e2ge, puis de forme ovale avec branches ascendentes. Resistent \u00e0 basse temp\u00e9rature.<\/p>\n","protected":false},"excerpt":{"rendered":"<p>Feuillage vert fonc\u00e8 brillant qui vire \u00e0 l\u2019orange-rouge en automne. Croissance rapide, Port \u00e9rig\u00e9 en jeune \u00e2ge, puis de forme ovale avec branches ascendentes. Resistent \u00e0 basse temp\u00e9rature.<\/p>\n","protected":false},"featured_media":430,"template":"","meta":{"_acf_changed":false},"product_brand":[],"product_cat":[8812],"product_tag":[10897,8596,8400],"class_list":{"0":"post-12378","1":"product","2":"type-product","3":"status-publish","4":"has-post-thumbnail","6":"product_cat-arbres-et-arbustes-a-feuilles-caduques","7":"product_tag-naturelle","8":"product_tag-cepee","9":"product_tag-tige","10":"pa_altezza-massima-1000-fr-2","11":"pa_altezza-massima-15-metres","12":"pa_condizionamento-clt-fr","13":"pa_condizionamento-motte","14":"pa_famiglia-aceraceae-fr","15":"pa_genere-acer-fr","16":"pa_inquinamento-resistance-a-la-pollution","17":"pa_origine-origine-delle-piante-u-s-a","18":"pa_portamento-arrondi","19":"pa_resistenza-climatica-tres-elevee","20":"pa_resistenza-del-suolo-resistant-au-sol-humide","21":"pa_resistenza-del-suolo-resistant-aux-sols-calcaires","22":"pa_utilizzo-parcs","23":"pa_utilizzo-petits-jardins","25":"first","26":"instock","27":"purchasable","28":"product-type-simple"},"acf":[],"_links":{"self":[{"href":"https:\/\/innocentiemangonipiante.it\/fr\/wp-json\/wp\/v2\/product\/12378","targetHints":{"allow":["GET"]}}],"collection":[{"href":"https:\/\/innocentiemangonipiante.it\/fr\/wp-json\/wp\/v2\/product"}],"about":[{"href":"https:\/\/innocentiemangonipiante.it\/fr\/wp-json\/wp\/v2\/types\/product"}],"wp:featuredmedia":[{"embeddable":true,"href":"https:\/\/innocentiemangonipiante.it\/fr\/wp-json\/wp\/v2\/media\/430"}],"wp:attachment":[{"href":"https:\/\/innocentiemangonipiante.it\/fr\/wp-json\/wp\/v2\/media?parent=12378"}],"wp:term":[{"taxonomy":"product_brand","embeddable":true,"href":"https:\/\/innocentiemangonipiante.it\/fr\/wp-json\/wp\/v2\/product_brand?post=12378"},{"taxonomy":"product_cat","embeddable":true,"href":"https:\/\/innocentiemangonipiante.it\/fr\/wp-json\/wp\/v2\/product_cat?post=12378"},{"taxonomy":"product_tag","embeddable":true,"href":"https:\/\/innocentiemangonipiante.it\/fr\/wp-json\/wp\/v2\/product_tag?post=12378"}],"curies":[{"name":"wp","href":"https:\/\/api.w.org\/{rel}","templated":true}]}}