{"id":12379,"date":"2023-11-03T23:17:42","date_gmt":"2023-11-03T22:17:42","guid":{"rendered":"http:\/\/innocentiemangonipiante.it\/acer-rubrum-october-glory\/"},"modified":"2023-11-06T13:51:46","modified_gmt":"2023-11-06T12:51:46","slug":"acer-rubrum-october-glory","status":"publish","type":"product","link":"https:\/\/innocentiemangonipiante.it\/fr\/acer-rubrum-october-glory\/","title":{"rendered":"ACER rubrum &lsquo;October Glory&rsquo; \u00ae"},"content":{"rendered":"<p>Arbre \u00e0 feuilles caduques de taille moyenne. Port de colonnaire \u00e0 ample irr\u00e9gulier au fil des ann\u00e9es. Les feuilles de 3 \u00e0 5 lobes vont de 6 \u00e0 10 cm de longueur et sont de couleur vert brillant. Couleur d\u2019automne allant de l\u2019orange au rouge lumineux. Les sols argileux ou trop lourds sont d\u00e9conseill\u00e9s.<\/p>\n","protected":false},"excerpt":{"rendered":"<p>Arbre \u00e0 feuilles caduques de taille moyenne. Port de colonnaire \u00e0 ample irr\u00e9gulier au fil des ann\u00e9es. Les feuilles de 3 \u00e0 5 lobes vont de 6 \u00e0 10 cm de longueur et sont de couleur vert brillant. Couleur d\u2019automne allant de l\u2019orange au rouge lumineux. Les sols argileux ou trop lourds sont d\u00e9conseill\u00e9s.<\/p>\n","protected":false},"featured_media":424,"template":"","meta":{"_acf_changed":false},"product_brand":[],"product_cat":[8812],"product_tag":[10897,8596,8400],"class_list":{"0":"post-12379","1":"product","2":"type-product","3":"status-publish","4":"has-post-thumbnail","6":"product_cat-arbres-et-arbustes-a-feuilles-caduques","7":"product_tag-naturelle","8":"product_tag-cepee","9":"product_tag-tige","10":"pa_altezza-massima-1000-fr-2","11":"pa_altezza-massima-15-metres","12":"pa_condizionamento-clt-fr","13":"pa_condizionamento-vs-fr","14":"pa_condizionamento-motte","15":"pa_famiglia-aceraceae-fr","16":"pa_genere-acer-fr","17":"pa_inquinamento-resistance-a-la-pollution","18":"pa_origine-origine-delle-piante-u-s-a","19":"pa_portamento-arrondi","20":"pa_resistenza-climatica-tres-elevee","21":"pa_resistenza-del-suolo-resistant-aux-sols-secs","22":"pa_salinita-resistance-a-la-salinisation","23":"pa_utilizzo-parcs","24":"pa_utilizzo-petits-jardins","26":"first","27":"instock","28":"purchasable","29":"product-type-simple"},"acf":[],"_links":{"self":[{"href":"https:\/\/innocentiemangonipiante.it\/fr\/wp-json\/wp\/v2\/product\/12379","targetHints":{"allow":["GET"]}}],"collection":[{"href":"https:\/\/innocentiemangonipiante.it\/fr\/wp-json\/wp\/v2\/product"}],"about":[{"href":"https:\/\/innocentiemangonipiante.it\/fr\/wp-json\/wp\/v2\/types\/product"}],"wp:featuredmedia":[{"embeddable":true,"href":"https:\/\/innocentiemangonipiante.it\/fr\/wp-json\/wp\/v2\/media\/424"}],"wp:attachment":[{"href":"https:\/\/innocentiemangonipiante.it\/fr\/wp-json\/wp\/v2\/media?parent=12379"}],"wp:term":[{"taxonomy":"product_brand","embeddable":true,"href":"https:\/\/innocentiemangonipiante.it\/fr\/wp-json\/wp\/v2\/product_brand?post=12379"},{"taxonomy":"product_cat","embeddable":true,"href":"https:\/\/innocentiemangonipiante.it\/fr\/wp-json\/wp\/v2\/product_cat?post=12379"},{"taxonomy":"product_tag","embeddable":true,"href":"https:\/\/innocentiemangonipiante.it\/fr\/wp-json\/wp\/v2\/product_tag?post=12379"}],"curies":[{"name":"wp","href":"https:\/\/api.w.org\/{rel}","templated":true}]}}