{"id":12381,"date":"2023-11-03T23:17:16","date_gmt":"2023-11-03T22:17:16","guid":{"rendered":"http:\/\/innocentiemangonipiante.it\/acer-rubrum-brandywine\/"},"modified":"2023-11-06T13:51:34","modified_gmt":"2023-11-06T12:51:34","slug":"acer-rubrum-brandywine","status":"publish","type":"product","link":"https:\/\/innocentiemangonipiante.it\/fr\/acer-rubrum-brandywine\/","title":{"rendered":"ACER rubrum &lsquo;Brandywine&rsquo;"},"content":{"rendered":"<p>Arbre de taille moyenne avec feuillage vert fonc\u00e9, en automne couleur rouge fonc\u00e9. Adapte \u00e0 diverses conditions du sol.<\/p>\n","protected":false},"excerpt":{"rendered":"<p>Arbre de taille moyenne avec feuillage vert fonc\u00e9, en automne couleur rouge fonc\u00e9. Adapte \u00e0 diverses conditions du sol.<\/p>\n","protected":false},"featured_media":405,"template":"","meta":{"_acf_changed":false},"product_brand":[],"product_cat":[8812],"product_tag":[10897,8596,8400],"class_list":{"0":"post-12381","1":"product","2":"type-product","3":"status-publish","4":"has-post-thumbnail","6":"product_cat-arbres-et-arbustes-a-feuilles-caduques","7":"product_tag-naturelle","8":"product_tag-cepee","9":"product_tag-tige","10":"pa_altezza-massima-1000-fr-2","11":"pa_altezza-massima-15-metres","12":"pa_condizionamento-clt-fr","13":"pa_condizionamento-motte","14":"pa_famiglia-aceraceae-fr","15":"pa_genere-acer-fr","16":"pa_inquinamento-resistance-a-la-pollution","17":"pa_origine-origine-delle-piante-u-s-a","18":"pa_portamento-arrondi","19":"pa_resistenza-climatica-tres-elevee","20":"pa_resistenza-del-suolo-resistant-au-sol-humide","21":"pa_resistenza-del-suolo-resistant-aux-sols-calcaires","22":"pa_utilizzo-parcs","24":"first","25":"instock","26":"purchasable","27":"product-type-simple"},"acf":[],"_links":{"self":[{"href":"https:\/\/innocentiemangonipiante.it\/fr\/wp-json\/wp\/v2\/product\/12381","targetHints":{"allow":["GET"]}}],"collection":[{"href":"https:\/\/innocentiemangonipiante.it\/fr\/wp-json\/wp\/v2\/product"}],"about":[{"href":"https:\/\/innocentiemangonipiante.it\/fr\/wp-json\/wp\/v2\/types\/product"}],"wp:featuredmedia":[{"embeddable":true,"href":"https:\/\/innocentiemangonipiante.it\/fr\/wp-json\/wp\/v2\/media\/405"}],"wp:attachment":[{"href":"https:\/\/innocentiemangonipiante.it\/fr\/wp-json\/wp\/v2\/media?parent=12381"}],"wp:term":[{"taxonomy":"product_brand","embeddable":true,"href":"https:\/\/innocentiemangonipiante.it\/fr\/wp-json\/wp\/v2\/product_brand?post=12381"},{"taxonomy":"product_cat","embeddable":true,"href":"https:\/\/innocentiemangonipiante.it\/fr\/wp-json\/wp\/v2\/product_cat?post=12381"},{"taxonomy":"product_tag","embeddable":true,"href":"https:\/\/innocentiemangonipiante.it\/fr\/wp-json\/wp\/v2\/product_tag?post=12381"}],"curies":[{"name":"wp","href":"https:\/\/api.w.org\/{rel}","templated":true}]}}