{"id":12383,"date":"2023-11-03T23:17:10","date_gmt":"2023-11-03T22:17:10","guid":{"rendered":"http:\/\/innocentiemangonipiante.it\/acer-rubrum\/"},"modified":"2023-11-06T13:51:32","modified_gmt":"2023-11-06T12:51:32","slug":"acer-rubrum","status":"publish","type":"product","link":"https:\/\/innocentiemangonipiante.it\/fr\/acer-rubrum\/","title":{"rendered":"ACER rubrum"},"content":{"rendered":"<p>Arbre caduc avec couronne arrondie et \u00e9largie, feuilles ov\u00e9es avec 3-5 lobes, de couleur vert fonc\u00e9 jusqu\u2019\u00e0 10 cm de largeur et blanc-bleu sur la page inf\u00e9rieure. Belle coloration rouge vif \u00e0 l\u2019automne.<\/p>\n","protected":false},"excerpt":{"rendered":"<p>Arbre caduc avec couronne arrondie et \u00e9largie, feuilles ov\u00e9es avec 3-5 lobes, de couleur vert fonc\u00e9 jusqu\u2019\u00e0 10 cm de largeur et blanc-bleu sur la page inf\u00e9rieure. Belle coloration rouge vif \u00e0 l\u2019automne.<\/p>\n","protected":false},"featured_media":399,"template":"","meta":{"_acf_changed":false},"product_brand":[],"product_cat":[8812,9230],"product_tag":[10897,8596,8400],"class_list":{"0":"post-12383","1":"product","2":"type-product","3":"status-publish","4":"has-post-thumbnail","6":"product_cat-arbres-et-arbustes-a-feuilles-caduques","7":"product_cat-arbres-et-plantes-du-futur","8":"product_tag-naturelle","9":"product_tag-cepee","10":"product_tag-tige","11":"pa_altezza-massima-15-metres","12":"pa_altezza-massima-20-metres","13":"pa_condizionamento-clt-fr","14":"pa_condizionamento-motte","15":"pa_famiglia-aceraceae-fr","16":"pa_genere-acer-fr","17":"pa_inquinamento-resistance-a-la-pollution","18":"pa_origine-origine-delle-piante-u-s-a","19":"pa_portamento-arrondi","20":"pa_resistenza-climatica-tres-elevee","21":"pa_resistenza-del-suolo-resistant-aux-sols-secs","22":"pa_salinita-resistance-a-la-salinisation","23":"pa_utilizzo-avenues-fr","24":"pa_utilizzo-parcs","26":"first","27":"instock","28":"purchasable","29":"product-type-simple"},"acf":[],"_links":{"self":[{"href":"https:\/\/innocentiemangonipiante.it\/fr\/wp-json\/wp\/v2\/product\/12383","targetHints":{"allow":["GET"]}}],"collection":[{"href":"https:\/\/innocentiemangonipiante.it\/fr\/wp-json\/wp\/v2\/product"}],"about":[{"href":"https:\/\/innocentiemangonipiante.it\/fr\/wp-json\/wp\/v2\/types\/product"}],"wp:featuredmedia":[{"embeddable":true,"href":"https:\/\/innocentiemangonipiante.it\/fr\/wp-json\/wp\/v2\/media\/399"}],"wp:attachment":[{"href":"https:\/\/innocentiemangonipiante.it\/fr\/wp-json\/wp\/v2\/media?parent=12383"}],"wp:term":[{"taxonomy":"product_brand","embeddable":true,"href":"https:\/\/innocentiemangonipiante.it\/fr\/wp-json\/wp\/v2\/product_brand?post=12383"},{"taxonomy":"product_cat","embeddable":true,"href":"https:\/\/innocentiemangonipiante.it\/fr\/wp-json\/wp\/v2\/product_cat?post=12383"},{"taxonomy":"product_tag","embeddable":true,"href":"https:\/\/innocentiemangonipiante.it\/fr\/wp-json\/wp\/v2\/product_tag?post=12383"}],"curies":[{"name":"wp","href":"https:\/\/api.w.org\/{rel}","templated":true}]}}