{"id":12385,"date":"2023-11-03T23:16:57","date_gmt":"2023-11-03T22:16:57","guid":{"rendered":"http:\/\/innocentiemangonipiante.it\/acer-pseudoplatanus-atropurpureum\/"},"modified":"2023-11-06T13:51:27","modified_gmt":"2023-11-06T12:51:27","slug":"acer-pseudoplatanus-atropurpureum","status":"publish","type":"product","link":"https:\/\/innocentiemangonipiante.it\/fr\/acer-pseudoplatanus-atropurpureum\/","title":{"rendered":"ACER pseudoplatanus &lsquo;Atropurpureum&rsquo;"},"content":{"rendered":"<p>Feuilles vert fonc\u00e9 avec page inf\u00e9rieure de couleur rouge pourpre fonc\u00e9. P\u00e9tioles rouges.<\/p>\n","protected":false},"excerpt":{"rendered":"<p>Feuilles vert fonc\u00e9 avec page inf\u00e9rieure de couleur rouge pourpre fonc\u00e9. P\u00e9tioles rouges.<\/p>\n","protected":false},"featured_media":387,"template":"","meta":{"_acf_changed":false},"product_brand":[],"product_cat":[8812],"product_tag":[10897,8400],"class_list":{"0":"post-12385","1":"product","2":"type-product","3":"status-publish","4":"has-post-thumbnail","6":"product_cat-arbres-et-arbustes-a-feuilles-caduques","7":"product_tag-naturelle","8":"product_tag-tige","9":"pa_altezza-massima-20-metres","10":"pa_altezza-massima-30-metres","11":"pa_colore-delle-foglie-rouge","12":"pa_condizionamento-motte","13":"pa_famiglia-aceraceae-fr","14":"pa_genere-acer-fr","15":"pa_inquinamento-resistance-a-la-pollution","16":"pa_origine-allemagne","17":"pa_portamento-piramidale-fr","18":"pa_resistenza-climatica-tres-elevee","19":"pa_resistenza-del-suolo-resistant-au-sol-humide","20":"pa_resistenza-del-suolo-resistant-aux-sols-calcaires","21":"pa_resistenza-del-suolo-resistant-aux-sols-secs","22":"pa_salinita-resistance-a-la-salinisation","23":"pa_utilizzo-avenues-fr","24":"pa_utilizzo-parcs","26":"first","27":"instock","28":"purchasable","29":"product-type-simple"},"acf":[],"_links":{"self":[{"href":"https:\/\/innocentiemangonipiante.it\/fr\/wp-json\/wp\/v2\/product\/12385","targetHints":{"allow":["GET"]}}],"collection":[{"href":"https:\/\/innocentiemangonipiante.it\/fr\/wp-json\/wp\/v2\/product"}],"about":[{"href":"https:\/\/innocentiemangonipiante.it\/fr\/wp-json\/wp\/v2\/types\/product"}],"wp:featuredmedia":[{"embeddable":true,"href":"https:\/\/innocentiemangonipiante.it\/fr\/wp-json\/wp\/v2\/media\/387"}],"wp:attachment":[{"href":"https:\/\/innocentiemangonipiante.it\/fr\/wp-json\/wp\/v2\/media?parent=12385"}],"wp:term":[{"taxonomy":"product_brand","embeddable":true,"href":"https:\/\/innocentiemangonipiante.it\/fr\/wp-json\/wp\/v2\/product_brand?post=12385"},{"taxonomy":"product_cat","embeddable":true,"href":"https:\/\/innocentiemangonipiante.it\/fr\/wp-json\/wp\/v2\/product_cat?post=12385"},{"taxonomy":"product_tag","embeddable":true,"href":"https:\/\/innocentiemangonipiante.it\/fr\/wp-json\/wp\/v2\/product_tag?post=12385"}],"curies":[{"name":"wp","href":"https:\/\/api.w.org\/{rel}","templated":true}]}}