{"id":12386,"date":"2023-11-03T23:16:49","date_gmt":"2023-11-03T22:16:49","guid":{"rendered":"http:\/\/innocentiemangonipiante.it\/acer-pseudoplatanus\/"},"modified":"2023-11-06T13:51:24","modified_gmt":"2023-11-06T12:51:24","slug":"acer-pseudoplatanus","status":"publish","type":"product","link":"https:\/\/innocentiemangonipiante.it\/fr\/acer-pseudoplatanus\/","title":{"rendered":"ACER pseudoplatanus"},"content":{"rendered":"<p>\u201cErable sycomore\u201d. Arbre \u00e0 feuilles caduques \u00e0 grand d\u00e9veloppement et port ample. Les feuilles sont ov\u00e9es \u00e0 5 lobes de couleur vert sombre. Il produit des fleurs de couleur vert jaun\u00e2tre.<\/p>\n","protected":false},"excerpt":{"rendered":"<p>\u201cErable sycomore\u201d. Arbre \u00e0 feuilles caduques \u00e0 grand d\u00e9veloppement et port ample. Les feuilles sont ov\u00e9es \u00e0 5 lobes de couleur vert sombre. Il produit des fleurs de couleur vert jaun\u00e2tre.<\/p>\n","protected":false},"featured_media":381,"template":"","meta":{"_acf_changed":false},"product_brand":[],"product_cat":[8812,9230],"product_tag":[10897,8400],"class_list":{"0":"post-12386","1":"product","2":"type-product","3":"status-publish","4":"has-post-thumbnail","6":"product_cat-arbres-et-arbustes-a-feuilles-caduques","7":"product_cat-arbres-et-plantes-du-futur","8":"product_tag-naturelle","9":"product_tag-tige","10":"pa_altezza-massima-20-metres","11":"pa_altezza-massima-30-metres","12":"pa_colore-fioritura-jaune","13":"pa_condizionamento-clt-fr","14":"pa_condizionamento-motte","15":"pa_famiglia-aceraceae-fr","16":"pa_genere-acer-fr","17":"pa_inquinamento-resistance-a-la-pollution","18":"pa_origine-europe-centrale","19":"pa_periodo-fioritura-avril","20":"pa_periodo-fioritura-mai","21":"pa_portamento-arrondi","22":"pa_resistenza-climatica-tres-elevee","23":"pa_resistenza-del-suolo-resistant-au-sol-humide","24":"pa_resistenza-del-suolo-resistant-aux-sols-calcaires","25":"pa_resistenza-del-suolo-resistant-aux-sols-secs","26":"pa_salinita-resistance-a-la-salinisation","27":"pa_utilizzo-parcs","29":"first","30":"instock","31":"purchasable","32":"product-type-simple"},"acf":[],"_links":{"self":[{"href":"https:\/\/innocentiemangonipiante.it\/fr\/wp-json\/wp\/v2\/product\/12386","targetHints":{"allow":["GET"]}}],"collection":[{"href":"https:\/\/innocentiemangonipiante.it\/fr\/wp-json\/wp\/v2\/product"}],"about":[{"href":"https:\/\/innocentiemangonipiante.it\/fr\/wp-json\/wp\/v2\/types\/product"}],"wp:featuredmedia":[{"embeddable":true,"href":"https:\/\/innocentiemangonipiante.it\/fr\/wp-json\/wp\/v2\/media\/381"}],"wp:attachment":[{"href":"https:\/\/innocentiemangonipiante.it\/fr\/wp-json\/wp\/v2\/media?parent=12386"}],"wp:term":[{"taxonomy":"product_brand","embeddable":true,"href":"https:\/\/innocentiemangonipiante.it\/fr\/wp-json\/wp\/v2\/product_brand?post=12386"},{"taxonomy":"product_cat","embeddable":true,"href":"https:\/\/innocentiemangonipiante.it\/fr\/wp-json\/wp\/v2\/product_cat?post=12386"},{"taxonomy":"product_tag","embeddable":true,"href":"https:\/\/innocentiemangonipiante.it\/fr\/wp-json\/wp\/v2\/product_tag?post=12386"}],"curies":[{"name":"wp","href":"https:\/\/api.w.org\/{rel}","templated":true}]}}