{"id":12388,"date":"2023-11-03T23:21:11","date_gmt":"2023-11-03T22:21:11","guid":{"rendered":"http:\/\/innocentiemangonipiante.it\/actinidia-kolomikta\/"},"modified":"2023-11-06T13:53:35","modified_gmt":"2023-11-06T12:53:35","slug":"actinidia-kolomikta","status":"publish","type":"product","link":"https:\/\/innocentiemangonipiante.it\/fr\/actinidia-kolomikta\/","title":{"rendered":"ACTINIDIA kolomikta"},"content":{"rendered":"<p>Arbuste grimpant, \u00e0 feuilles caduques. Feuilles de couleur vert sombre qui se teintent de blanc et de rose au d\u00e9but de l\u2019\u00e9t\u00e9. Fleurs parfum\u00e9es de couleur blanc cr\u00e8me. Produit de petits fruits comestibles. Pr\u00e9f\u00e8re les terrains riches.<\/p>\n","protected":false},"excerpt":{"rendered":"<p>Arbuste grimpant, \u00e0 feuilles caduques. Feuilles de couleur vert sombre qui se teintent de blanc et de rose au d\u00e9but de l\u2019\u00e9t\u00e9. Fleurs parfum\u00e9es de couleur blanc cr\u00e8me. Produit de petits fruits comestibles. Pr\u00e9f\u00e8re les terrains riches.<\/p>\n","protected":false},"featured_media":515,"template":"","meta":{"_acf_changed":false},"product_brand":[],"product_cat":[8808],"product_tag":[10897],"class_list":{"0":"post-12388","1":"product","2":"type-product","3":"status-publish","4":"has-post-thumbnail","6":"product_cat-fruitiers","7":"product_tag-naturelle","8":"pa_altezza-massima-400-fr","9":"pa_altezza-massima-600-fr","10":"pa_colore-delle-foglie-panachees","11":"pa_colore-fioritura-blanc","12":"pa_condizionamento-clt-fr","13":"pa_famiglia-actinidiaceae-fr","14":"pa_genere-actinidia-fr","15":"pa_origine-asie-orientale","16":"pa_periodo-fioritura-juin","17":"pa_periodo-fioritura-mai","18":"pa_periodo-fruttificazione-octobre","19":"pa_periodo-fruttificazione-septembre","20":"pa_portamento-liane","21":"pa_profumo-intense-fr","22":"pa_resistenza-climatica-moyenne-elevee","23":"pa_resistenza-del-suolo-resistant-aux-sols-calcaires","24":"pa_utilizzo-petits-jardins","26":"first","27":"instock","28":"purchasable","29":"product-type-simple"},"acf":[],"_links":{"self":[{"href":"https:\/\/innocentiemangonipiante.it\/fr\/wp-json\/wp\/v2\/product\/12388","targetHints":{"allow":["GET"]}}],"collection":[{"href":"https:\/\/innocentiemangonipiante.it\/fr\/wp-json\/wp\/v2\/product"}],"about":[{"href":"https:\/\/innocentiemangonipiante.it\/fr\/wp-json\/wp\/v2\/types\/product"}],"wp:featuredmedia":[{"embeddable":true,"href":"https:\/\/innocentiemangonipiante.it\/fr\/wp-json\/wp\/v2\/media\/515"}],"wp:attachment":[{"href":"https:\/\/innocentiemangonipiante.it\/fr\/wp-json\/wp\/v2\/media?parent=12388"}],"wp:term":[{"taxonomy":"product_brand","embeddable":true,"href":"https:\/\/innocentiemangonipiante.it\/fr\/wp-json\/wp\/v2\/product_brand?post=12388"},{"taxonomy":"product_cat","embeddable":true,"href":"https:\/\/innocentiemangonipiante.it\/fr\/wp-json\/wp\/v2\/product_cat?post=12388"},{"taxonomy":"product_tag","embeddable":true,"href":"https:\/\/innocentiemangonipiante.it\/fr\/wp-json\/wp\/v2\/product_tag?post=12388"}],"curies":[{"name":"wp","href":"https:\/\/api.w.org\/{rel}","templated":true}]}}