{"id":12390,"date":"2023-11-03T23:21:24","date_gmt":"2023-11-03T22:21:24","guid":{"rendered":"http:\/\/innocentiemangonipiante.it\/aesculus-hippocastanum-baumannii\/"},"modified":"2023-11-06T13:53:40","modified_gmt":"2023-11-06T12:53:40","slug":"aesculus-hippocastanum-baumannii","status":"publish","type":"product","link":"https:\/\/innocentiemangonipiante.it\/fr\/aesculus-hippocastanum-baumannii\/","title":{"rendered":"AESCULUS hippocastanum &lsquo;Baumannii&rsquo;"},"content":{"rendered":"<p>Arbre \u00e0 feuilles caduques \u00e0 grand d\u00e9veloppement et port ample et r\u00e9gulier. Les feuilles, de 10 \u00e0 20 cm de longueur \u00e0 5-7 lobes sont de couleur vert sombre et prennent des tons de jaune en automne. Il produit des fleurs de couleur blanc pur, doubles et st\u00e9riles. Il exige une exposition au soleil, des sols frais et humides. Il supporte le calcaire.<\/p>\n","protected":false},"excerpt":{"rendered":"<p>Arbre \u00e0 feuilles caduques \u00e0 grand d\u00e9veloppement et port ample et r\u00e9gulier. Les feuilles, de 10 \u00e0 20 cm de longueur \u00e0 5-7 lobes sont de couleur vert sombre et prennent des tons de jaune en automne. Il produit des fleurs de couleur blanc pur, doubles et st\u00e9riles. Il exige une exposition au soleil, des [&hellip;]<\/p>\n","protected":false},"featured_media":522,"template":"","meta":{"_acf_changed":false},"product_brand":[],"product_cat":[8812],"product_tag":[10897,8400],"class_list":{"0":"post-12390","1":"product","2":"type-product","3":"status-publish","4":"has-post-thumbnail","6":"product_cat-arbres-et-arbustes-a-feuilles-caduques","7":"product_tag-naturelle","8":"product_tag-tige","9":"pa_altezza-massima-15-metres","10":"pa_altezza-massima-25-metres","11":"pa_colore-fioritura-blanc","12":"pa_condizionamento-clt-fr","13":"pa_condizionamento-motte","14":"pa_famiglia-hippocastanaceae-fr","15":"pa_genere-aesculus-fr","16":"pa_inquinamento-resistance-a-la-pollution","17":"pa_origine-europe-fr","18":"pa_periodo-fioritura-avril","19":"pa_periodo-fioritura-mai","20":"pa_portamento-arrondi","21":"pa_profumo-intense-fr","22":"pa_resistenza-climatica-tres-elevee","23":"pa_resistenza-del-suolo-resistant-au-sol-humide","24":"pa_resistenza-del-suolo-resistant-aux-sols-calcaires","25":"pa_salinita-resistance-a-la-salinisation","26":"pa_utilizzo-avenues-fr","27":"pa_utilizzo-parcs","29":"first","30":"instock","31":"purchasable","32":"product-type-simple"},"acf":[],"_links":{"self":[{"href":"https:\/\/innocentiemangonipiante.it\/fr\/wp-json\/wp\/v2\/product\/12390","targetHints":{"allow":["GET"]}}],"collection":[{"href":"https:\/\/innocentiemangonipiante.it\/fr\/wp-json\/wp\/v2\/product"}],"about":[{"href":"https:\/\/innocentiemangonipiante.it\/fr\/wp-json\/wp\/v2\/types\/product"}],"wp:featuredmedia":[{"embeddable":true,"href":"https:\/\/innocentiemangonipiante.it\/fr\/wp-json\/wp\/v2\/media\/522"}],"wp:attachment":[{"href":"https:\/\/innocentiemangonipiante.it\/fr\/wp-json\/wp\/v2\/media?parent=12390"}],"wp:term":[{"taxonomy":"product_brand","embeddable":true,"href":"https:\/\/innocentiemangonipiante.it\/fr\/wp-json\/wp\/v2\/product_brand?post=12390"},{"taxonomy":"product_cat","embeddable":true,"href":"https:\/\/innocentiemangonipiante.it\/fr\/wp-json\/wp\/v2\/product_cat?post=12390"},{"taxonomy":"product_tag","embeddable":true,"href":"https:\/\/innocentiemangonipiante.it\/fr\/wp-json\/wp\/v2\/product_tag?post=12390"}],"curies":[{"name":"wp","href":"https:\/\/api.w.org\/{rel}","templated":true}]}}