{"id":12391,"date":"2023-11-03T23:21:48","date_gmt":"2023-11-03T22:21:48","guid":{"rendered":"http:\/\/innocentiemangonipiante.it\/aesculus-x-carnea-briotii\/"},"modified":"2023-11-06T13:53:51","modified_gmt":"2023-11-06T12:53:51","slug":"aesculus-x-carnea-briotii","status":"publish","type":"product","link":"https:\/\/innocentiemangonipiante.it\/fr\/aesculus-x-carnea-briotii\/","title":{"rendered":"AESCULUS x carnea &lsquo;Briotii&rsquo;"},"content":{"rendered":"<p>\u201cMarronier Rouge\u201d. Arbre caduc de taille moyenne \u00e0 grande au port dense et l\u00e9g\u00e8rement pyramidal. Croissance plus lente que C. normal. Les fleurs sont de couleur rouge lumineux en c\u00f4nes \u00e9rig\u00e9s de 20 \u00e0 25 cm s\u2019\u00e9panouissant vers le mi-mai. Feuillage de couleur vert sombre se teignant de jaune en automne.<\/p>\n","protected":false},"excerpt":{"rendered":"<p>\u201cMarronier Rouge\u201d. Arbre caduc de taille moyenne \u00e0 grande au port dense et l\u00e9g\u00e8rement pyramidal. Croissance plus lente que C. normal. Les fleurs sont de couleur rouge lumineux en c\u00f4nes \u00e9rig\u00e9s de 20 \u00e0 25 cm s\u2019\u00e9panouissant vers le mi-mai. Feuillage de couleur vert sombre se teignant de jaune en automne.<\/p>\n","protected":false},"featured_media":540,"template":"","meta":{"_acf_changed":false},"product_brand":[],"product_cat":[8812],"product_tag":[10897,8400],"class_list":{"0":"post-12391","1":"product","2":"type-product","3":"status-publish","4":"has-post-thumbnail","6":"product_cat-arbres-et-arbustes-a-feuilles-caduques","7":"product_tag-naturelle","8":"product_tag-tige","9":"pa_altezza-massima-1000-fr-2","10":"pa_altezza-massima-15-metres","11":"pa_colore-fioritura-rouge","12":"pa_condizionamento-clt-fr","13":"pa_condizionamento-motte","14":"pa_famiglia-hippocastanaceae-fr","15":"pa_genere-aesculus-fr","16":"pa_inquinamento-resistance-a-la-pollution","17":"pa_origine-europe-fr","18":"pa_periodo-fioritura-mai","19":"pa_portamento-piramidale-fr","20":"pa_profumo-intense-fr","21":"pa_resistenza-climatica-tres-elevee","22":"pa_resistenza-del-suolo-resistant-aux-sols-calcaires","23":"pa_resistenza-del-suolo-resistant-aux-sols-secs","24":"pa_salinita-resistance-a-la-salinisation","25":"pa_utilizzo-avenues-fr","26":"pa_utilizzo-parcs","28":"first","29":"instock","30":"purchasable","31":"product-type-simple"},"acf":[],"_links":{"self":[{"href":"https:\/\/innocentiemangonipiante.it\/fr\/wp-json\/wp\/v2\/product\/12391","targetHints":{"allow":["GET"]}}],"collection":[{"href":"https:\/\/innocentiemangonipiante.it\/fr\/wp-json\/wp\/v2\/product"}],"about":[{"href":"https:\/\/innocentiemangonipiante.it\/fr\/wp-json\/wp\/v2\/types\/product"}],"wp:featuredmedia":[{"embeddable":true,"href":"https:\/\/innocentiemangonipiante.it\/fr\/wp-json\/wp\/v2\/media\/540"}],"wp:attachment":[{"href":"https:\/\/innocentiemangonipiante.it\/fr\/wp-json\/wp\/v2\/media?parent=12391"}],"wp:term":[{"taxonomy":"product_brand","embeddable":true,"href":"https:\/\/innocentiemangonipiante.it\/fr\/wp-json\/wp\/v2\/product_brand?post=12391"},{"taxonomy":"product_cat","embeddable":true,"href":"https:\/\/innocentiemangonipiante.it\/fr\/wp-json\/wp\/v2\/product_cat?post=12391"},{"taxonomy":"product_tag","embeddable":true,"href":"https:\/\/innocentiemangonipiante.it\/fr\/wp-json\/wp\/v2\/product_tag?post=12391"}],"curies":[{"name":"wp","href":"https:\/\/api.w.org\/{rel}","templated":true}]}}