{"id":12392,"date":"2023-11-03T23:21:42","date_gmt":"2023-11-03T22:21:42","guid":{"rendered":"http:\/\/innocentiemangonipiante.it\/aesculus-x-carnea\/"},"modified":"2023-11-06T13:53:49","modified_gmt":"2023-11-06T12:53:49","slug":"aesculus-x-carnea","status":"publish","type":"product","link":"https:\/\/innocentiemangonipiante.it\/fr\/aesculus-x-carnea\/","title":{"rendered":"AESCULUS x carnea"},"content":{"rendered":"<p>D\u00e9but-mi \u00e9t\u00e9 il produit des fleurs rouge-ros\u00e9es en \u00e9pis coniques de 20-30 cm de hauteur.<\/p>\n","protected":false},"excerpt":{"rendered":"<p>D\u00e9but-mi \u00e9t\u00e9 il produit des fleurs rouge-ros\u00e9es en \u00e9pis coniques de 20-30 cm de hauteur.<\/p>\n","protected":false},"featured_media":534,"template":"","meta":{"_acf_changed":false},"product_brand":[],"product_cat":[8812],"product_tag":[10897,8400],"class_list":{"0":"post-12392","1":"product","2":"type-product","3":"status-publish","4":"has-post-thumbnail","6":"product_cat-arbres-et-arbustes-a-feuilles-caduques","7":"product_tag-naturelle","8":"product_tag-tige","9":"pa_altezza-massima-1000-fr-2","10":"pa_altezza-massima-15-metres","11":"pa_colore-fioritura-rouge","12":"pa_condizionamento-clt-fr","13":"pa_condizionamento-motte","14":"pa_famiglia-hippocastanaceae-fr","15":"pa_genere-aesculus-fr","16":"pa_inquinamento-resistance-a-la-pollution","17":"pa_origine-europe-fr","18":"pa_periodo-fioritura-juillet","19":"pa_periodo-fioritura-juin","20":"pa_portamento-arrondi","21":"pa_profumo-intense-fr","22":"pa_resistenza-climatica-tres-elevee","23":"pa_resistenza-del-suolo-resistant-aux-sols-calcaires","24":"pa_resistenza-del-suolo-resistant-aux-sols-secs","25":"pa_salinita-resistance-a-la-salinisation","26":"pa_utilizzo-avenues-fr","27":"pa_utilizzo-parcs","29":"first","30":"instock","31":"purchasable","32":"product-type-simple"},"acf":[],"_links":{"self":[{"href":"https:\/\/innocentiemangonipiante.it\/fr\/wp-json\/wp\/v2\/product\/12392","targetHints":{"allow":["GET"]}}],"collection":[{"href":"https:\/\/innocentiemangonipiante.it\/fr\/wp-json\/wp\/v2\/product"}],"about":[{"href":"https:\/\/innocentiemangonipiante.it\/fr\/wp-json\/wp\/v2\/types\/product"}],"wp:featuredmedia":[{"embeddable":true,"href":"https:\/\/innocentiemangonipiante.it\/fr\/wp-json\/wp\/v2\/media\/534"}],"wp:attachment":[{"href":"https:\/\/innocentiemangonipiante.it\/fr\/wp-json\/wp\/v2\/media?parent=12392"}],"wp:term":[{"taxonomy":"product_brand","embeddable":true,"href":"https:\/\/innocentiemangonipiante.it\/fr\/wp-json\/wp\/v2\/product_brand?post=12392"},{"taxonomy":"product_cat","embeddable":true,"href":"https:\/\/innocentiemangonipiante.it\/fr\/wp-json\/wp\/v2\/product_cat?post=12392"},{"taxonomy":"product_tag","embeddable":true,"href":"https:\/\/innocentiemangonipiante.it\/fr\/wp-json\/wp\/v2\/product_tag?post=12392"}],"curies":[{"name":"wp","href":"https:\/\/api.w.org\/{rel}","templated":true}]}}