{"id":12394,"date":"2023-11-03T23:23:25","date_gmt":"2023-11-03T22:23:25","guid":{"rendered":"http:\/\/innocentiemangonipiante.it\/agapanthus-umbellatus-ovatus\/"},"modified":"2023-11-06T13:54:28","modified_gmt":"2023-11-06T12:54:28","slug":"agapanthus-umbellatus-ovatus","status":"publish","type":"product","link":"https:\/\/innocentiemangonipiante.it\/fr\/agapanthus-umbellatus-ovatus\/","title":{"rendered":"AGAPANTHUS umbellatus &lsquo;Ovatus&rsquo;"},"content":{"rendered":"<p>Caract\u00e9ristiques similaires \u00e0 la variet\u00e9 pr\u00e9c\u00e9dente mais avec la floraison bleue.<\/p>\n","protected":false},"excerpt":{"rendered":"<p>Caract\u00e9ristiques similaires \u00e0 la variet\u00e9 pr\u00e9c\u00e9dente mais avec la floraison bleue.<\/p>\n","protected":false},"featured_media":583,"template":"","meta":{"_acf_changed":false},"product_brand":[],"product_cat":[8828,9230],"product_tag":[10897],"class_list":{"0":"post-12394","1":"product","2":"type-product","3":"status-publish","4":"has-post-thumbnail","6":"product_cat-herbes-vivaces","7":"product_cat-arbres-et-plantes-du-futur","8":"product_tag-naturelle","9":"pa_altezza-massima-0_50-metres","10":"pa_altezza-massima-100-fr","11":"pa_colore-fioritura-bleu","12":"pa_condizionamento-clt-fr","13":"pa_condizionamento-vs-fr","14":"pa_famiglia-liliaceae-fr","15":"pa_genere-agapanthus-fr","16":"pa_origine-afrique-du-sud","17":"pa_periodo-fioritura-aout","18":"pa_periodo-fioritura-juillet","19":"pa_periodo-fioritura-septembre","20":"pa_portamento-eretto-fr","21":"pa_resistenza-climatica-plantes-avec-une-faible-resistance-climatique","22":"pa_resistenza-del-suolo-resistant-au-sol-humide","23":"pa_utilizzo-balcons","24":"pa_utilizzo-bordures","25":"pa_utilizzo-parcs","26":"pa_utilizzo-petits-jardins","28":"first","29":"instock","30":"purchasable","31":"product-type-simple"},"acf":[],"_links":{"self":[{"href":"https:\/\/innocentiemangonipiante.it\/fr\/wp-json\/wp\/v2\/product\/12394","targetHints":{"allow":["GET"]}}],"collection":[{"href":"https:\/\/innocentiemangonipiante.it\/fr\/wp-json\/wp\/v2\/product"}],"about":[{"href":"https:\/\/innocentiemangonipiante.it\/fr\/wp-json\/wp\/v2\/types\/product"}],"wp:featuredmedia":[{"embeddable":true,"href":"https:\/\/innocentiemangonipiante.it\/fr\/wp-json\/wp\/v2\/media\/583"}],"wp:attachment":[{"href":"https:\/\/innocentiemangonipiante.it\/fr\/wp-json\/wp\/v2\/media?parent=12394"}],"wp:term":[{"taxonomy":"product_brand","embeddable":true,"href":"https:\/\/innocentiemangonipiante.it\/fr\/wp-json\/wp\/v2\/product_brand?post=12394"},{"taxonomy":"product_cat","embeddable":true,"href":"https:\/\/innocentiemangonipiante.it\/fr\/wp-json\/wp\/v2\/product_cat?post=12394"},{"taxonomy":"product_tag","embeddable":true,"href":"https:\/\/innocentiemangonipiante.it\/fr\/wp-json\/wp\/v2\/product_tag?post=12394"}],"curies":[{"name":"wp","href":"https:\/\/api.w.org\/{rel}","templated":true}]}}