{"id":12396,"date":"2023-11-03T23:23:07","date_gmt":"2023-11-03T22:23:07","guid":{"rendered":"http:\/\/innocentiemangonipiante.it\/agapanthus-praecox-snow-storm\/"},"modified":"2023-11-06T13:54:21","modified_gmt":"2023-11-06T12:54:21","slug":"agapanthus-praecox-snow-storm","status":"publish","type":"product","link":"https:\/\/innocentiemangonipiante.it\/fr\/agapanthus-praecox-snow-storm\/","title":{"rendered":"AGAPANTHUS praecox &lsquo;Snow Storm&rsquo; \u00ae"},"content":{"rendered":"<p>Vari\u00e9t\u00e9 r\u00e9sistante au froid, compacte et tr\u00e8s florif\u00e8re. Fleur blanche du mois de mai pour toute l\u2019\u00e9t\u00e9.<\/p>\n","protected":false},"excerpt":{"rendered":"<p>Vari\u00e9t\u00e9 r\u00e9sistante au froid, compacte et tr\u00e8s florif\u00e8re. Fleur blanche du mois de mai pour toute l\u2019\u00e9t\u00e9.<\/p>\n","protected":false},"featured_media":571,"template":"","meta":{"_acf_changed":false},"product_brand":[],"product_cat":[8828,9230],"product_tag":[10897],"class_list":{"0":"post-12396","1":"product","2":"type-product","3":"status-publish","4":"has-post-thumbnail","6":"product_cat-herbes-vivaces","7":"product_cat-arbres-et-plantes-du-futur","8":"product_tag-naturelle","9":"pa_altezza-massima-0_50-metres","10":"pa_altezza-massima-100-fr","11":"pa_colore-fioritura-blanc","12":"pa_condizionamento-clt-fr","13":"pa_famiglia-liliaceae-fr","14":"pa_genere-agapanthus-fr","15":"pa_origine-australie","16":"pa_periodo-fioritura-aout","17":"pa_periodo-fioritura-juillet","18":"pa_periodo-fioritura-juin","19":"pa_periodo-fioritura-mai","20":"pa_portamento-eretto-fr","21":"pa_resistenza-climatica-moyenne","22":"pa_resistenza-del-suolo-resistant-au-sol-humide","23":"pa_utilizzo-balcons","24":"pa_utilizzo-bordures","25":"pa_utilizzo-parcs","26":"pa_utilizzo-petits-jardins","28":"first","29":"instock","30":"purchasable","31":"product-type-simple"},"acf":[],"_links":{"self":[{"href":"https:\/\/innocentiemangonipiante.it\/fr\/wp-json\/wp\/v2\/product\/12396","targetHints":{"allow":["GET"]}}],"collection":[{"href":"https:\/\/innocentiemangonipiante.it\/fr\/wp-json\/wp\/v2\/product"}],"about":[{"href":"https:\/\/innocentiemangonipiante.it\/fr\/wp-json\/wp\/v2\/types\/product"}],"wp:featuredmedia":[{"embeddable":true,"href":"https:\/\/innocentiemangonipiante.it\/fr\/wp-json\/wp\/v2\/media\/571"}],"wp:attachment":[{"href":"https:\/\/innocentiemangonipiante.it\/fr\/wp-json\/wp\/v2\/media?parent=12396"}],"wp:term":[{"taxonomy":"product_brand","embeddable":true,"href":"https:\/\/innocentiemangonipiante.it\/fr\/wp-json\/wp\/v2\/product_brand?post=12396"},{"taxonomy":"product_cat","embeddable":true,"href":"https:\/\/innocentiemangonipiante.it\/fr\/wp-json\/wp\/v2\/product_cat?post=12396"},{"taxonomy":"product_tag","embeddable":true,"href":"https:\/\/innocentiemangonipiante.it\/fr\/wp-json\/wp\/v2\/product_tag?post=12396"}],"curies":[{"name":"wp","href":"https:\/\/api.w.org\/{rel}","templated":true}]}}